{"id":10154,"date":"2020-11-26T14:46:58","date_gmt":"2020-11-26T11:46:58","guid":{"rendered":"https:\/\/onlinezooshop.md\/?page_id=10154"},"modified":"2020-11-26T14:51:49","modified_gmt":"2020-11-26T11:51:49","slug":"oplata","status":"publish","type":"page","link":"https:\/\/onlinezooshop.md\/ro\/oplata\/","title":{"rendered":"\u041e\u043f\u043b\u0430\u0442\u0430"},"content":{"rendered":"<h4><strong>ACHITARE<\/strong><\/h4>\n\n\n\n<p><strong>Che\u0219&nbsp;<\/strong>curierului companiei<\/p>\n\n\n\n<p><strong>Transfer bancar<\/strong><\/p>\n\n\n\n<p>La plasarea unei comenzi on-line, v\u0103 rug\u0103m s\u0103 indica\u021bi metoda de plat\u0103.<\/p>","protected":false},"excerpt":{"rendered":"<p>\u041e\u041f\u041b\u0410\u0422\u0410 \u041d\u0430\u043b\u0438\u0447\u043d\u044b\u043c\u0438&nbsp;\u043a\u0443\u0440\u044c\u0435\u0440y \u043a\u043e\u043c\u043f\u0430\u043d\u0438\u0438 \u0411\u0430\u043d\u043a\u043e\u0432\u0441\u043a\u0438\u043c \u043f\u0435\u0440\u0435\u0432\u043e\u0434\u043e\u043c \u041f\u0440\u0438 \u043e\u0444\u043e\u0440\u043c\u043b\u0435\u043d\u0438\u0438 \u043e\u043d\u043b\u0430\u0439\u043d \u0437\u0430\u043a\u0430\u0437\u0430, \u0443\u043a\u0430\u0436\u0438\u0442\u0435 \u043f\u043e\u0436\u0430\u043b\u0443\u0439\u0441\u0442\u0430 \u0444\u043e\u0440\u043c\u0443 \u043e\u043f\u043b\u0430\u0442\u044b<\/p>","protected":false},"author":1,"featured_media":0,"parent":0,"menu_order":0,"comment_status":"closed","ping_status":"closed","template":"","meta":[],"_links":{"self":[{"href":"https:\/\/onlinezooshop.md\/ro\/wp-json\/wp\/v2\/pages\/10154"}],"collection":[{"href":"https:\/\/onlinezooshop.md\/ro\/wp-json\/wp\/v2\/pages"}],"about":[{"href":"https:\/\/onlinezooshop.md\/ro\/wp-json\/wp\/v2\/types\/page"}],"author":[{"embeddable":true,"href":"https:\/\/onlinezooshop.md\/ro\/wp-json\/wp\/v2\/users\/1"}],"replies":[{"embeddable":true,"href":"https:\/\/onlinezooshop.md\/ro\/wp-json\/wp\/v2\/comments?post=10154"}],"version-history":[{"count":2,"href":"https:\/\/onlinezooshop.md\/ro\/wp-json\/wp\/v2\/pages\/10154\/revisions"}],"predecessor-version":[{"id":10157,"href":"https:\/\/onlinezooshop.md\/ro\/wp-json\/wp\/v2\/pages\/10154\/revisions\/10157"}],"wp:attachment":[{"href":"https:\/\/onlinezooshop.md\/ro\/wp-json\/wp\/v2\/media?parent=10154"}],"curies":[{"name":"wp","href":"https:\/\/api.w.org\/{rel}","templated":true}]}}