{"id":1629,"date":"2018-07-06T13:15:50","date_gmt":"2018-07-06T10:15:50","guid":{"rendered":"http:\/\/dummy.xtemos.com\/woodmart-elementor\/demos\/?page_id=1629"},"modified":"2022-03-05T12:34:39","modified_gmt":"2022-03-05T09:34:39","slug":"politika-konfidencialnosti","status":"publish","type":"page","link":"https:\/\/onlinezooshop.md\/ro\/politika-konfidencialnosti\/","title":{"rendered":"Politica de confiden\u021bialitate"},"content":{"rendered":"<p><strong>Politica de confiden\u021bialitate a datelor cu caracter personal primite \u0219i prelucrate de magazinul online: onlinezooshop.md<\/strong><\/p>\n\n\n\n<p>Aceast\u0103 Politic\u0103 de confiden\u021bialitate pentru datele cu caracter personal (\u00een continuare - Politica de confiden\u021bialitate) se aplic\u0103 tuturor informa\u021biilor pe care magazinul online\u00a0<strong>onlinezooshopmd<\/strong>\u00a0poate ob\u021bine informa\u021bii despre utilizator \u00een timp ce folose\u0219te site-ul web al magazinului de internet. Magazinul online, utiliz\u00e2nd m\u0103suri tehnice \u0219i organizatorice pentru protec\u021bia datelor, va prelucra datele personale ale Utilizatorului \u00een cantitatea \u0219i modul \u00een care este cerut \u0219i permis de actele normative ale Republicii Moldova. Utilizarea site-ului de c\u0103tre Utilizator \u00eenseamn\u0103 acceptarea Politicii de confiden\u021bialitate \u0219i a condi\u021biilor de prelucrare a datelor personale ale Utilizatorului. \u00cen caz de dezacord cu termenii politicii de confiden\u021bialitate, utilizatorul trebuie s\u0103 \u00eenceteze utilizarea site-ului\u00a0<strong>onlinezooshop.md<\/strong>. Administrarea site-ului nu verific\u0103 \u0219i nu este responsabil\u0103 pentru acurate\u021bea datelor personale furnizate de Utilizator site-ului.<\/p>\n\n\n\n<p><strong>1. SCOPUL POLITICII DE CONFIDEN\u021aIALITATE<\/strong><\/p>\n\n\n\n<p>Prezenta politic\u0103 de confiden\u021bialitate stabile\u0219te obliga\u021biile Administra\u021biei site-ului web al magazinului online pentru nedivulgare \u0219i asigurarea regimului de protejare a confiden\u021bialit\u0103\u021bii datelor cu caracter personal pe care Utilizatorul \u00eel ofer\u0103 la cererea Administra\u021biei site-ului la plasarea unei comenzi pentru achizi\u021bionarea de bunuri. Datele cu caracter personal permise pentru prelucrare \u00een conformitate cu aceast\u0103 Politic\u0103 de confiden\u021bialitate sunt furnizate de Utilizator prin completarea formularului de pe site-ul web \u00een sec\u021biunea \u201eCo\u0219\u201d \u0219i include urm\u0103toarele date:<\/p>\n\n\n\n<p>- Numele \u0219i prenumele utilizatorului<\/p>\n\n\n\n<p>- Num\u0103r de contact al utilizatorului<\/p>\n\n\n\n<p>- Adresa electronic\u0103<\/p>\n\n\n\n<p>- Adresa de livrare a produsului<\/p>\n\n\n\n<p><strong>2. SCOPUL UTILIZ\u0102RII DATELOR PERSONALE ALE UTILIZATORULUI<\/strong><\/p>\n\n\n\n<p>Administrarea site-ului poate utiliza datele personale ale Utilizatorului pentru:<\/p>\n\n\n\n<p>- Stabilirea Utilizatorului care a plasat o comand\u0103 pe site (precum \u0219i \u00eenregistrat pe site la plasarea unei comenzi, dac\u0103 apare op\u021biunea de \u00eenregistrare)<\/p>\n\n\n\n<p>- Determinarea loca\u021biei Utilizatorului, pentru a asigura siguran\u021ba acestuia \u0219i a preveni frauda<\/p>\n\n\n\n<p>- Stabilirea de feedback cu utilizatorul, inclusiv trimiterea de notific\u0103ri, solicit\u0103ri cu privire la utilizarea site-ului web al magazinului online, furnizarea de servicii, procesarea cererilor \u0219i aplica\u021biilor de la utilizator<\/p>\n\n\n\n<p>- Confirmarea exactit\u0103\u021bii \u0219i exhaustivit\u0103\u021bii datelor cu caracter personal furnizate de Utilizator<\/p>\n\n\n\n<p>- Confirmarea informa\u021biilor despre starea comenzii c\u0103tre Utilizator<\/p>\n\n\n\n<p>- Furnizarea Utilizatorului de asisten\u021b\u0103 eficient\u0103 \u00een caz de probleme cu utilizarea site-ului sau livrare<\/p>\n\n\n\n<p>- Furnizarea Utilizatorului cu consim\u021b\u0103m\u00e2ntul s\u0103u, actualiz\u0103ri de produse, oferte speciale, informa\u021bii despre pre\u021buri, buletine informative \u0219i alte informa\u021bii \u00een numele magazinului online.<\/p>\n\n\n\n<p><strong>3. TERMENII \u0218I SCOPURILE PRELUCR\u0102RII INFORMA\u021aIILOR<\/strong><\/p>\n\n\n\n<p>3.1. Prelucrarea datelor cu caracter personal ale Utilizatorului se efectueaz\u0103 f\u0103r\u0103 limit\u0103 de timp \u00een orice mod legal, inclusiv \u00een sistemele de informa\u021bii personale care utilizeaz\u0103 instrumente de automatizare sau f\u0103r\u0103 a utiliza astfel de instrumente.<\/p>\n\n\n\n<p>3.2. Utilizatorul este de acord c\u0103 Administra\u021bia site-ului are dreptul de a transfera date cu caracter personal persoanelor angajate \u00een expedi\u021bia m\u0103rfurilor pentru a livra comanda c\u0103tre utilizator, care a fost procesat\u0103 pe site-ul web al magazinului online.<\/p>\n\n\n\n<p>3.3. Datele personale ale Utilizatorului pot fi transferate autorit\u0103\u021bilor publice autorizate ale Republicii Moldova numai pe baza \u0219i \u00een modul stabilit de legisla\u021bia Republicii Moldova.<\/p>\n\n\n\n<p>3.4. Administrarea site-ului ia m\u0103surile organizatorice \u0219i tehnice necesare pentru a proteja informa\u021biile personale ale Utilizatorului de accesul neautorizat sau accidental, modificarea, distrugerea, copierea, distribuirea, blocarea \u0219i alte ac\u021biuni ilegale ale ter\u021bilor.<\/p>\n\n\n\n<p>3.5. Administra\u021bia site-ului, \u00eempreun\u0103 cu Utilizatorul, se angajeaz\u0103 s\u0103 ia toate m\u0103surile necesare pentru a preveni daunele sau alte consecin\u021be negative cauzate de pierderea sau divulgarea datelor personale ale Utilizatorului. \u00cen cazul pierderii sau divulg\u0103rii datelor cu caracter personal, Administra\u021bia site-ului informeaz\u0103 utilizatorul despre pierderea sau divulgarea datelor cu caracter personal.<\/p>\n\n\n\n<p><strong>4. OBLIGA\u021aIILE P\u0102R\u021aILOR<\/strong><\/p>\n\n\n\n<p>4.1. Utilizatorul este obligat:<\/p>\n\n\n\n<p>- Furniza\u021bi informa\u021bii exacte despre datele personale necesare pentru utilizarea site-ului<\/p>\n\n\n\n<p>- Actualiza\u021bi \u0219i completa\u021bi informa\u021biile furnizate \u00een datele personale \u00een cazul modific\u0103rii acestora<\/p>\n\n\n\n<p>4.2. Administra\u021bia site este obligat\u0103:<\/p>\n\n\n\n<p>- S\u0103 foloseasc\u0103 informa\u021biile primite numai \u00een scopurile stabilite \u00een capitolul 2 din aceast\u0103 politic\u0103 de confiden\u021bialitate<\/p>\n\n\n\n<p>- S\u0103 asigure c\u0103 informa\u021biile confiden\u021biale sunt p\u0103strate secrete, nu sunt dezv\u0103luite f\u0103r\u0103 permisiunea prealabil\u0103 scris\u0103 a Utilizatorului \u0219i, de asemenea, nu vinde\u021bi, nu schimba\u021bi, publica\u021bi sau dezv\u0103lui\u021bi orice alte date personale transmise de Utilizator, cu excep\u021bia paragrafelor specificate. 3.2 \u0219i 3.3 din prezenta politic\u0103 de confiden\u021bialitate<\/p>\n\n\n\n<p>- S\u0103 ia m\u0103suri de precau\u021bie pentru a proteja confiden\u021bialitatea datelor personale ale Utilizatorului<\/p>\n\n\n\n<p>- S\u0103 blocheze datele cu caracter personal legate de Utilizatorul relevant din momentul \u00een care utilizatorul sau reprezentantul s\u0103u legal sau organismul autorizat pentru protec\u021bia drepturilor persoanelor vizate solicit\u0103 sau solicit\u0103 perioada de verificare, \u00een cazul dezv\u0103luirii datelor cu caracter personal inexacte sau a ac\u021biunilor ilegale.<\/p>\n\n\n\n<p><strong>5. R\u0102SPUNDEREA P\u0102R\u021aILOR<\/strong><\/p>\n\n\n\n<p>Administra\u021bia site-ului, care nu \u0219i-a \u00eendeplinit obliga\u021biile, este r\u0103spunz\u0103toare pentru pierderile suferite de Utilizator \u00een leg\u0103tur\u0103 cu utilizarea ilicit\u0103 a datelor cu caracter personal, \u00een conformitate cu legisla\u021bia Republicii Moldova, cu excep\u021bia cazurilor prev\u0103zute la cl. 3.2 \u0219i 3.3 din prezenta politic\u0103 de confiden\u021bialitate. \u00cen cazul pierderii sau dezv\u0103luirii informa\u021biilor confiden\u021biale, Administra\u021bia site-ului nu este responsabil\u0103 dac\u0103 aceste informa\u021bii confiden\u021biale:<\/p>\n\n\n\n<p>- A devenit disponibil publicului \u00eenainte de pierderea sau dezv\u0103luirea acestuia<\/p>\n\n\n\n<p>- Primit de la o ter\u021b\u0103 parte p\u00e2n\u0103 c\u00e2nd este primit de c\u0103tre Administra\u021bia site-ului<\/p>\n\n\n\n<p>- A fost dezv\u0103luit cu acordul utilizatorului.<\/p>\n\n\n\n<p><strong>6. SOLU\u021aIONAREA LITIGIILOR<\/strong><\/p>\n\n\n\n<p>6.1. \u00cenainte de a merge \u00een instan\u021b\u0103 cu o cerere pentru litigii care decurg din rela\u021bia dintre Utilizatorul site-ului web al magazinului online \u0219i Administra\u021bia site-ului, este obligatorie depunerea unei cereri (o propunere scris\u0103 pentru solu\u021bionarea voluntar\u0103 a litigiului).<\/p>\n\n\n\n<p>6.2. Destinatarul cererii de desp\u0103gubire \u00een termen de 30 de zile calendaristice de la data primirii cererii de desp\u0103gubire va notifica solicitantului cererea de desp\u0103gubire \u00een scris cu privire la rezultatele examin\u0103rii cererii de desp\u0103gubire.<\/p>\n\n\n\n<p>6.3. Dac\u0103 nu s-a ajuns la un acord \u00eentre p\u0103r\u021bi, cazul este trimis autorit\u0103\u021bii judiciare spre examinare \u00een conformitate cu legisla\u021bia actual\u0103 a Republicii Moldova.<\/p>\n\n\n\n<p>6.4. Legisla\u021bia actual\u0103 a Republicii Moldova se aplic\u0103 acestei politici de confiden\u021bialitate \u0219i rela\u021biei dintre utilizator \u0219i administra\u021bia site-ului.<\/p>\n\n\n\n<p><strong>7. CONDI\u021aII SUPLIMENTARE<\/strong><\/p>\n\n\n\n<p>Administrarea site-ului are dreptul de a aduce modific\u0103ri acestei politici de confiden\u021bialitate f\u0103r\u0103 consim\u021b\u0103m\u00e2ntul utilizatorului. Noua politic\u0103 de confiden\u021bialitate intr\u0103 \u00een vigoare din momentul \u00een care este postat\u0103 pe site-ul magazinului online, cu excep\u021bia cazului \u00een care se prevede altfel prin noua edi\u021bie a politicii de confiden\u021bialitate.&nbsp;<\/p>","protected":false},"excerpt":{"rendered":"<p>\u041f\u043e\u043b\u0438\u0442\u0438\u043a\u0430 \u043a\u043e\u043d\u0444\u0438\u0434\u0435\u043d\u0446\u0438\u0430\u043b\u044c\u043d\u043e\u0441\u0442\u0438\u00a0\u043f\u0435\u0440\u0441\u043e\u043d\u0430\u043b\u044c\u043d\u044b\u0445 \u0434\u0430\u043d\u043d\u044b\u0445, \u043f\u043e\u043b\u0443\u0447\u0430\u0435\u043c\u044b\u0445 \u0438 \u043e\u0431\u0440\u0430\u0431\u0430\u0442\u044b\u0432\u0430\u0435\u043c\u044b\u0445 \u0438\u043d\u0442\u0435\u0440\u043d\u0435\u0442-\u043c\u0430\u0433\u0430\u0437\u0438\u043d\u043e\u043c: onlinezooshop.md \u041d\u0430\u0441\u0442\u043e\u044f\u0449\u0430\u044f \u041f\u043e\u043b\u0438\u0442\u0438\u043a\u0430 \u043a\u043e\u043d\u0444\u0438\u0434\u0435\u043d\u0446\u0438\u0430\u043b\u044c\u043d\u043e\u0441\u0442\u0438 \u043f\u0435\u0440\u0441\u043e\u043d\u0430\u043b\u044c\u043d\u044b\u0445 \u0434\u0430\u043d\u043d\u044b\u0445 (\u0434\u0430\u043b\u0435\u0435 \u2013 \u041f\u043e\u043b\u0438\u0442\u0438\u043a\u0430 \u043a\u043e\u043d\u0444\u0438\u0434\u0435\u043d\u0446\u0438\u0430\u043b\u044c\u043d\u043e\u0441\u0442\u0438) \u0434\u0435\u0439\u0441\u0442\u0432\u0443\u0435\u0442 \u0432 \u043e\u0442\u043d\u043e\u0448\u0435\u043d\u0438\u0438<\/p>","protected":false},"author":1,"featured_media":0,"parent":0,"menu_order":0,"comment_status":"closed","ping_status":"closed","template":"","meta":[],"_links":{"self":[{"href":"https:\/\/onlinezooshop.md\/ro\/wp-json\/wp\/v2\/pages\/1629"}],"collection":[{"href":"https:\/\/onlinezooshop.md\/ro\/wp-json\/wp\/v2\/pages"}],"about":[{"href":"https:\/\/onlinezooshop.md\/ro\/wp-json\/wp\/v2\/types\/page"}],"author":[{"embeddable":true,"href":"https:\/\/onlinezooshop.md\/ro\/wp-json\/wp\/v2\/users\/1"}],"replies":[{"embeddable":true,"href":"https:\/\/onlinezooshop.md\/ro\/wp-json\/wp\/v2\/comments?post=1629"}],"version-history":[{"count":1,"href":"https:\/\/onlinezooshop.md\/ro\/wp-json\/wp\/v2\/pages\/1629\/revisions"}],"predecessor-version":[{"id":10051,"href":"https:\/\/onlinezooshop.md\/ro\/wp-json\/wp\/v2\/pages\/1629\/revisions\/10051"}],"wp:attachment":[{"href":"https:\/\/onlinezooshop.md\/ro\/wp-json\/wp\/v2\/media?parent=1629"}],"curies":[{"name":"wp","href":"https:\/\/api.w.org\/{rel}","templated":true}]}}