{"id":10006,"date":"2020-11-23T16:50:29","date_gmt":"2020-11-23T13:50:29","guid":{"rendered":"https:\/\/onlinezooshop.md\/?post_type=product&#038;p=10006"},"modified":"2023-09-15T08:43:03","modified_gmt":"2023-09-15T05:43:03","slug":"dog-chow-adult-s-yagnenkom-14-kg","status":"publish","type":"product","link":"https:\/\/onlinezooshop.md\/ro\/magazin\/dog-chow-adult-s-yagnenkom-14-kg\/","title":{"rendered":"Dog Chow Adult cu miel 14kg"},"content":{"rendered":"<div class=\"row justify-content-center s-text6\">\n<div class=\"col-12 m-b-30 col-lg-10\">\n<p>Dog Chow\u00ae este un aliment pentru c\u00e2ini adul\u021bi care con\u021bine toate vitaminele \u0219i mineralele esen\u021biale pentru a men\u021bine oase s\u0103n\u0103toase, niveluri ridicate de proteine \u200b\u200b\u0219i gr\u0103simi pentru a men\u021bine mu\u0219chii puternici. De asemenea, con\u021bine ingrediente naturale selectate \u0219i prebiotice naturale pentru a sprijini s\u0103n\u0103tatea digestiv\u0103 a c\u00e2inelui. Nu con\u021bine coloran\u021bi artificiali, arome sau conservan\u021bi.<\/p>\n<p><img src=\"https:\/\/www.purina-dogchow.ru\/sites\/purina-dogchow.ru\/files\/styles\/nppe_beta_info_icon\/public\/2018-12\/07613034489487_F_03_Dog%20Chow%20Adult%20Medium%20Chicken%2014kg_43844928.png?itok=OMeGciy8\" alt=\"\u041d\u0410\u0422\u0423\u0420\u0410\u041b\u042c\u041d\u041e\u0415 \u0421\u0411\u0410\u041b\u0410\u041d\u0421\u0418\u0420\u041e\u0412\u0410\u041d\u041d\u041e\u0415 \u041f\u0418\u0422\u0410\u041d\u0418\u0415\" \/><\/p>\n<p><strong>HRAN\u0102 NATURAL\u0102 ECHILIBRAT\u0102<\/strong><\/p>\n<p>Hrana echilibrat\u0103 100% natural\u0103 care satisface nevoile c\u00e2inelui dvs. \u00een func\u021bie de v\u00e2rst\u0103, dimensiune \u0219i stilul s\u0103u de via\u021b\u0103. Cu ingrediente naturale. Nu con\u021bine coloran\u021bi artificiali, arome sau conservan\u021bi.<\/p>\n<p><img src=\"https:\/\/www.purina-dogchow.ru\/sites\/purina-dogchow.ru\/files\/styles\/nppe_beta_info_icon\/public\/2018-12\/07613034489487_F_04_Dog%20Chow%20Adult%20Medium%20Chicken%2014kg_43844928.png?itok=j9PvTgP1\" alt=\"\u0417\u0414\u041e\u0420\u041e\u0412\u041e\u0415 \u041f\u0418\u0429\u0415\u0412\u0410\u0420\u0415\u041d\u0418\u0415\" \/><\/p>\n<p><strong>DIGESTIE S\u0102N\u0102TOAS\u0102<\/strong><\/p>\n<p>Complexul Naturium-este o combina\u021bie special\u0103 de fibre naturale \u0219i prebiotice naturale. Granule de diferite forme \u0219i dimensiuni pentru mestecat lent.<\/p>\n<p><img src=\"https:\/\/www.purina-dogchow.ru\/sites\/purina-dogchow.ru\/files\/styles\/nppe_beta_info_icon\/public\/2018-12\/07613034489487_F_06_Dog%20Chow%20Adult%20Medium%20Chicken%2014kg_43844928.png?itok=9WFiWcyQ\" alt=\"\u0421\u0418\u041b\u042c\u041d\u042b\u0415 \u041c\u042b\u0428\u0426\u042b\" \/><\/p>\n<p><strong>MU\u0218CHI PUTERNICI<\/strong><\/p>\n<p>Bogat \u00een proteine \u200b\u200b\u0219i gr\u0103simi pentru cre\u0219terea \u0219i men\u021binerea masei musculare.<\/p>\n<p><img src=\"https:\/\/www.purina-dogchow.ru\/sites\/purina-dogchow.ru\/files\/styles\/nppe_beta_info_icon\/public\/2018-12\/07613034489487_F_05_Dog%20Chow%20Adult%20Medium%20Chicken%2014kg_43844928.png?itok=-c3-3piV\" alt=\"\u0417\u0414\u041e\u0420\u041e\u0412\u0410\u042f \u041a\u041e\u0416\u0410 \u0418 \u0411\u041b\u0415\u0421\u0422\u042f\u0429\u0410\u042f \u0428\u0415\u0420\u0421\u0422\u042c\" \/><\/p>\n<p><strong>PIELE S\u0102N\u0102TOAS\u0102 \u0218I BLAN\u0102 STR\u0102LUCITOARE<\/strong><\/p>\n<p>Cu vitamine, zinc \u0219i acizi gra\u0219i omega-3 \u0219i omega-6 pentru o piele s\u0103n\u0103toas\u0103 \u0219i o blan\u0103 str\u0103lucitoare frumoas\u0103 al c\u00e2inelui.<\/p>\n<p><img src=\"https:\/\/www.purina-dogchow.ru\/sites\/purina-dogchow.ru\/files\/styles\/nppe_beta_info_icon\/public\/2018-12\/07613034489487_F_07_Dog%20Chow%20Adult%20Medium%20Chicken%2014kg_43844928.png?itok=Qtg1Ahbb\" alt=\"\u0417\u0414\u041e\u0420\u041e\u0412\u042b\u0415 \u0417\u0423\u0411\u042b \u0418 \u041a\u041e\u0421\u0422\u0418\" \/><\/p>\n<p><strong>DIN\u021aI \u0218I OASE S\u0102N\u0102TOASE<\/strong><\/p>\n<p>Con\u021bine vitamine \u0219i minerale esen\u021biale pentru a men\u021bine oasele puternice.<\/p>\n<p><strong>Con\u021binut: <\/strong>Cereale (50% cereale integrale), carne \u0219i produsele sale (16% *), extracte de proteine \u200b\u200bvegetale, uleiuri \u0219i gr\u0103simi, materii prime vegetale, legume (1,1% r\u0103d\u0103cin\u0103 de cicoare uscat\u0103, 0,07% morcovi usca\u021bi, 0,07% spanac uscat) , minerale, vitamine, antioxidan\u021bi.<br \/>\nIngrediente naturale.<br \/>\n* Echivalent cu 32% din carne reconstituit\u0103 \u0219i carne procesat\u0103 (minim 4% miel).<\/p>\n<p><strong>SUBSTAN\u021aE AD\u0102UGATE: UI \/ Kg:\u00a0<\/strong>Vitamina A: 21.000, Vitamina D3: 1.200, Vitamina E: 100.\u00a0<strong>Mg\/Kg:\u00a0<\/strong>Fier: 85, Iod: 2,1; Cupru: 9,5; Mangan: 6,5; Zinc: 120,0; Seleniu: 0,21<\/p>\n<p><strong>INDICATORI GARANTA\u021aI:\u00a0<\/strong>Proteine: 25,0%, Gr\u0103simi: 12,0%, Cenu\u0219\u0103 brut\u0103: 8,0%, Fibre brute: 3,0%, Acizi gra\u0219i Omega-3: 0,15%, Acizi gra\u0219i Omega-6: 2,0%.<\/p>\n<p><strong>Recomand\u0103ri pentru hr\u0103nire:\u00a0<\/strong>Pentru a determina rata de hr\u0103nire, consulta\u021bi tabelul. Datele din tabel sunt doar orientative. Regla\u021bi aportul zilnic de hran\u0103 \u00een func\u021bie de nivelul de activitate al c\u00e2inelui, de starea corpului \u0219i de nevoile individuale. C\u00e2inele ar trebui s\u0103 aib\u0103 \u00eentotdeauna acces la ap\u0103 potabil\u0103 curat\u0103 \u0219i proasp\u0103t\u0103. Vizita\u021bi medicul veterinar \u00een mod regulat pentru a monitoriza starea de s\u0103n\u0103tate a animalului de companie. Transfera\u021bi c\u00e2inele dvs. \u00een m\u00e2ncarea Purina\u00ae Dog Chow\u00ae treptat timp de 7 zile.<\/p>\n<\/div>\n<\/div>\n<div class=\"row p-t-30 justify-content-center\">\n<div class=\"col-12 m-b-30 col-lg-10\"><\/div>\n<\/div>","protected":false},"excerpt":{"rendered":"<p><strong>Hran\u0103 Dog Chow Adult pentru c\u00e2inii adul\u021bi cu miel 14 kg- este un aliment complet uscat pentru c\u00e2inii adul\u021bi cu ingrediente naturale selectate \u0219i to\u021bi nutrien\u021bii esen\u021biali<\/strong><\/p>\n<p>&nbsp;<\/p>","protected":false},"featured_media":10007,"template":"","meta":[],"product_cat":[80,113],"product_tag":[],"_links":{"self":[{"href":"https:\/\/onlinezooshop.md\/ro\/wp-json\/wp\/v2\/product\/10006"}],"collection":[{"href":"https:\/\/onlinezooshop.md\/ro\/wp-json\/wp\/v2\/product"}],"about":[{"href":"https:\/\/onlinezooshop.md\/ro\/wp-json\/wp\/v2\/types\/product"}],"wp:featuredmedia":[{"embeddable":true,"href":"https:\/\/onlinezooshop.md\/ro\/wp-json\/wp\/v2\/media\/10007"}],"wp:attachment":[{"href":"https:\/\/onlinezooshop.md\/ro\/wp-json\/wp\/v2\/media?parent=10006"}],"wp:term":[{"taxonomy":"product_cat","embeddable":true,"href":"https:\/\/onlinezooshop.md\/ro\/wp-json\/wp\/v2\/product_cat?post=10006"},{"taxonomy":"product_tag","embeddable":true,"href":"https:\/\/onlinezooshop.md\/ro\/wp-json\/wp\/v2\/product_tag?post=10006"}],"curies":[{"name":"wp","href":"https:\/\/api.w.org\/{rel}","templated":true}]}}