{"id":10010,"date":"2020-11-23T16:57:01","date_gmt":"2020-11-23T13:57:01","guid":{"rendered":"https:\/\/onlinezooshop.md\/?post_type=product&#038;p=10010"},"modified":"2025-12-15T16:16:15","modified_gmt":"2025-12-15T13:16:15","slug":"dog-chow-puppy-s-yagnenkom-2-5kg","status":"publish","type":"product","link":"https:\/\/onlinezooshop.md\/ro\/magazin\/dog-chow-puppy-s-yagnenkom-2-5kg\/","title":{"rendered":"Dog Chow Puppy cu miel 2.5kg"},"content":{"rendered":"<div class=\"row justify-content-center s-text6\">\n<div class=\"col-12 m-b-30 col-lg-10\">\n<p>Hrana pentru pui Dog Chow cu antioxidan\u021bi pentru a sus\u021bine ap\u0103rarea natural\u0103 a corpului \u0219i acidul docosahexaenoic (DHA) pentru un c\u0103\u021bel \u00een cre\u0219tere. De asemenea, con\u021bine ingrediente naturale selectate \u0219i prebiotice naturale pentru a sus\u021bine un sistem digestiv s\u0103n\u0103tos. Nu con\u021bine culori artificiale, arome sau conservan\u021bi.<\/p>\n<p><img src=\"https:\/\/www.purina-dogchow.ru\/sites\/purina-dogchow.ru\/files\/styles\/nppe_beta_info_icon\/public\/2018-10\/07613034945259_F_03_Dog%20Chow%20Puppy%20Medium%20Lamb%2014kg_43845223.png?itok=IjLjWKb7\" alt=\"\u041d\u0410\u0422\u0423\u0420\u0410\u041b\u042c\u041d\u041e\u0415 \u0421\u0411\u0410\u041b\u0410\u041d\u0421\u0418\u0420\u041e\u0412\u0410\u041d\u041d\u041e\u0415 \u041f\u0418\u0422\u0410\u041d\u0418\u0415\" \/><\/p>\n<p><strong>HRAN\u0102 NATURAL\u0102 ECHILIBRAT\u0102<\/strong><\/p>\n<p>Hrana echilibrat\u0103 100% natural\u0103 care satisface nevoile c\u00e2inelui dvs. \u00een func\u021bie de v\u00e2rst\u0103, dimensiune \u0219i stilul s\u0103u de via\u021b\u0103. Cu ingrediente naturale. Nu con\u021bine coloran\u021bi artificiali, arome sau conservan\u021bi.<\/p>\n<p><img src=\"https:\/\/www.purina-dogchow.ru\/sites\/purina-dogchow.ru\/files\/styles\/nppe_beta_info_icon\/public\/2018-10\/07613034945259_F_06_Dog%20Chow%20Puppy%20Medium%20Lamb%2014kg_43845223.png?itok=OaoWS8Nt\" alt=\"\u0417\u0414\u041e\u0420\u041e\u0412\u041e\u0415 \u041f\u0418\u0429\u0415\u0412\u0410\u0420\u0415\u041d\u0418\u0415\" \/><\/p>\n<p><strong>DIGESTIE S\u0102N\u0102TOAS\u0102<\/strong><\/p>\n<p>Complexul Naturium-este o combina\u021bie special\u0103 de fibre naturale \u0219i prebiotice naturale. Granule de diferite forme \u0219i dimensiuni pentru mestecat lent.<\/p>\n<p><img src=\"https:\/\/www.purina-dogchow.ru\/sites\/purina-dogchow.ru\/files\/styles\/nppe_beta_info_icon\/public\/2018-10\/07613034945259_F_05_Dog%20Chow%20Puppy%20Medium%20Lamb%2014kg_43845223.png?itok=QN8zJi-L\" alt=\"\u0417\u0414\u041e\u0420\u041e\u0412\u042b\u0419 \u0418\u041c\u041c\u0423\u041d\u0418\u0422\u0415\u0422\" \/><\/p>\n<p><strong>IMUNITATE S\u0102N\u0102TOAS\u0102<\/strong><\/p>\n<p>Con\u021bine antioxidan\u021bi pentru a sus\u021bine ap\u0103rarea natural\u0103 a corpului.<\/p>\n<p><img src=\"https:\/\/www.purina-dogchow.ru\/sites\/purina-dogchow.ru\/files\/styles\/nppe_beta_info_icon\/public\/2018-10\/07613034945259_F_04_Dog%20Chow%20Puppy%20Medium%20Lamb%2014kg_43845223.png?itok=ePl_xGp-\" alt=\"\u0420\u0410\u0417\u0412\u0418\u0422\u0418\u0415 \u0417\u0420\u0415\u041d\u0418\u042f \u0418 \u041c\u041e\u0417\u0413\u0410\" \/><\/p>\n<p><strong>DEZVOLTAREA VEDERII \u0218I CREIERULUI<\/strong><\/p>\n<p>Con\u021bine acid docosahexaenoic (DHA), care este esen\u021bial pentru un c\u0103\u021belu\u0219 \u00een cre\u0219tere.<\/p>\n<p><img src=\"https:\/\/www.purina-dogchow.ru\/sites\/purina-dogchow.ru\/files\/styles\/nppe_beta_info_icon\/public\/2018-10\/07613034945259_F_07_Dog%20Chow%20Puppy%20Medium%20Lamb%2014kg_43845223.png?itok=doTzMjSc\" alt=\"\u0417\u0414\u041e\u0420\u041e\u0412\u042b\u0415 \u0417\u0423\u0411\u042b \u0418 \u041a\u041e\u0421\u0422\u0418\" \/><\/p>\n<p><strong>DIN\u021aI \u0218I OASE S\u0102N\u0102TOASE<\/strong><\/p>\n<p>Con\u021bine vitamine \u0219i minerale esen\u021biale pentru cre\u0219terea oaselor.<\/p>\n<p><strong>Con\u021binut:<\/strong>Cereale (44% cereale integrale), carne \u0219i produsele sale (16% *), extracte de proteine \u200b\u200bvegetale, uleiuri \u0219i gr\u0103simi, materii prime vegetale, legume (1,1% r\u0103d\u0103cin\u0103 de cicoare uscat\u0103, 0,07% morcovi usca\u021bi, 0,07% spanac uscat) , minerale, vitamine, antioxidan\u021bi.<br \/>\nIngrediente naturale.<br \/>\n* Echivalent cu 32% din carne reconstituit\u0103 \u0219i carne procesat\u0103 (minim 4% miel).<\/p>\n<p><strong>SUBSTAN\u021aE AD\u0102UGATE: UI \/ Kg:\u00a0<\/strong>Vitamina A: 22.600; Vitamina D3: 1.300; Vitamina E: 105;\u00a0<strong>Mg\/Kg:\u00a0<\/strong>Fier: 93 Iod: 2,3; Cupru: 10; Mangan: 7,1; Zinc: 130; Seleniu: 0,22.<\/p>\n<p><strong>INDICATORI GARANTA\u021aI:\u00a0<\/strong>Proteine \u200b\u200b28,0%, Con\u021binut de gr\u0103simi: 14,0%, Cenu\u0219\u0103 brut\u0103 7,5%, Fibre brute 2,5%, Acid docosahexaenoic: 0,05%.<\/p>\n<p><strong>Recomand\u0103ri pentru hr\u0103nire:\u00a0<\/strong>Pentru a determina rata de hr\u0103nire, consulta\u021bi tabelul. Datele din tabel sunt doar orientative. Regla\u021bi aportul zilnic de hran\u0103 \u00een func\u021bie de nivelul de activitate al c\u00e2inelui, de starea corpului \u0219i de nevoile individuale. C\u00e2inele ar trebui s\u0103 aib\u0103 \u00eentotdeauna acces la ap\u0103 potabil\u0103 curat\u0103 \u0219i proasp\u0103t\u0103. Vizita\u021bi medicul veterinar \u00een mod regulat pentru a monitoriza starea de s\u0103n\u0103tate a animalului de companie. Transfera\u021bi c\u00e2inele dvs. \u00een m\u00e2ncarea Purina\u00ae Dog Chow\u00ae treptat timp de 7 zile.<\/p>\n<\/div>\n<\/div>\n<div class=\"row p-t-30 justify-content-center\">\n<div class=\"col-12 m-b-30 col-lg-10\"><\/div>\n<\/div>","protected":false},"excerpt":{"rendered":"<p><strong>Hran\u0103 Dog Chow Puppy pentru c\u0103\u021bei cu miel- este un aliment complet uscat pentru c\u0103\u021bei cu ingrediente naturale selectate \u0219i to\u021bi nutrien\u021bii necesari. <\/strong><\/p>","protected":false},"featured_media":12543,"template":"","meta":[],"product_cat":[80,113],"product_tag":[],"_links":{"self":[{"href":"https:\/\/onlinezooshop.md\/ro\/wp-json\/wp\/v2\/product\/10010"}],"collection":[{"href":"https:\/\/onlinezooshop.md\/ro\/wp-json\/wp\/v2\/product"}],"about":[{"href":"https:\/\/onlinezooshop.md\/ro\/wp-json\/wp\/v2\/types\/product"}],"wp:featuredmedia":[{"embeddable":true,"href":"https:\/\/onlinezooshop.md\/ro\/wp-json\/wp\/v2\/media\/12543"}],"wp:attachment":[{"href":"https:\/\/onlinezooshop.md\/ro\/wp-json\/wp\/v2\/media?parent=10010"}],"wp:term":[{"taxonomy":"product_cat","embeddable":true,"href":"https:\/\/onlinezooshop.md\/ro\/wp-json\/wp\/v2\/product_cat?post=10010"},{"taxonomy":"product_tag","embeddable":true,"href":"https:\/\/onlinezooshop.md\/ro\/wp-json\/wp\/v2\/product_tag?post=10010"}],"curies":[{"name":"wp","href":"https:\/\/api.w.org\/{rel}","templated":true}]}}