{"id":10017,"date":"2020-11-24T13:12:32","date_gmt":"2020-11-24T10:12:32","guid":{"rendered":"https:\/\/onlinezooshop.md\/?post_type=product&#038;p=10017"},"modified":"2022-03-16T11:33:02","modified_gmt":"2022-03-16T08:33:02","slug":"friskies-adult-govyadina-i-kartofel100g20sht","status":"publish","type":"product","link":"https:\/\/onlinezooshop.md\/ro\/magazin\/friskies-adult-govyadina-i-kartofel100g20sht\/","title":{"rendered":"Friskies Adult vit\u0103 \u0219i cartofi, 100gr*20buc."},"content":{"rendered":"<p>C\u00e2inele t\u0103u vesel face toat\u0103 casa fericit\u0103! Asigura\u021bi-v\u0103 c\u0103 este \u00eentotdeauna vesel \u0219i plin de via\u021b\u0103 oferindu-i m\u00e2ncarea potrivit\u0103 la momentul potrivit.<\/p>\n<p>Gama Friskies VitaFit \u2122 este adaptat\u0103 nevoilor specifice ale c\u00e2inelui dvs. \u00een fiecare etap\u0103 a vie\u021bii. Toate re\u021betele de alimente uscate sau umede con\u021bin proteine, vitamine \u0219i minerale de \u00eenalt\u0103 calitate, astfel \u00eenc\u00e2t s\u0103 ave\u021bi garantat\u0103 o diet\u0103 complet\u0103 \u0219i echilibrat\u0103.<\/p>\n<p><b>Con\u021binut:<\/b><\/p>\n<p>Carne \u0219i produse de origine animal\u0103 (din care 4% carne de vit\u0103), cereale, legume (1% cartofi deshidrata\u021bi echivaleaz\u0103 cu 8% cartofi), minerale, zah\u0103r.<\/p>\n<p><b>Aditivi:<\/b><\/p>\n<p><b>Suplimente nutritive:<\/b><\/p>\n<p>UI\/ kg:<\/p>\n<p>Vit. \u0410: 1476;<\/p>\n<p>Vit. D3: 141;<\/p>\n<p>Mg\/kg:<\/p>\n<p>Sulfat feros monohidrat: 10,4;<\/p>\n<p>Iodat de calciu anhidru: 0,39;<\/p>\n<p>Pentahidrat de sulfat de cupru: 1,2;<\/p>\n<p>Sulfat de mangan monohidrat: 1,2;<\/p>\n<p>Sulfat de zinc monohidrat: 19,9;<\/p>\n<p>Selenit de sodiu: 0,013;<\/p>\n<p><b>COMPONENTE ANALITICE:<\/b><\/p>\n<p>Umiditatea: 82,5%<\/p>\n<p>Proteine: 6,5%<\/p>\n<p>Gr\u0103simi: 3%<\/p>\n<p>Cenu\u0219\u0103 brut\u0103: 1,8%<\/p>\n<p>Fibre brute: 0,2%<\/p>\n<p><b>GHID DE ALIMENTARE:<\/b><\/p>\n<p>Aceste valori sunt medii calculate pe baza activit\u0103\u021bii moderate la c\u00e2inii adul\u021bi la temperaturi ambientale normale. Nevoile individuale difer\u0103, iar hr\u0103nirea trebuie ajustat\u0103 \u00een consecin\u021b\u0103.<\/p>\n<p>Apa proasp\u0103t\u0103 \u0219i curat\u0103 trebuie s\u0103 fie \u00eentotdeauna la \u00eendem\u00e2n\u0103.<\/p>\n<p><b>Masa\u00a0 \u00a0 \u00a0 \u00a0 \u00a0 \u00a0 \u00a0 \u00a0 \u00a0 \u00a0 \u00a0 \u00a0 \u00a0 \u00a0 \u00a0 \u00a0 \u00a0 \u00a0 \u00a0 \u00a0 \u00a0 \u00a0 \u00a0 \u00a0 \u00a0 \u00a0 \u00a0 \u00a0 5 \u043a\u0433\u00a0 \u00a0 \u00a0 \u00a0 \u00a0 \u00a0 \u00a0 \u00a0 \u00a0 \u00a0 \u00a0 \u00a0 10 \u043a\u0433\u00a0 \u00a0 \u00a0 \u00a0 \u00a0 \u00a0 \u00a0 \u00a0 \u00a0 \u00a0 \u00a0 \u00a0 \u00a0 \u00a0 \u00a0 \u00a025 \u043a\u0433<\/b><\/p>\n<p><b>Hran\u0103 umed\u0103 pentru pisici<\/b>\u00a0 \u00a0 \u00a0 \u00a0 \u00a0 \u00a0 \u00a0 \u00a0 \u00a0 \u00a0 \u00a0 \u00a0 \u00a0 \u00a0 \u00a0 \u00a0 \u00a05,5\u00a0 \u00a0 \u00a0 \u00a0 \u00a0 \u00a0 \u00a0 \u00a0 \u00a0 \u00a0 \u00a0 \u00a0 \u00a0 \u00a0 \u00a09\u00a0 \u00a0 \u00a0 \u00a0 \u00a0 \u00a0 \u00a0 \u00a0 \u00a0 \u00a0 \u00a0 \u00a0 \u00a0 \u00a0 \u00a0 \u00a0 \u00a0 \u00a0 \u00a016<\/p>\n<p><b>Hran\u0103 umed\u0103+uscat\u0103<\/b>\u00a0 \u00a0 2pachete + 75gr;\u00a0 \u00a0 4pachete + 102gr; \u00a0 \u00a0 7pachete + 197gr<\/p>","protected":false},"excerpt":{"rendered":"<div class=\"description-mini\">\n<p>FRISKIES ADULT - ALIMENTE CONSERVATE COMPLETE PENTRU C\u00c2INI ADUL\u021aI, VIT\u0102 \u0218I CARTOFI \u00ceN SOS.<\/p>\n<\/div>","protected":false},"featured_media":10018,"template":"","meta":[],"product_cat":[80,119],"product_tag":[],"_links":{"self":[{"href":"https:\/\/onlinezooshop.md\/ro\/wp-json\/wp\/v2\/product\/10017"}],"collection":[{"href":"https:\/\/onlinezooshop.md\/ro\/wp-json\/wp\/v2\/product"}],"about":[{"href":"https:\/\/onlinezooshop.md\/ro\/wp-json\/wp\/v2\/types\/product"}],"wp:featuredmedia":[{"embeddable":true,"href":"https:\/\/onlinezooshop.md\/ro\/wp-json\/wp\/v2\/media\/10018"}],"wp:attachment":[{"href":"https:\/\/onlinezooshop.md\/ro\/wp-json\/wp\/v2\/media?parent=10017"}],"wp:term":[{"taxonomy":"product_cat","embeddable":true,"href":"https:\/\/onlinezooshop.md\/ro\/wp-json\/wp\/v2\/product_cat?post=10017"},{"taxonomy":"product_tag","embeddable":true,"href":"https:\/\/onlinezooshop.md\/ro\/wp-json\/wp\/v2\/product_tag?post=10017"}],"curies":[{"name":"wp","href":"https:\/\/api.w.org\/{rel}","templated":true}]}}