{"id":10021,"date":"2020-11-24T13:20:40","date_gmt":"2020-11-24T10:20:40","guid":{"rendered":"https:\/\/onlinezooshop.md\/?post_type=product&#038;p=10021"},"modified":"2022-03-16T11:32:51","modified_gmt":"2022-03-16T08:32:51","slug":"friskies-junior-kurica-i-morkov-100g20sht","status":"publish","type":"product","link":"https:\/\/onlinezooshop.md\/ro\/magazin\/friskies-junior-kurica-i-morkov-100g20sht\/","title":{"rendered":"Friskies Junior pui \u0219i morcov 100gr*20buc."},"content":{"rendered":"<p>C\u00e2inele t\u0103u vesel face toat\u0103 casa fericit\u0103! Asigura\u021bi-v\u0103 c\u0103 este \u00eentotdeauna vesel \u0219i plin de via\u021b\u0103 oferindu-i m\u00e2ncarea potrivit\u0103 la momentul potrivit.<\/p>\n<p>Gama Friskies VitaFit \u2122 este adaptat\u0103 nevoilor specifice ale c\u00e2inelui dvs. \u00een fiecare etap\u0103 a vie\u021bii. Toate re\u021betele de alimente uscate sau umede con\u021bin proteine, vitamine \u0219i minerale de \u00eenalt\u0103 calitate, astfel \u00eenc\u00e2t s\u0103 ave\u021bi garantat\u0103 o diet\u0103 complet\u0103 \u0219i echilibrat\u0103.<\/p>\n<p><b>Con\u021binut:<\/b><\/p>\n<p>Carne \u0219i produse de origine animal\u0103 (din care 4% pui), cereale, pe\u0219te \u0219i produse din pe\u0219te, minerale, legume (0,7% morcovi deshidrata\u021bi, care echivaleaz\u0103 cu 6% morcovi), zah\u0103r.<\/p>\n<p><b>\u041f\u0418\u0429\u0415\u0412\u0410\u042f \u0414\u041e\u0411\u0410\u0412\u041a\u0410:<\/b><\/p>\n<p>UI\/ kg:<\/p>\n<p>Vit. \u0410: 1700;<\/p>\n<p>Vit. D3: 163;<\/p>\n<p>Vit. E: 24;<\/p>\n<p>Mg\/kg:<\/p>\n<p>Sulfat feros monohidrat: 11,7;<\/p>\n<p>Iodat de calciu anhidru: 0,43;<\/p>\n<p>Pentahidrat de sulfat de cupru: 1,3;<\/p>\n<p>Sulfat de mangan monohidrat: 1,4;<\/p>\n<p>Sulfat de zinc monohidrat: 22,4;<\/p>\n<p>Selenit de sodiu: 0,015;<\/p>\n<p><b>COMPONENTE ANALITICE:<\/b><\/p>\n<p>Umiditate: 79%<\/p>\n<p>Proteine: 8,5%<\/p>\n<p>Gr\u0103simi: 4%<\/p>\n<p>Cenu\u0219\u0103 brut\u0103: 2,2%<\/p>\n<p>Fibre brute: 0,3%<\/p>\n<p><b>GHID DE ALIMENTARE:<\/b><\/p>\n<p>Aceste valori sunt medii calculate pe baza activit\u0103\u021bii moderate la pui la temperaturi ambientale normale. Nevoile individuale difer\u0103, iar hr\u0103nirea trebuie ajustat\u0103 \u00een consecin\u021b\u0103. \u00cemp\u0103r\u021bi\u021bi doza zilnic\u0103 \u00een dou\u0103 sau mai multe mese.<\/p>\n<p>Apa proasp\u0103t\u0103 \u0219i curat\u0103 trebuie s\u0103 fie \u00eentotdeauna la \u00eendem\u00e2n\u0103.<\/p>\n<p><b>\u00a0 Greutatea estimat\u0103\u00a0 \u00a0         \u00a0 \u00a01,5-3 luni\u00a0 \u00a04-5 luni\u00a0\u00a0 \u00a06-9 luni\u00a0\u00a0 \u00a09-12 luni\u00a0\u00a0 \u00a012-24 luni\u00a0<\/b><\/p>\n<p><b>c\u00e2ine adult\u00a0\u00a0<\/b><\/p>\n<p><b>\u00a0\u00a0 \u00a0 \u00a0 5 kg\u00a0 \u00a0 \u00a0<\/b>\u00a0 \u00a0 \u00a0 \u00a0 \u00a0 \u00a0 \u00a0 \u00a0 \u00a0 \u00a0 \u00a0 \u00a0 2-4\u00a0 \u00a0 \u00a0 \u00a0 \u00a0 \u00a0 \u00a0 \u00a0 \u00a0 \u00a0 3-5\u00a0 \u00a0 \u00a0 \u00a0 \u00a0 \u00a0 \u00a0 \u00a0 \u00a0 \u00a0 \u00a05\u00a0 \u00a0 \u00a0 \u00a0 \u00a0 \u00a0 \u00a0 \u00a0 \u00a0 \u00a0 Adult\u00a0 \u00a0 \u00a0 \u00a0 \u00a0 \u00a0 \u00a0 \u00a0 \u00a0Adult<\/p>\n<p><b>\u00a0 \u00a0 10 kg<\/b>\u00a0 \u00a0 \u00a0 \u00a0 \u00a0 \u00a0 \u00a0 \u00a0 \u00a0 \u00a0 \u00a0 \u00a0 \u00a0 \u00a0 \u00a03-5\u00a0 \u00a0 \u00a0 \u00a0 \u00a0 \u00a0 \u00a0 \u00a0 \u00a0 \u00a0 5-6\u00a0 \u00a0 \u00a0 \u00a0 \u00a0 \u00a0 \u00a0 \u00a0 \u00a0 \u00a0 \u00a06\u00a0 \u00a0 \u00a0 \u00a0 \u00a0 \u00a0 \u00a0 \u00a0 \u00a0 \u00a0 Adult\u00a0 \u00a0 \u00a0 \u00a0 \u00a0 \u00a0 \u00a0 \u00a0 \u00a0Adult<\/p>\n<p><b>25 kg\u00a0 \u00a0 \u00a0 \u00a0<\/b>\u00a0\u00a0 \u00a0 \u00a0 \u00a0 \u00a0 \u00a0 \u00a0 \u00a0 \u00a0 \u00a0 4-8\u00a0 \u00a0 \u00a0 \u00a0 \u00a0 \u00a0 \u00a0 \u00a0 \u00a0 \u00a0 9-11\u00a0 \u00a0 \u00a0 \u00a0 \u00a0 \u00a0 \u00a0 \u00a0 12-15\u00a0 \u00a0 \u00a0 \u00a0 \u00a0 \u00a0 \u00a0 \u00a0 \u00a0 \u00a015\u00a0 \u00a0 \u00a0 \u00a0 \u00a0 \u00a0 \u00a0 \u00a0 \u00a0 \u00a0Adult<\/p>","protected":false},"excerpt":{"rendered":"<div class=\"description-mini\">\n<p>FRISKIES JUNIOR - ALIMENTE CONSERVATE COMPLETE PENTRU C\u0102\u021aEI, PUI \u0218I MORCOV \u00ceN SOS.<\/p>\n<\/div>","protected":false},"featured_media":10022,"template":"","meta":[],"product_cat":[80,119],"product_tag":[],"_links":{"self":[{"href":"https:\/\/onlinezooshop.md\/ro\/wp-json\/wp\/v2\/product\/10021"}],"collection":[{"href":"https:\/\/onlinezooshop.md\/ro\/wp-json\/wp\/v2\/product"}],"about":[{"href":"https:\/\/onlinezooshop.md\/ro\/wp-json\/wp\/v2\/types\/product"}],"wp:featuredmedia":[{"embeddable":true,"href":"https:\/\/onlinezooshop.md\/ro\/wp-json\/wp\/v2\/media\/10022"}],"wp:attachment":[{"href":"https:\/\/onlinezooshop.md\/ro\/wp-json\/wp\/v2\/media?parent=10021"}],"wp:term":[{"taxonomy":"product_cat","embeddable":true,"href":"https:\/\/onlinezooshop.md\/ro\/wp-json\/wp\/v2\/product_cat?post=10021"},{"taxonomy":"product_tag","embeddable":true,"href":"https:\/\/onlinezooshop.md\/ro\/wp-json\/wp\/v2\/product_tag?post=10021"}],"curies":[{"name":"wp","href":"https:\/\/api.w.org\/{rel}","templated":true}]}}