{"id":10026,"date":"2020-11-24T13:39:13","date_gmt":"2020-11-24T10:39:13","guid":{"rendered":"https:\/\/onlinezooshop.md\/?post_type=product&#038;p=10026"},"modified":"2023-09-15T08:38:31","modified_gmt":"2023-09-15T05:38:31","slug":"friskies-balance-kurica-c-ovoshhami-24kg","status":"publish","type":"product","link":"https:\/\/onlinezooshop.md\/ro\/magazin\/friskies-balance-kurica-c-ovoshhami-24kg\/","title":{"rendered":"Friskies Balance pui cu legume 2,4kg"},"content":{"rendered":"<p>C\u00e2inele t\u0103u vesel face toat\u0103 casa fericit\u0103! Asigura\u021bi-v\u0103 c\u0103 este \u00eentotdeauna vesel \u0219i plin de via\u021b\u0103 oferindu-i m\u00e2ncarea potrivit\u0103 la momentul potrivit.<\/p>\n<p>Gama Friskies VitaFit \u2122 este adaptat\u0103 nevoilor specifice ale c\u00e2inelui dvs. \u00een fiecare etap\u0103 a vie\u021bii. Toate re\u021betele de alimente uscate sau umede con\u021bin proteine, vitamine \u0219i minerale de \u00eenalt\u0103 calitate, astfel \u00eenc\u00e2t s\u0103 ave\u021bi garantat\u0103 o diet\u0103 complet\u0103 \u0219i echilibrat\u0103.<\/p>\n<p><b>Con\u021binut:<\/b><\/p>\n<p>cereale (cereale integrale 58%), carne \u0219i produse de origine animal\u0103 (8% *), produse vegetale, uleiuri \u0219i gr\u0103simi, extracte de proteine \u200b\u200bvegetale, minerale, legume (0,6% legume deshidratate, ceea ce echivaleaz\u0103 cu 4% legume). * echivalent cu 16% din carne \u0219i produse procesate de origine animal\u0103 rehidratat\u0103, cu min. 4% pui.<\/p>\n<p><b>Aditivi:<\/b><\/p>\n<p><b>Suplimente nutritive:<\/b><\/p>\n<p>UI\/ kg:<\/p>\n<p>Vit. \u0410: 19000;<\/p>\n<p>Vit. D3: 1100;<\/p>\n<p>Vit. E: 90;<\/p>\n<p>Mg\/kg:<\/p>\n<p>Sulfat feros monohidrat: 78;<\/p>\n<p>Iodat de calciu anhidru: 1,9;<\/p>\n<p>Pentahidrat de sulfat de cupru: 8,7;<\/p>\n<p>Sulfat de mangan monohidrat: 5,9;<\/p>\n<p>Sulfat de zinc monohidrat: 110;<\/p>\n<p>Selenit de sodiu: 0,19;<\/p>\n<p>Vitamine B: 75;<\/p>\n<p>Coloran\u021bi * \u0219i antioxidan\u021bi. (* f\u0103r\u0103 culori artificiale)<\/p>\n<p><b>COMPONENTE ANALITICE:<\/b><\/p>\n<p>Proteine: 20%<\/p>\n<p>Gr\u0103sime: 10%<\/p>\n<p>Acizi gra\u0219i Omega 6: acid linoleic: 1,7%<\/p>\n<p>Acizi gra\u0219i omega-3: acid linolenic: 0,1%<\/p>\n<p>Cenu\u0219\u0103 brut\u0103: 8%<\/p>\n<p>Fibre brute: 3,5%<\/p>\n<p><b>GHID DE ALIMENTARE:<\/b><\/p>\n<p>Aceste valori sunt medii calculate \u00een func\u021bie de nevoile c\u00e2inilor cu niveluri normale sau crescute de activitate la temperaturi ambientale normale. Nevoile individuale difer\u0103, iar hr\u0103nirea trebuie ajustat\u0103 \u00een consecin\u021b\u0103.<\/p>\n<p>Apa proasp\u0103t\u0103 \u0219i curat\u0103 trebuie s\u0103 fie \u00eentotdeauna la \u00eendem\u00e2n\u0103.<\/p>\n<p><b>\u041c\u0430\u0441\u0441\u0430 \u0442\u0435\u043b\u0430\u00a0 \u00a0 \u041d\u043e\u0440\u043c\u0430\u043b\u044c\u043d\u0430\u044f \u0430\u043a\u0442\u0438\u0432\u043d\u043e\u0441\u0442\u044c\u00a0 \u00a0 \u0421\u0440\u0435\u0434\u043d\u044f\u044f \u0430\u043a\u0442\u0438\u0432\u043d\u043e\u0441\u0442\u044c\u00a0 \u00a0 \u0418\u043d\u0442\u0435\u043d\u0441\u0438\u0432\u043d\u0430\u044f \u0430\u043a\u0442\u0438\u0432\u043d\u043e\u0441\u0442\u044c<\/b><\/p>\n<p><b>\u00a0 \u00a0 \u00a0 \u00a01-5kg<\/b>\u00a0 \u00a0 \u00a0 \u00a0 \u00a0 \u00a0 \u00a0 \u00a0 \u00a0 \u00a0 \u00a0 \u00a0 \u00a0 \u00a040-120 \u0433\u00a0 \u00a0 \u00a0 \u00a0 \u00a0 \u00a0 \u00a0 \u00a0 \u00a0 \u00a0 \u00a0 \u00a0 \u00a0 \u00a0 \u00a0 \u00a0 \u00a0 \u00a0 50-140 \u0433\u00a0 \u00a0 \u00a0 \u00a0 \u00a0 \u00a0 \u00a0 \u00a0 \u00a0 \u00a0 \u00a0 \u00a0 \u00a0 \u00a0 \u00a0 \u00a0 55-160 \u0433<\/p>\n<p><b>\u00a0 \u00a0 \u00a05-10 \u043a\u0433<\/b>\u00a0 \u00a0 \u00a0 \u00a0 \u00a0 \u00a0 \u00a0 \u00a0 \u00a0 \u00a0 \u00a0 \u00a0 120-190 \u0433\u00a0 \u00a0 \u00a0 \u00a0 \u00a0 \u00a0 \u00a0 \u00a0 \u00a0 \u00a0 \u00a0 \u00a0 \u00a0 \u00a0 \u00a0 \u00a0 \u00a0 140-225 \u0433\u00a0 \u00a0 \u00a0 \u00a0 \u00a0 \u00a0 \u00a0 \u00a0 \u00a0 \u00a0 \u00a0 \u00a0 \u00a0 \u00a0 \u00a0 160-255 \u0433<\/p>\n<p><b>\u00a0 \u00a010-25 \u043a\u0433<\/b>\u00a0 \u00a0 \u00a0 \u00a0 \u00a0 \u00a0 \u00a0 \u00a0 \u00a0 \u00a0 \u00a0 \u00a0 190-350 \u0433\u00a0 \u00a0 \u00a0 \u00a0 \u00a0 \u00a0 \u00a0 \u00a0 \u00a0 \u00a0 \u00a0 \u00a0 \u00a0 \u00a0 \u00a0 \u00a0 \u00a0 225-415 \u0433\u00a0 \u00a0 \u00a0 \u00a0 \u00a0 \u00a0 \u00a0 \u00a0 \u00a0 \u00a0 \u00a0 \u00a0 \u00a0 \u00a0 \u00a0 225-470 \u0433<\/p>\n<p><b>\u00a0 \u00a025-45 \u043a\u0433<\/b>\u00a0 \u00a0 \u00a0 \u00a0 \u00a0 \u00a0 \u00a0 \u00a0 \u00a0 \u00a0 \u00a0 \u00a0 350-515 \u0433\u00a0 \u00a0 \u00a0 \u00a0 \u00a0 \u00a0 \u00a0 \u00a0 \u00a0 \u00a0 \u00a0 \u00a0 \u00a0 \u00a0 \u00a0 \u00a0 \u00a0 415-615 \u0433\u00a0 \u00a0 \u00a0 \u00a0 \u00a0 \u00a0 \u00a0 \u00a0 \u00a0 \u00a0 \u00a0 \u00a0 \u00a0 \u00a0 \u00a0 470-700 \u0433<\/p>\n<p><b>\u00a0 \u00a045-70 \u043a\u0433<\/b>\u00a0 \u00a0 \u00a0 \u00a0 \u00a0 \u00a0 \u00a0 \u00a0 \u00a0 \u00a0 \u00a0 \u00a0 515-695 \u0433\u00a0 \u00a0 \u00a0 \u00a0 \u00a0 \u00a0 \u00a0 \u00a0 \u00a0 \u00a0 \u00a0 \u00a0 \u00a0 \u00a0 \u00a0 \u00a0 \u00a0 615-825 \u0433\u00a0 \u00a0 \u00a0 \u00a0 \u00a0 \u00a0 \u00a0 \u00a0 \u00a0 \u00a0 \u00a0 \u00a0 \u00a0 \u00a0 \u00a0 700-940 \u0433<\/p>","protected":false},"excerpt":{"rendered":"<div class=\"woocommerce-product-details__short-description\">\n<div class=\"description-mini\">\n<p>FRISKIES BALANCE - ALIMENTE USCATE COMPLETE PENTRU C\u00c2INII ADUL\u021aI DE TOATE RASELE, PUI CU LEGUME.<\/p>\n<\/div>\n<\/div>","protected":false},"featured_media":10024,"template":"","meta":[],"product_cat":[80,119],"product_tag":[],"_links":{"self":[{"href":"https:\/\/onlinezooshop.md\/ro\/wp-json\/wp\/v2\/product\/10026"}],"collection":[{"href":"https:\/\/onlinezooshop.md\/ro\/wp-json\/wp\/v2\/product"}],"about":[{"href":"https:\/\/onlinezooshop.md\/ro\/wp-json\/wp\/v2\/types\/product"}],"wp:featuredmedia":[{"embeddable":true,"href":"https:\/\/onlinezooshop.md\/ro\/wp-json\/wp\/v2\/media\/10024"}],"wp:attachment":[{"href":"https:\/\/onlinezooshop.md\/ro\/wp-json\/wp\/v2\/media?parent=10026"}],"wp:term":[{"taxonomy":"product_cat","embeddable":true,"href":"https:\/\/onlinezooshop.md\/ro\/wp-json\/wp\/v2\/product_cat?post=10026"},{"taxonomy":"product_tag","embeddable":true,"href":"https:\/\/onlinezooshop.md\/ro\/wp-json\/wp\/v2\/product_tag?post=10026"}],"curies":[{"name":"wp","href":"https:\/\/api.w.org\/{rel}","templated":true}]}}