{"id":10027,"date":"2020-11-24T13:50:32","date_gmt":"2020-11-24T10:50:32","guid":{"rendered":"https:\/\/onlinezooshop.md\/?post_type=product&#038;p=10027"},"modified":"2023-09-15T08:38:24","modified_gmt":"2023-09-15T05:38:24","slug":"friskies-junior-s-kuricej-molokom-ovoshhami-24-kg","status":"publish","type":"product","link":"https:\/\/onlinezooshop.md\/ro\/magazin\/friskies-junior-s-kuricej-molokom-ovoshhami-24-kg\/","title":{"rendered":"Friskies Junior cu pui, lapte, legume, 2,4 kg"},"content":{"rendered":"<p>C\u0103\u021beii au nevoie de mult mai mult\u0103 energie dec\u00e2t c\u00e2inii adul\u021bi pentru a cre\u0219te \u0219i a se bucura. Purina \u00ae Friskies \u00ae Junior este un aliment 100% complet \u0219i echilibrat, cu un con\u021binut ridicat de proteine \u200b\u200b\u0219i cantitatea potrivit\u0103 de vitamine de care puii au nevoie.<br \/>\n* Pentru o cre\u0219tere s\u0103n\u0103toas\u0103<br \/>\n* Pentru oase \u0219i din\u021bi s\u0103n\u0103to\u0219i<\/p>\n<p>Con\u021binut:<br \/>\nCereale (cereale integrale 51%), subproduse din carne \u0219i animale (8% *), extracte din proteine \u200b\u200bvegetale, uleiuri \u0219i gr\u0103simi, subproduse vegetale, zaharuri, minerale, lapte \u0219i subproduse lactate (crochete \u00een form\u0103 de os: 0,7% uscate lapte degresat echivalent cu 4% lapte degresat), legume (crochete \u00een form\u0103 de cub: 0,08% pulbere vegetal\u0103, echivalent cu 0,5% legume).<\/p>\n<p>* Echivalent cu 16% carne rehidratat\u0103 \u0219i subproduse animale, minimum 4% pui<\/p>\n<p>Suplimente nutritive:<br \/>\nUI \/ kg: Vit A: 20.000; Vit D 3: 1160; Vit E: 95;<br \/>\nMg \/ kg: sulfat feros monohidrat: 260; Iodat de calciu anhidru: 3,2; Pentahidrat de sulfat de cupru: 37; Sulfat de mangan monohidrat: 20; Sulfat de zinc monohidrat: 410; Selenit de sodiu: 0,45; Vitamine B: 79.<\/p>\n<p>Con\u021bine coloran\u021bi \u0219i antioxidan\u021bi.<\/p>\n<p>* Componente analitice:<br \/>\nProteine: 25%<br \/>\nGr\u0103simi: 12%<br \/>\nOmega 6: 1,6%<br \/>\nOmega 3: 0,13%<br \/>\nCenu\u0219\u0103: 7,5%<br \/>\nFibre: 2,5%<\/p>\n<p>* Dieta zilnic\u0103 recomandat\u0103 pentru un c\u0103\u021belu\u0219 \u00een cre\u0219tere (g \/ zi)<\/p>\n<p>greutatea adultului pe lun\u0103<\/p>\n<p>De la 1,5 p\u00een\u0103 la 3 luni \/ de la 4 p\u00een\u0103 la 5 luni \/ de la 6 p\u00een\u0103 la 9 luni \/ de la 9 p\u00een\u0103 la 12 luni \/ de la 12 p\u00een\u0103 la 24 luni<\/p>\n<p>De la 1 p\u00een\u0103 la 5kg \/ de la 55 p\u00een\u0103 la 100gr \/ de la 65 p\u00een\u0103 la 80gr \/ de la 65 p\u00een\u0103 la 80gr \/ Adult\/Adult<\/p>\n<p>De la 5 p\u00een\u0103 la 10kg \/ de la 65 p\u00een\u0103 la 130gr \/ de la 95 p\u00een\u0103 la 160gr \/ de la 80 p\u00een\u0103 la 165gr \/ 80 \u2014Adult\/Adult<\/p>\n<p>De la 10 p\u00een\u0103 la 25kg\/ de la 85 p\u00een\u0103 la 220gr \/ de la 135 p\u00een\u0103 la 270gr \/ de la 165 p\u00een\u0103 la 390gr \/ de la 165 p\u00een\u0103 la 405gr \/ Adult<\/p>\n<p>De la 25 p\u00een\u0103 la 45kg\/ de la 110 p\u00een\u0103 la 270gr \/ de la 250 p\u00een\u0103 la 390gr \/ de la 330 p\u00een\u0103 la 665gr \/ de la 390 p\u00een\u0103 la 720gr \/ de la 405 p\u00een\u0103 la 730gr<\/p>\n<p>De la 45 p\u00een\u0103 la 70kg\/ de la 135 p\u00een\u0103 la 460gr \/ de la 310 p\u00een\u0103 la 680gr \/ de la 450 p\u00een\u0103 la 980gr\/ de la 665 p\u00een\u0103 la 1040gr \/ de la 720 p\u00een\u0103 la 1055gr<\/p>\n<p>* Ra\u021bia zilnic\u0103 recomandat\u0103 este pentru un c\u0103\u021belu\u0219 cu activitate moderat\u0103 \u00een condi\u021bii climatice \u0219i de temperatur\u0103 normale. Nevoile nutri\u021bionale pot diferi de la c\u00e2ine la c\u00e2ine, a\u0219a c\u0103 regla\u021bi-v\u0103 dieta \u00een consecin\u021b\u0103.<\/p>\n<p>* L\u0103sa\u021bi \u00eentotdeauna ap\u0103 proasp\u0103t\u0103 \u0219i curat\u0103 la dispozi\u021bia c\u00e2inelui dumneavoastr\u0103.<\/p>\n<p>* Num\u0103rul recomandat de mese pe zi:<br \/>\nPentru c\u0103\u021beii cu v\u00e2rsta sub 3 luni, v\u0103 recomand\u0103m s\u0103 \u00eemp\u0103r\u021bi\u021bi hrana de 3-4 ori prin amestecarea mu\u0219c\u0103turii cu ap\u0103 pentru a mesteca u\u0219or. Dup\u0103 3 luni, reduce\u021bi treptat cantitatea de ap\u0103 din pesmet \u0219i da\u021bi-i de 3 ori pe zi. De la 6 la 18 luni, 2 mese pe zi vor fi suficiente. V\u0103 sf\u0103tuim s\u0103 \u00eei acorda\u021bi c\u0103\u021belu\u0219ului 10-15 minute s\u0103 m\u0103n\u00e2nce. C\u00e2nd a\u021bi terminat, scoate\u021bi vasul pentru a evita supraalimentarea.<\/p>","protected":false},"excerpt":{"rendered":"<p>Acesta este un aliment complet pentru puii de peste 6 s\u0103pt\u0103m\u00e2ni. Aceasta este o re\u021bet\u0103 delicioas\u0103 de pui cu lapte \u0219i legume ad\u0103ugate, precum \u0219i cereale integrale, vitamine B \u0219i acizi gra\u0219i Omega 3 \u0219i 6.<\/p>","protected":false},"featured_media":10028,"template":"","meta":[],"product_cat":[80,119],"product_tag":[],"_links":{"self":[{"href":"https:\/\/onlinezooshop.md\/ro\/wp-json\/wp\/v2\/product\/10027"}],"collection":[{"href":"https:\/\/onlinezooshop.md\/ro\/wp-json\/wp\/v2\/product"}],"about":[{"href":"https:\/\/onlinezooshop.md\/ro\/wp-json\/wp\/v2\/types\/product"}],"wp:featuredmedia":[{"embeddable":true,"href":"https:\/\/onlinezooshop.md\/ro\/wp-json\/wp\/v2\/media\/10028"}],"wp:attachment":[{"href":"https:\/\/onlinezooshop.md\/ro\/wp-json\/wp\/v2\/media?parent=10027"}],"wp:term":[{"taxonomy":"product_cat","embeddable":true,"href":"https:\/\/onlinezooshop.md\/ro\/wp-json\/wp\/v2\/product_cat?post=10027"},{"taxonomy":"product_tag","embeddable":true,"href":"https:\/\/onlinezooshop.md\/ro\/wp-json\/wp\/v2\/product_tag?post=10027"}],"curies":[{"name":"wp","href":"https:\/\/api.w.org\/{rel}","templated":true}]}}