{"id":10031,"date":"2020-11-24T14:39:49","date_gmt":"2020-11-24T11:39:49","guid":{"rendered":"https:\/\/onlinezooshop.md\/?post_type=product&#038;p=10031"},"modified":"2023-09-15T08:50:23","modified_gmt":"2023-09-15T05:50:23","slug":"proplan-puppy-small-mini-s-kuricej-3kg","status":"publish","type":"product","link":"https:\/\/onlinezooshop.md\/ro\/magazin\/proplan-puppy-small-mini-s-kuricej-3kg\/","title":{"rendered":"ProPlan Puppy Small &amp; Mini cu pui 3kg"},"content":{"rendered":"<div class=\"row justify-content-center s-text6\">\n<div class=\"col-12 m-b-30 col-lg-10\">\n<p>Primul an din via\u021ba c\u00e2inelui dvs. (sau doi ani pentru puii de ras\u0103 mare) este esen\u021bial pentru s\u0103n\u0103tatea sa viitoare. Pentru a ajuta la \u00eent\u0103rirea ap\u0103r\u0103rii naturale a puiilor la \u00eenceputul vie\u021bii, medicii veterinari \u0219i nutri\u021bioni\u0219tii Purina\u00ae au dezvoltat Purina\u00ae PRO PLAN\u00ae Puppy cu complexul OPTISTART\u00ae.<\/p>\n<p>Complexul OPTISTART\u00ae, care con\u021bine ingredientul special Colostrum, laptele primar al mamei, bogat \u00een anticorpi naturali, ajut\u0103 la \u00eent\u0103rirea ap\u0103r\u0103rii naturale a puilor pentru a combate problemele zilnice.<\/p>\n<p>M\u00e2ncare uscat\u0103 complet\u0103 pentru pui de ras\u0103 mic\u0103 \u0219i pitic\u0103 Purina\u00ae PRO PLAN\u00ae Small &amp; Mini Puppy cu complex OPTISTART\u00ae, cu pui \u0219i orez.<\/p>\n<p><strong>Caracteristici nutri\u021bionale:<\/strong><\/p>\n<p><strong>\u00cent\u0103re\u0219te imunitatea c\u0103\u021belului<\/strong><\/p>\n<p>Colostrul inclus \u00een compozi\u021bie con\u021bine o cantitate mare de anticorpi naturali \u0219i componente bioactive.<\/p>\n<p><strong>Reduce riscul de a dezvolta infec\u021bii intestinale<\/strong><\/p>\n<p>Ad\u0103ugarea de colostru normalizeaz\u0103 sistemul digestiv \u0219i \u00eembun\u0103t\u0103\u021be\u0219te parametrii microflorei intestinale.<\/p>\n<p><strong>Sprijin\u0103 dezvoltarea optim\u0103 a creierului \u0219i a vederii<\/strong><\/p>\n<p>Con\u021bine acidul esen\u021bial omega-3 DHA, derivat din ulei de pe\u0219te foarte digerabil.<\/p>\n<p><strong>Ingrediente:<\/strong><\/p>\n<p>Pui (20%), gr\u00e2u, proteine \u200b\u200buscate de pas\u0103re, gr\u0103simi animale, orez (7%), gluten de porumb, gluten de gr\u00e2u, aditiv furajer pentru porumb, porumb, past\u0103 de sfecl\u0103 uscat\u0103, materiale vegetale prelucrate, minerale, praf de ou, ulei de pe\u0219te , conservan\u021bi, vitamine, colostru (0,1%), antioxidan\u021bi (tocoferoli de origine natural\u0103).<\/p>\n<p><strong>Substan\u021be ad\u0103ugate:\u00a0<\/strong><\/p>\n<p>Vitamina A - 34.000 UI \/ kg, Vitamina D3 - 1.100 UI \/ kg, Vitamine E - 200 UI \/ kg, Vitamina C - 120 mg \/ kg, Fier - 82 mg \/ kg, Iod - 2,1 mg \/ kg, Cupru - 12 mg \/ kg, Mangan - 38 mg \/ kg, Zinc - 150 Seleniu - 0,13 mg \/ kg.<\/p>\n<p><strong>Indicatori garanta\u021bi:\u00a0<\/strong><\/p>\n<p>Proteine \u200b\u200b32%, Gr\u0103simi 21%, Cenu\u0219\u0103 brut\u0103 7,5%, Fibre brute 2%.<\/p>\n<p><strong>Recomand\u0103ri pentru hr\u0103nire:<\/strong><\/p>\n<p>De la 3 la 6 s\u0103pt\u0103m\u00e2ni \u00eencepe\u021bi s\u0103 oferi\u021bi m\u00e2ncare \u00eembibat\u0103 PRO PLAN\u00ae de 3-4 ori pe zi. Dup\u0103 \u00eencetarea complet\u0103 a al\u0103pt\u0103rii, hr\u0103ni\u021bi conform tabelului. La v\u00e2rsta de 3 luni, reduce\u021bi treptat cantitatea de ap\u0103 ad\u0103ugat\u0103 pentru a macera furajul. Men\u021binerea greut\u0103\u021bii corporale optime este foarte important\u0103 pentru s\u0103n\u0103tatea c\u0103\u021belu\u0219ului. ADR poate varia \u00een func\u021bie de nivelul de activitate, caracteristicile fizice \u0219i nevoile individuale ale catelului dvs. Asigura\u021bi-v\u0103 c\u0103 c\u00e2inele dvs. are \u00eentotdeauna ap\u0103 potabil\u0103 curat\u0103 \u0219i proasp\u0103t\u0103. Pentru a monitoriza s\u0103n\u0103tatea c\u00e2inelui dvs., vizita\u021bi medicul veterinar \u00een mod regulat.<\/p>\n<p><strong>Conditii de depozitare:<\/strong><\/p>\n<p>A se p\u0103stra \u00eentr-un loc r\u0103coros \u0219i uscat.<\/p>\n<\/div>\n<\/div>\n<div class=\"row p-t-30 justify-content-center\">\n<div class=\"col-12 m-b-30 col-lg-10\"><\/div>\n<\/div>","protected":false},"excerpt":{"rendered":"<p>Pro Plan Optistart\u00a0\u00abPuppy Small &amp; Mini\u00bb pentru c\u0103\u021belu\u0219i mici \u0219i rase pitice, cu pui<\/p>","protected":false},"featured_media":10209,"template":"","meta":[],"product_cat":[80,120],"product_tag":[],"_links":{"self":[{"href":"https:\/\/onlinezooshop.md\/ro\/wp-json\/wp\/v2\/product\/10031"}],"collection":[{"href":"https:\/\/onlinezooshop.md\/ro\/wp-json\/wp\/v2\/product"}],"about":[{"href":"https:\/\/onlinezooshop.md\/ro\/wp-json\/wp\/v2\/types\/product"}],"wp:featuredmedia":[{"embeddable":true,"href":"https:\/\/onlinezooshop.md\/ro\/wp-json\/wp\/v2\/media\/10209"}],"wp:attachment":[{"href":"https:\/\/onlinezooshop.md\/ro\/wp-json\/wp\/v2\/media?parent=10031"}],"wp:term":[{"taxonomy":"product_cat","embeddable":true,"href":"https:\/\/onlinezooshop.md\/ro\/wp-json\/wp\/v2\/product_cat?post=10031"},{"taxonomy":"product_tag","embeddable":true,"href":"https:\/\/onlinezooshop.md\/ro\/wp-json\/wp\/v2\/product_tag?post=10031"}],"curies":[{"name":"wp","href":"https:\/\/api.w.org\/{rel}","templated":true}]}}