{"id":10035,"date":"2020-11-24T14:54:14","date_gmt":"2020-11-24T11:54:14","guid":{"rendered":"https:\/\/onlinezooshop.md\/?post_type=product&#038;p=10035"},"modified":"2025-12-15T16:17:38","modified_gmt":"2025-12-15T13:17:38","slug":"pro-plan-small-mini-adult-sensitive-skin-s-kuricej-7kg","status":"publish","type":"product","link":"https:\/\/onlinezooshop.md\/ro\/magazin\/pro-plan-small-mini-adult-sensitive-skin-s-kuricej-7kg\/","title":{"rendered":"Pro Plan Small &amp; Mini Adult Sensitive Skin cu pui 7kg"},"content":{"rendered":"<p>Dezvoltat de medicii no\u0219tri veterinari \u0219i nutri\u021bioni\u0219ti<strong>\u00a0Pro Plan Small &amp; Mini Adult Sensitive Skin<\/strong>\u00a0cu complexul\u00a0<strong>OPTIDERMA\u00ae<\/strong>\u00a0ofer\u0103 o nutri\u021bie \u00eembun\u0103t\u0103\u021bit\u0103 care sus\u021bine pielea sensibil\u0103 a c\u00e2inilor adul\u021bi. Este demonstrat c\u0103\u00a0<strong>OPTIDERMA\u00ae<\/strong>\u00a0con\u021bine o combina\u021bie special\u0103 de substan\u021be nutritive care sus\u021bin pielea s\u0103n\u0103toas\u0103 \u0219i un strat frumos, \u00een timp ce sursele de proteine \u200b\u200bselectate ajut\u0103 la reducerea posibilelor reac\u021bii cutanate asociate cu sensibilit\u0103\u021bile alimentare.<\/p>\n<p>Hrana uscat\u0103 complet\u0103 pentru c\u00e2inii adul\u021bi de rase mici \u0219i pitice cu piele sensibil\u0103\u00a0<strong>Purina\u00ae PRO PLAN\u00ae Small &amp;\u00a0Mini Adult Sensitive Skin<\/strong>\u00a0cu complexul\u00a0<strong>OPTIDERMA\u00ae<\/strong>, cu somon \u0219i orez.<\/p>\n<ul>\n<li>Surse de proteine \u200b\u200bselectate pentru c\u00e2inii cu piele sensibil\u0103<\/li>\n<li>O combina\u021bie de substan\u021be nutritive esen\u021biale pentru a sprijini s\u0103n\u0103tatea articula\u021biilor c\u00e2inelui cu un stil de via\u021b\u0103 activ<\/li>\n<li>Dovedit clinic: Men\u021bine pielea s\u0103n\u0103toas\u0103<\/li>\n<li>Con\u021bine proteine \u200b\u200bde pui de \u00eenalt\u0103 calitate<\/li>\n<\/ul>\n<p><strong>Ingrediente<\/strong>: Pui (14%), orez (14%), praf de proteine \u200b\u200bde pui, gluten de porumb, f\u0103in\u0103 de porumb, amidon de porumb, gr\u0103sime animal\u0103, porumb, produse vegetale, praf de ou\u0103, pulp\u0103 de sfecl\u0103 uscat\u0103, minerale, r\u0103d\u0103cin\u0103 de cicoare uscat\u0103, ulei de pe\u0219te, aditiv alimentar aromatizant, drojdie, ulei de soia, vitamine, antioxidan\u021bi.<\/p>\n<p><strong>Substan\u021be ad\u0103ugate:<\/strong><br \/>\n<strong>UI \/ kg<\/strong>: vitamina A: 30.000, vitamina D3: 975, vitamina E: 550,<strong>\u041c\u0433\/\u043a\u0433<\/strong>: \u0432\u0438\u0442\u0430\u043c\u0438\u043d C: 140; \u0436\u0435\u043b\u0435\u0437\u043e: 295; \u0439\u043e\u0434:3,7; \u043c\u0435\u0434\u044c: 55 \u043c\u0430\u0440\u0433\u0430\u043d\u0435\u0446: 140; \u0446\u0438\u043d\u043a: 500; \u0441\u0435\u043b\u0435\u043d: 0,30<\/p>\n<p><strong>Analiz\u0103 garantat\u0103:\u00a0<\/strong>proteine \u200b\u200b27%, gr\u0103simi 17%, fibre brute 2,5%, cenu\u0219\u0103 brut\u0103 7%.<\/p>\n<p><strong>Norma zilnic\u0103 recomandat\u0103 (gr\/ zi)<\/strong><\/p>\n<table width=\"100%\">\n<tbody>\n<tr>\n<td width=\"26%\"><strong>Masa rasei<span class=\"Apple-converted-space\">\u00a0<\/span><br \/>\n(kg)<\/strong><\/td>\n<td width=\"57%\"><strong>Activitatea (ore\/zi)<\/strong><\/td>\n<td width=\"17%\"><\/td>\n<\/tr>\n<tr>\n<td width=\"26%\"><\/td>\n<td width=\"57%\"><strong><br \/>\n1<\/strong><\/td>\n<td width=\"17%\"><strong>1-3<\/strong><\/td>\n<\/tr>\n<tr>\n<td width=\"26%\"><strong>1-5<\/strong><\/td>\n<td width=\"57%\">40-110<\/td>\n<td width=\"17%\">45-125<\/td>\n<\/tr>\n<tr>\n<td width=\"26%\"><strong>5-10<\/strong><\/td>\n<td width=\"57%\">110-175<\/td>\n<td width=\"17%\">125-200<\/td>\n<\/tr>\n<\/tbody>\n<\/table>","protected":false},"excerpt":{"rendered":"<p class=\"product-view-title\">Pro Plan Small &amp; Mini Adult Sensitive Skin pentru c\u00e2inii adul\u021bi de rase mici \u0219i pitice cu piele sensibil\u0103, cu pui<\/p>","protected":false},"featured_media":12544,"template":"","meta":[],"product_cat":[80,120],"product_tag":[],"_links":{"self":[{"href":"https:\/\/onlinezooshop.md\/ro\/wp-json\/wp\/v2\/product\/10035"}],"collection":[{"href":"https:\/\/onlinezooshop.md\/ro\/wp-json\/wp\/v2\/product"}],"about":[{"href":"https:\/\/onlinezooshop.md\/ro\/wp-json\/wp\/v2\/types\/product"}],"wp:featuredmedia":[{"embeddable":true,"href":"https:\/\/onlinezooshop.md\/ro\/wp-json\/wp\/v2\/media\/12544"}],"wp:attachment":[{"href":"https:\/\/onlinezooshop.md\/ro\/wp-json\/wp\/v2\/media?parent=10035"}],"wp:term":[{"taxonomy":"product_cat","embeddable":true,"href":"https:\/\/onlinezooshop.md\/ro\/wp-json\/wp\/v2\/product_cat?post=10035"},{"taxonomy":"product_tag","embeddable":true,"href":"https:\/\/onlinezooshop.md\/ro\/wp-json\/wp\/v2\/product_tag?post=10035"}],"curies":[{"name":"wp","href":"https:\/\/api.w.org\/{rel}","templated":true}]}}