{"id":10038,"date":"2020-11-24T15:04:16","date_gmt":"2020-11-24T12:04:16","guid":{"rendered":"https:\/\/onlinezooshop.md\/?post_type=product&#038;p=10038"},"modified":"2023-09-15T08:47:59","modified_gmt":"2023-09-15T05:47:59","slug":"pro-plan-medium-adult-s-kuricej-18kg","status":"publish","type":"product","link":"https:\/\/onlinezooshop.md\/ro\/magazin\/pro-plan-medium-adult-s-kuricej-18kg\/","title":{"rendered":"Pro Plan Medium Adult cu pui 18kg"},"content":{"rendered":"<p><strong>Caracteristici nutri\u021bionale:<\/strong><\/p>\n<p>* Substan\u021be nutritive foarte absorbabile pentru a satisface nevoile c\u00e2inelui<\/p>\n<p>* Combina\u021bie special\u0103 de ingrediente pentru din\u021bi \u0219i gingii s\u0103n\u0103toase<\/p>\n<p>* O combina\u021bie de substan\u021be nutritive esen\u021biale care ajut\u0103 la men\u021binerea s\u0103n\u0103t\u0103\u021bii articula\u021biilor c\u00e2inelui cu un stil de via\u021b\u0103 activ ajut\u0103 la men\u021binerea bl\u0103nii str\u0103lucitoare.<\/p>\n<p>* Con\u021bine buc\u0103\u021bi de carne de pui de \u00eenalt\u0103 calitate<\/p>\n<p><strong>Ingrediente:<\/strong> Praf de proteine \u200b\u200bdin carne de pas\u0103re, gr\u00e2u, porumb, pui (14%), gr\u0103sime animal\u0103, pulp\u0103 uscat\u0103 de sfecl\u0103, orez (4%), aditiv pentru hrana pentru animale, gluten, f\u0103in\u0103 de porumb, produse din plante, minerale, ulei de pe\u0219te, vitamine, antioxidan\u021bi.<\/p>\n<p><strong>Ghid de hr\u0103nire:<\/strong><\/p>\n<p><strong>\u00cen timpul sarcinii \u0219i a al\u0103pt\u0103rii:<\/strong> \u00a0consulta\u021bi veterinarul<\/p>\n<p><strong>\u00cen perioada de cre\u0219tere:<\/strong> \u00a0Utiliza\u021bi graficul pentru a determina consumul zilnic de hran\u0103 al c\u00e2inelui.<\/p>\n<p>Aceste recomand\u0103ri sunt  pentru a v\u0103 men\u021bine c\u00e2inele \u00eentr-o stare fizic\u0103 optim\u0103. Varia\u021bi rata zilnic\u0103 de hr\u0103nire \u00een func\u021bie de nivelul de activitate al c\u00e2inelui, caracteristicile fizice \u0219i nevoile individuale. Asigura\u021bi-v\u0103 c\u0103 c\u00e2inele dvs. are \u00eentotdeauna ap\u0103 potabil\u0103 curat\u0103 \u0219i proasp\u0103t\u0103. Pentru a monitoriza s\u0103n\u0103tatea c\u00e2inelui dvs., vizita\u021bi medicul veterinar \u00een mod regulat.<\/p>","protected":false},"excerpt":{"rendered":"<p class=\"product-view-title\">Pro Plan Medium Adult pentru c\u00e2inii adul\u021bi de rase medii, cu pui<\/p>","protected":false},"featured_media":10205,"template":"","meta":[],"product_cat":[80,120],"product_tag":[],"_links":{"self":[{"href":"https:\/\/onlinezooshop.md\/ro\/wp-json\/wp\/v2\/product\/10038"}],"collection":[{"href":"https:\/\/onlinezooshop.md\/ro\/wp-json\/wp\/v2\/product"}],"about":[{"href":"https:\/\/onlinezooshop.md\/ro\/wp-json\/wp\/v2\/types\/product"}],"wp:featuredmedia":[{"embeddable":true,"href":"https:\/\/onlinezooshop.md\/ro\/wp-json\/wp\/v2\/media\/10205"}],"wp:attachment":[{"href":"https:\/\/onlinezooshop.md\/ro\/wp-json\/wp\/v2\/media?parent=10038"}],"wp:term":[{"taxonomy":"product_cat","embeddable":true,"href":"https:\/\/onlinezooshop.md\/ro\/wp-json\/wp\/v2\/product_cat?post=10038"},{"taxonomy":"product_tag","embeddable":true,"href":"https:\/\/onlinezooshop.md\/ro\/wp-json\/wp\/v2\/product_tag?post=10038"}],"curies":[{"name":"wp","href":"https:\/\/api.w.org\/{rel}","templated":true}]}}