{"id":10043,"date":"2020-11-24T15:24:24","date_gmt":"2020-11-24T12:24:24","guid":{"rendered":"https:\/\/onlinezooshop.md\/?post_type=product&#038;p=10043"},"modified":"2023-09-15T08:41:23","modified_gmt":"2023-09-15T05:41:23","slug":"darling-dog-govyadina-i-ovoshhi-3kg","status":"publish","type":"product","link":"https:\/\/onlinezooshop.md\/ro\/magazin\/darling-dog-govyadina-i-ovoshhi-3kg\/","title":{"rendered":"Darling Dog carne \u0219i legume 3kg"},"content":{"rendered":"<p>M\u00e2ncarea con\u021bine to\u021bi nutrien\u021bii esen\u021biali:<\/p>\n<ul class=\"bullets\">\n<li>proteine \u200b\u200b- pentru s\u0103n\u0103tatea sistemului muscular;<\/li>\n<li>fibra - pentru o buna digestie;<\/li>\n<li>gr\u0103simi \u0219i uleiuri - pentru stratul str\u0103lucitor;<\/li>\n<li>vitamine \u0219i minerale ca parte esen\u021bial\u0103 a unei diete echilibrate.<\/li>\n<\/ul>\n<p><strong>Ingrediente:\u00a0<\/strong>Cereale, carne \u0219i organe (minimum 4% carne \u00een granule ro\u0219u \u00eenchis, portocaliu \u0219i verde), uleiuri \u0219i gr\u0103simi, minerale \u0219i legume (0,5% morcovi \u0219i 0,5% maz\u0103re \u00een ro\u0219u \u00eenchis, portocaliu \u0219i verde granule).<\/p>\n<p><strong>Substan\u021be ad\u0103ugate:<\/strong>mg \/ kg: fier: 32; iod: 1,6; cupru: 7,0; mangan: 4,5; zinc: 115; seleniu: 0,12; UI \/ kg: vitamina A: 9 510; vitamina D3: 640. Con\u021bine coloran\u021bi, antioxidan\u021bi \u0219i conservan\u021bi.<\/p>\n<p><strong>Indicatori garanta\u021bi:<\/strong>proteine \u200b\u200b17,0%, gr\u0103simi 7,0%, cenu\u0219\u0103 brut\u0103 8,0%, fibre brute 2,0%.<\/p>\n<p>Norma zilnic\u0103 recomandat\u0103 poate varia \u00een func\u021bie de mediu, nivelul de activitate \u0219i starea corpului animalului. Asigura\u021bi-v\u0103 c\u0103 c\u00e2inele dvs. are \u00eentotdeauna ap\u0103 potabil\u0103 curat\u0103 \u0219i proasp\u0103t\u0103.<\/p>\n<p><strong>Norma zilnic\u0103 recomandat\u0103 de hr\u0103nire, gr\/zi:<\/strong><\/p>\n<p>Masa c\u00eeinelui\/ gr \u00een zi:<\/p>\n<p>1-5 kg = 35 &#8212; 115 g<\/p>\n<p>5-10 kg = 115 &#8212; 190 g<\/p>\n<p>10-25 kg = 190 &#8212; 390 g<\/p>\n<p>25-45 kg = 390 &#8212; 600 g<\/p>\n<p>45-70 kg = 600 &#8212; 840 g<\/p>","protected":false},"excerpt":{"rendered":"<p>Hran\u0103 pentru c\u00eeini\u00a0<strong>Darling<\/strong>\u00a0-este o diet\u0103 complet\u0103, echilibrat\u0103<\/p>","protected":false},"featured_media":10044,"template":"","meta":[],"product_cat":[80,117],"product_tag":[],"_links":{"self":[{"href":"https:\/\/onlinezooshop.md\/ro\/wp-json\/wp\/v2\/product\/10043"}],"collection":[{"href":"https:\/\/onlinezooshop.md\/ro\/wp-json\/wp\/v2\/product"}],"about":[{"href":"https:\/\/onlinezooshop.md\/ro\/wp-json\/wp\/v2\/types\/product"}],"wp:featuredmedia":[{"embeddable":true,"href":"https:\/\/onlinezooshop.md\/ro\/wp-json\/wp\/v2\/media\/10044"}],"wp:attachment":[{"href":"https:\/\/onlinezooshop.md\/ro\/wp-json\/wp\/v2\/media?parent=10043"}],"wp:term":[{"taxonomy":"product_cat","embeddable":true,"href":"https:\/\/onlinezooshop.md\/ro\/wp-json\/wp\/v2\/product_cat?post=10043"},{"taxonomy":"product_tag","embeddable":true,"href":"https:\/\/onlinezooshop.md\/ro\/wp-json\/wp\/v2\/product_tag?post=10043"}],"curies":[{"name":"wp","href":"https:\/\/api.w.org\/{rel}","templated":true}]}}