{"id":10249,"date":"2020-12-18T13:10:29","date_gmt":"2020-12-18T10:10:29","guid":{"rendered":"https:\/\/onlinezooshop.md\/?post_type=product&#038;p=10249"},"modified":"2023-05-03T23:09:09","modified_gmt":"2023-05-03T20:09:09","slug":"royal-canin-shih-tzu-adult-15kg","status":"publish","type":"product","link":"https:\/\/onlinezooshop.md\/ro\/magazin\/royal-canin-shih-tzu-adult-15kg\/","title":{"rendered":"ROYAL CANIN SHIH TZU ADULT 1,5kg"},"content":{"rendered":"<p>Fiecare ras\u0103 are propriile sale caracteristici \u0219i, ca urmare, propriile sale nevoi nutri\u021bionale. Formulele nutri\u021bionale ale Breed Health Nutrition sunt adaptate la anumite rase, iar forma \u0219i textura crochetului sunt adaptate structurii \u0219i aderen\u021bei unice a maxilarului.<\/p>\n<p>Ingrediente:<br \/>\nOrez, proteine \u200b\u200bdeshidratate de origine animal\u0103 (carne de pas\u0103re), gr\u0103simi animale, izolat de proteine \u200b\u200bvegetale *, hidrolizat de proteine \u200b\u200banimale (aditivi aromatizan\u021bi), fibre vegetale, past\u0103 de sfecl\u0103, minerale, ulei de pe\u0219te, ulei de soia, fructooligozaharide, ulei de borage 1%), extract de g\u0103lbenele (surs\u0103 de lutein\u0103), ceai verde \u0219i extracte de struguri (surse de polifenoli), hidrolizat din coji de crustacee (surs\u0103 de glucozamin\u0103), hidrolizat din cartilaj (surs\u0103 de condroitin\u0103).<\/p>\n<p>* L.I.P.: Proteine \u200b\u200bselectate pentru o absorb\u021bie maxim\u0103.<\/p>\n<p>Adaosuri (la 1 kg)<br \/>\nSuplimente nutritive: Vitamina A: 29500 ME, Vitamina D3: 800 ME, Fier: 53 mg, Iod: 5,3 mg, Cupru: 10 mg, Mangan: 69 mg, Zinc: 206 mg, Celen: 0,12 mg - Tehnologic aditivi: Tripolifosfat de sodiu: 3,5 g - Conservan\u021bi - Antioxidan\u021bi. *<\/p>\n<p>Con\u021binut nutrient:<br \/>\nProteine: 24% - Gr\u0103simi: 20% - Minerale: 5,6% - Fibre totale: 3%<\/p>","protected":false},"excerpt":{"rendered":"<p>ROYAL CANIN SHIH TZU ADULT \u2014 HRAN\u0102 COMPLET\u0102 PENTRU C\u00ceINI DIN RASA SHIH TZU, DE LA 10 LUNI<\/p>","protected":false},"featured_media":10250,"template":"","meta":[],"product_cat":[80,81,84,101],"product_tag":[],"_links":{"self":[{"href":"https:\/\/onlinezooshop.md\/ro\/wp-json\/wp\/v2\/product\/10249"}],"collection":[{"href":"https:\/\/onlinezooshop.md\/ro\/wp-json\/wp\/v2\/product"}],"about":[{"href":"https:\/\/onlinezooshop.md\/ro\/wp-json\/wp\/v2\/types\/product"}],"wp:featuredmedia":[{"embeddable":true,"href":"https:\/\/onlinezooshop.md\/ro\/wp-json\/wp\/v2\/media\/10250"}],"wp:attachment":[{"href":"https:\/\/onlinezooshop.md\/ro\/wp-json\/wp\/v2\/media?parent=10249"}],"wp:term":[{"taxonomy":"product_cat","embeddable":true,"href":"https:\/\/onlinezooshop.md\/ro\/wp-json\/wp\/v2\/product_cat?post=10249"},{"taxonomy":"product_tag","embeddable":true,"href":"https:\/\/onlinezooshop.md\/ro\/wp-json\/wp\/v2\/product_tag?post=10249"}],"curies":[{"name":"wp","href":"https:\/\/api.w.org\/{rel}","templated":true}]}}