{"id":10454,"date":"2021-10-20T11:11:10","date_gmt":"2021-10-20T08:11:10","guid":{"rendered":"https:\/\/onlinezooshop.md\/?post_type=product&#038;p=10454"},"modified":"2026-04-17T14:23:03","modified_gmt":"2026-04-17T11:23:03","slug":"dry-cat-adult-chicken-10-kg","status":"publish","type":"product","link":"https:\/\/onlinezooshop.md\/ro\/magazin\/dry-cat-adult-chicken-10-kg\/","title":{"rendered":"Monge DRY CAT ADULT Chicken 10 \u043a\u0433"},"content":{"rendered":"<p><b>Ingrediente:\u00a0<\/b>pui (26% deshidratat, 10% proasp\u0103t), orez, gr\u0103sime animal\u0103 (99,6% gr\u0103sime de pui, conservat\u0103 cu antioxidan\u021bi naturali), protein\u0103 animal\u0103 hidrolizat\u0103, pulp\u0103 uscat\u0103 de sfecl\u0103, f\u0103in\u0103 de gluten de porumb, pudr\u0103 de ou (bogat\u0103 \u00een proteine \u200b\u200bcomplete), pe\u0219te ( somon deshidratat), ulei de pe\u0219te (ulei de somon), drojdie de bere (surs\u0103 de MOS \u0219i vitamina B12), fibre de maz\u0103re insolubile, taurin\u0103, KOS (xiloligozaharide 3 g\/kg), drojdie hidrolizat\u0103 (MOS), Shidigera yucca, m\u0103ce\u0219e.<\/p>\n<p><b>Analiz\u0103 garantat\u0103:<\/b>\u00a0protein\u0103 brut\u0103 33,00%, uleiuri \u0219i gr\u0103simi brute 14,00%, fibre brute 2,50%, cenu\u0219\u0103 brut\u0103 6,50%, calciu 1,80%, fosfor 1,20%, acizi gra\u0219i esen\u021biali omega-6 7,00%, acizi gra\u0219i esen\u021biali omega-3.80%.<\/p>\n<p><b>Suplimente nutritive \/ kg:<\/b>\u00a0vitamina A 20 000 UI, vitamina D3 1400 UI, vitamina E 130 mg, vitamina B1 10 mg, vitamina B2 10 mg, vitamina B6 6 mg, vitamina B12 0,10 mg, biotin\u0103 0,26 mg, acid nicotinic 40 mg, vitamina C 200 mg, acid pantotenic 10 mg, acid folic 14 mg, clorur\u0103 de colin\u0103 2500 mg, inozitol 15 mg, E5 sulfat de mangan monohidrat 32 mg, E6 oxid de zinc 150 mg, E4 sulfat de cupru pentahidrat 13 mg, E1 sulfat feros monohidrat 110 mg, E082 selenit de sodiu mg, E2 iodat de calciu 1,80 mg.<\/p>","protected":false},"excerpt":{"rendered":"<p>Monge DRY Adult \u2014 hrana completa pentru pisicile adulte si domestice. Asigura\u021bi-v\u0103 bun\u0103starea pisicii dvs. cu nutrien\u021bi de foarte \u00eenalt\u0103 calitate care sunt rezultatul cercet\u0103rilor. Ingredientul principal este carnea de pui \u0219i sunt fortificate cu XOS (Xylooligozaharide), cea mai recent\u0103 genera\u021bie de prebiotice care sus\u021bin s\u0103n\u0103tatea intestinal\u0103. Con\u021bin L-carnitin\u0103, care ajut\u0103 la men\u021binerea masei musculare, \u0219i sunt bogate \u00een vitamina C, care ajut\u0103 flora intestinal\u0103.<\/p>","protected":false},"featured_media":12479,"template":"","meta":[],"product_cat":[126],"product_tag":[],"_links":{"self":[{"href":"https:\/\/onlinezooshop.md\/ro\/wp-json\/wp\/v2\/product\/10454"}],"collection":[{"href":"https:\/\/onlinezooshop.md\/ro\/wp-json\/wp\/v2\/product"}],"about":[{"href":"https:\/\/onlinezooshop.md\/ro\/wp-json\/wp\/v2\/types\/product"}],"wp:featuredmedia":[{"embeddable":true,"href":"https:\/\/onlinezooshop.md\/ro\/wp-json\/wp\/v2\/media\/12479"}],"wp:attachment":[{"href":"https:\/\/onlinezooshop.md\/ro\/wp-json\/wp\/v2\/media?parent=10454"}],"wp:term":[{"taxonomy":"product_cat","embeddable":true,"href":"https:\/\/onlinezooshop.md\/ro\/wp-json\/wp\/v2\/product_cat?post=10454"},{"taxonomy":"product_tag","embeddable":true,"href":"https:\/\/onlinezooshop.md\/ro\/wp-json\/wp\/v2\/product_tag?post=10454"}],"curies":[{"name":"wp","href":"https:\/\/api.w.org\/{rel}","templated":true}]}}