{"id":10458,"date":"2021-10-20T11:15:44","date_gmt":"2021-10-20T08:15:44","guid":{"rendered":"https:\/\/onlinezooshop.md\/?post_type=product&#038;p=10458"},"modified":"2025-12-15T13:01:44","modified_gmt":"2025-12-15T10:01:44","slug":"dry-cat-adult-light-turkey-15-kg","status":"publish","type":"product","link":"https:\/\/onlinezooshop.md\/ro\/magazin\/dry-cat-adult-light-turkey-15-kg\/","title":{"rendered":"Monge DRY CAT ADULT LIGHT TURKEY 1,5 \u043a\u0433"},"content":{"rendered":"<p>Con\u021binutul de X.O.S. ajut\u0103 la men\u021binerea echilibrului natural al microflorei intestinale, promoveaz\u0103 absorb\u021bia optim\u0103 a nutrien\u021bilor \u0219i \u00eembun\u0103t\u0103\u021be\u0219te imunitatea. Formula echilibrat\u0103. Un echilibru optim de nutrien\u021bi \u0219i un con\u021binut moderat de calorii ajut\u0103 la prevenirea obezit\u0103\u021bii la pisicile sedentare.<\/p>\n<p>COMPOZI\u021aIE: curcan (deshidratat 26%), orez, gr\u00e2u, gluten de porumb, porumb, protein\u0103 animal\u0103 hidrolizat\u0103 (ficat), pulp\u0103 de sfecl\u0103 uscat\u0103, pe\u0219te (somon deshidratat), ulei de pe\u0219te (ulei de somon rafinat 99,5%), drojdie de bere, fibre de maz\u0103re , gr\u0103sime animal\u0103 (gr\u0103sime de pui purificat\u0103 99,5%), minerale, produse din drojdie (mananoligozaharide (MOS 1%), xilooligozaharide (XOS 0,3), Shidigera yucca (0,1%), m\u0103ce\u0219e (0,1%).<\/p>\n<p>VALORI NUTRI\u021aIONALE: proteine \u200b\u200bbrute: 37%, fibre brute: 3,5%, gr\u0103simi brute: 10%, cenu\u0219\u0103 brut\u0103: 7%, calciu: 1,2%, fosfor: 1%, magneziu: 0,09%, sodiu: 0,4%, n-3 acizi gra\u0219i: 0,45%, acizi gra\u0219i n-6: 3,2% Valoare energetic\u0103: 3440 kcal\/kg.<\/p>","protected":false},"excerpt":{"rendered":"<p><b>Monge Cat Speciality Light<\/b>\u00a0hrana pentru pisici cu con\u021binut sc\u0103zut de calorii de curcan este o diet\u0103 complet\u0103 \u0219i echilibrat\u0103 pentru pisicile adulte cu nevoi speciale, predispuse la supraponderabilitate.<\/p>\n<p>Hrana este special formulata pentru a reduce si mentine greutatea ideala a pisicilor. Con\u021binutul moderat de gr\u0103sime din furaj previne acumularea excesului de greutate corporal\u0103 \u0219i previne cre\u0219terea \u00een greutate suplimentar\u0103. L-carnitina stimuleaz\u0103 procesele metabolice din organism, iar con\u021binutul redus de gr\u0103simi contribuie la pierderea \u00een greutate \u0219i la men\u021binerea rezultatelor ob\u021binute.<\/p>","protected":false},"featured_media":12480,"template":"","meta":[],"product_cat":[126],"product_tag":[],"_links":{"self":[{"href":"https:\/\/onlinezooshop.md\/ro\/wp-json\/wp\/v2\/product\/10458"}],"collection":[{"href":"https:\/\/onlinezooshop.md\/ro\/wp-json\/wp\/v2\/product"}],"about":[{"href":"https:\/\/onlinezooshop.md\/ro\/wp-json\/wp\/v2\/types\/product"}],"wp:featuredmedia":[{"embeddable":true,"href":"https:\/\/onlinezooshop.md\/ro\/wp-json\/wp\/v2\/media\/12480"}],"wp:attachment":[{"href":"https:\/\/onlinezooshop.md\/ro\/wp-json\/wp\/v2\/media?parent=10458"}],"wp:term":[{"taxonomy":"product_cat","embeddable":true,"href":"https:\/\/onlinezooshop.md\/ro\/wp-json\/wp\/v2\/product_cat?post=10458"},{"taxonomy":"product_tag","embeddable":true,"href":"https:\/\/onlinezooshop.md\/ro\/wp-json\/wp\/v2\/product_tag?post=10458"}],"curies":[{"name":"wp","href":"https:\/\/api.w.org\/{rel}","templated":true}]}}