{"id":10463,"date":"2021-10-20T11:19:58","date_gmt":"2021-10-20T08:19:58","guid":{"rendered":"https:\/\/onlinezooshop.md\/?post_type=product&#038;p=10463"},"modified":"2025-12-15T13:06:39","modified_gmt":"2025-12-15T10:06:39","slug":"dry-cat-adult-salmone-15-kg","status":"publish","type":"product","link":"https:\/\/onlinezooshop.md\/ro\/magazin\/dry-cat-adult-salmone-15-kg\/","title":{"rendered":"Monge DRY CAT ADULT SALMONE 1,5 \u043a\u0433"},"content":{"rendered":"<p><b>Con\u021binut:<\/b>\u00a0Somon deshidratat (26%), orez, pui (carne proasp\u0103t\u0103 min.10%), porumb, gr\u0103sime animal\u0103 (ulei rafinat de pui 99,5%), protein\u0103 animal\u0103 hidrolizat\u0103, drojdie de bere, ulei de pe\u0219te (ulei de somon rafinat 99,5%), mananoligozaharide ( MOS 1%), xilooligozaharide (KOS 0,3%), Shidigera yucca (0,1%), m\u0103ce\u0219e (0,1%), pudr\u0103 de proteine \u200b\u200bdin lapte.<\/p>\n<p><b>Valoare nutritionala:\u00a0<\/b>protein\u0103 brut\u0103 33%, fibre brute 1,4%, gr\u0103simi brute 15%, cenu\u0219\u0103 brut\u0103 6,0%, calciu 1,6%, fosfor 1,1%, acizi gra\u0219i omega-3 0,6%, acizi gra\u0219i omega-6 3,85%.<\/p>\n<p><b>Suplimente nutritive \/ kg:\u00a0<\/b>vitamina A (acetat de retinol): 26.000 UI\/kg, vitamina D3: 1820 UI\/kg, vitamina E (acetat de alfa-tocoferol): 420 mg\/kg, seleniu (selenit de sodiu 0,17 mg\/kg): 0,07 mg\/kg, mangan (sulfat de mangan monohidrat 26 mg\/kg): 8,5 mg\/kg, zinc (oxid de zinc 122 mg\/kg): 98 mg\/kg, cupru (sulfat de cupru pentahidrat 10,5 mg\/kg): 2 , 6 mg\/kg, fier ( sulfat feros monohidrat 87,5 mg\/kg): 28,8 mg\/kg, iod (iodat de calciu anhidru 1,4 mg\/kg): 0,9 mg\/kg, DL-metionin\u0103 rafinat\u0103 tehnic: 1000 mg\/kg, taurin\u0103: 1200 mg\/kg.<\/p>","protected":false},"excerpt":{"rendered":"<p><b>MONGE SUPERPREMIUM ADULT CAT Salmon<\/b>\u00a0- diet\u0103 complet echilibrat\u0103 pentru pisici adulte.<\/p>\n<p><b>Somon<\/b>\u00a0- o sursa alternativa hipoalergenica de proteine \u200b\u200banimale, bogata in acizi grasi omega-3, asigura pielea sanatoasa si frumusetea blanii.<\/p>\n<p><b>Con\u021bine X.O.S.<\/b>\u00a0- cea mai recent\u0103 genera\u021bie de prebiotice care sus\u021bin s\u0103n\u0103tatea intestinal\u0103.<\/p>\n<p>Includerea de ingrediente func\u021bionale precum m\u0103cesele, cu efecte antioxidante \u0219i antiinflamatorii, contribuie la o mai bun\u0103 calitate a vie\u021bii la pisici.<\/p>","protected":false},"featured_media":12482,"template":"","meta":[],"product_cat":[126],"product_tag":[],"_links":{"self":[{"href":"https:\/\/onlinezooshop.md\/ro\/wp-json\/wp\/v2\/product\/10463"}],"collection":[{"href":"https:\/\/onlinezooshop.md\/ro\/wp-json\/wp\/v2\/product"}],"about":[{"href":"https:\/\/onlinezooshop.md\/ro\/wp-json\/wp\/v2\/types\/product"}],"wp:featuredmedia":[{"embeddable":true,"href":"https:\/\/onlinezooshop.md\/ro\/wp-json\/wp\/v2\/media\/12482"}],"wp:attachment":[{"href":"https:\/\/onlinezooshop.md\/ro\/wp-json\/wp\/v2\/media?parent=10463"}],"wp:term":[{"taxonomy":"product_cat","embeddable":true,"href":"https:\/\/onlinezooshop.md\/ro\/wp-json\/wp\/v2\/product_cat?post=10463"},{"taxonomy":"product_tag","embeddable":true,"href":"https:\/\/onlinezooshop.md\/ro\/wp-json\/wp\/v2\/product_tag?post=10463"}],"curies":[{"name":"wp","href":"https:\/\/api.w.org\/{rel}","templated":true}]}}