{"id":10467,"date":"2021-10-20T11:24:14","date_gmt":"2021-10-20T08:24:14","guid":{"rendered":"https:\/\/onlinezooshop.md\/?post_type=product&#038;p=10467"},"modified":"2025-12-15T13:55:03","modified_gmt":"2025-12-15T10:55:03","slug":"dry-cat-bwild-adult-hare-15-kg","status":"publish","type":"product","link":"https:\/\/onlinezooshop.md\/ro\/magazin\/dry-cat-bwild-adult-hare-15-kg\/","title":{"rendered":"Monge DRY CAT BWILD ADULT Hare 1,5 \u043a\u0433"},"content":{"rendered":"<p>Ingrediente: carne de iepure (proasp\u0103t\u0103 15%, deshidratat\u0103 35%), maz\u0103re galben\u0103, amidon de manioc, gr\u0103sime animal\u0103 (99,5% gr\u0103sime de pui, conservat\u0103 cu antioxidan\u021bi naturali), orez, ov\u0103z, pulp\u0103 uscat\u0103 de sfecl\u0103, protein\u0103 animal\u0103 hidrolizat\u0103, drojdie de bere ( surs\u0103 de MOC \u0219i vitamina B12), pulbere de ou (1% bogat \u00een proteine \u200b\u200bcomplete), semin\u021be de in (1%), morcovi deshidrata\u021bi, morcovi (1%), ro\u0219ii deshidratate (1%), fibre de maz\u0103re insolubile.<\/p>","protected":false},"excerpt":{"rendered":"<p>Hrana completa cu carne de iepure este ideala pentru pisicile cu varste cuprinse intre 1 si 10 ani.<\/p>\n<p>Analiza componentelor: protein\u0103 brut\u0103 35,00%, uleiuri \u0219i proteine \u200b\u200bbrute 18,00%, fibre brute 2,50%, cenu\u0219\u0103 brut\u0103 7,00%, calciu 1,00%, fosfor 0,80%, acizi gra\u0219i esen\u021biali Omega-6 8,00%, acizi gra\u0219i omega 5%-30. .<\/p>","protected":false},"featured_media":12494,"template":"","meta":[],"product_cat":[126],"product_tag":[],"_links":{"self":[{"href":"https:\/\/onlinezooshop.md\/ro\/wp-json\/wp\/v2\/product\/10467"}],"collection":[{"href":"https:\/\/onlinezooshop.md\/ro\/wp-json\/wp\/v2\/product"}],"about":[{"href":"https:\/\/onlinezooshop.md\/ro\/wp-json\/wp\/v2\/types\/product"}],"wp:featuredmedia":[{"embeddable":true,"href":"https:\/\/onlinezooshop.md\/ro\/wp-json\/wp\/v2\/media\/12494"}],"wp:attachment":[{"href":"https:\/\/onlinezooshop.md\/ro\/wp-json\/wp\/v2\/media?parent=10467"}],"wp:term":[{"taxonomy":"product_cat","embeddable":true,"href":"https:\/\/onlinezooshop.md\/ro\/wp-json\/wp\/v2\/product_cat?post=10467"},{"taxonomy":"product_tag","embeddable":true,"href":"https:\/\/onlinezooshop.md\/ro\/wp-json\/wp\/v2\/product_tag?post=10467"}],"curies":[{"name":"wp","href":"https:\/\/api.w.org\/{rel}","templated":true}]}}