{"id":10469,"date":"2021-10-20T11:28:01","date_gmt":"2021-10-20T08:28:01","guid":{"rendered":"https:\/\/onlinezooshop.md\/?post_type=product&#038;p=10469"},"modified":"2025-12-15T13:55:42","modified_gmt":"2025-12-15T10:55:42","slug":"dry-cat-bwild-gf-buffalo-potatoes-lentils-15-kg","status":"publish","type":"product","link":"https:\/\/onlinezooshop.md\/ro\/magazin\/dry-cat-bwild-gf-buffalo-potatoes-lentils-15-kg\/","title":{"rendered":"Monge DRY CAT BWILD GF Buffalo\/Potatoes\/Lentils 1,5 \u043a\u0433"},"content":{"rendered":"<p><b>Ingrediente:<\/b>\u00a0carne deshidratat\u0103 de bivol (38%), cartofi (15%), carne proasp\u0103t\u0103 de pui (15%), gr\u0103sime animal\u0103 (13%) (ulei rafinat de pui 99,5%), linte (8%), proteine \u200b\u200bdin cartofi, ulei de pe\u0219te (somon rafinat) ulei 99,5%), protein\u0103 animal\u0103 hidrolizat\u0103, pulp\u0103 uscat\u0103 de sfecl\u0103, drojdie de bere, minerale, mananoligozaharide (MOS 1%), xilooligozaharide (XOS 0,3%), Yucca Schidigera (0,1%), spirulina (0,1%) glucozamin\u0103 (0,057%), sulfat de condroitin\u0103 (0,04%).<\/p>\n<p><b>Analiz\u0103 garantat\u0103:<\/b>\u00a0proteine \u200b\u200bbrute 31%, fibre brute 2%, gr\u0103simi brute 20%, cenu\u0219\u0103 brut\u0103 8%, calciu 1%, fosfor 0,6%, acizi gra\u0219i omega-3: 0,8%, acizi gra\u0219i omega-6: 3,85%, taurin\u0103 0,3%.<\/p>\n<p><b>Aminoacizi\/kg:\u00a0<\/b>DL-metionin\u0103 1.000 mg, taurin\u0103 3.000 mg, L-carnitin\u0103 1.000 mg.<\/p>\n<p><b>Valoare energetic\u0103:<\/b>\u00a04 300 kcal\/kg.<\/p>\n<p><b>Suplimente nutritive \/ kg:<\/b>\u00a0vitamina A (acetat de retinol): 20.000 UI, vitamina D3 1.400 UI, vitamina E (acetat de alfa-tocoferol): 60 mg, seleniu (selenit de sodiu 0,18 mg): 0,08 mg, mangan (sulfat de mangan monohidrat 26 mg): 8,5 mg, zinc (oxid de zinc 122 mg): 98 mg, cupru (sulfat de cupru pentahidrat 10,5 mg): 2,6 mg, fier (sulfat feros monohidrat 87,5 mg): 28,8 mg, iod (iodat de calciu 1,4 mg): 0,9 mg.<\/p>","protected":false},"excerpt":{"rendered":"<p>Extracte bogate \u00een tocoferol de origine natural\u0103 din uleiuri vegetale.<\/p>","protected":false},"featured_media":12495,"template":"","meta":[],"product_cat":[126],"product_tag":[],"_links":{"self":[{"href":"https:\/\/onlinezooshop.md\/ro\/wp-json\/wp\/v2\/product\/10469"}],"collection":[{"href":"https:\/\/onlinezooshop.md\/ro\/wp-json\/wp\/v2\/product"}],"about":[{"href":"https:\/\/onlinezooshop.md\/ro\/wp-json\/wp\/v2\/types\/product"}],"wp:featuredmedia":[{"embeddable":true,"href":"https:\/\/onlinezooshop.md\/ro\/wp-json\/wp\/v2\/media\/12495"}],"wp:attachment":[{"href":"https:\/\/onlinezooshop.md\/ro\/wp-json\/wp\/v2\/media?parent=10469"}],"wp:term":[{"taxonomy":"product_cat","embeddable":true,"href":"https:\/\/onlinezooshop.md\/ro\/wp-json\/wp\/v2\/product_cat?post=10469"},{"taxonomy":"product_tag","embeddable":true,"href":"https:\/\/onlinezooshop.md\/ro\/wp-json\/wp\/v2\/product_tag?post=10469"}],"curies":[{"name":"wp","href":"https:\/\/api.w.org\/{rel}","templated":true}]}}