{"id":10471,"date":"2021-10-20T11:30:26","date_gmt":"2021-10-20T08:30:26","guid":{"rendered":"https:\/\/onlinezooshop.md\/?post_type=product&#038;p=10471"},"modified":"2025-12-15T13:56:18","modified_gmt":"2025-12-15T10:56:18","slug":"dry-cat-bwild-gf-salmone-peas-15-kg","status":"publish","type":"product","link":"https:\/\/onlinezooshop.md\/ro\/magazin\/dry-cat-bwild-gf-salmone-peas-15-kg\/","title":{"rendered":"Monge DRY CAT BWILD GF Salmone\/Peas 1,5 \u043a\u0433"},"content":{"rendered":"<p>Con\u021binutul M.O.S \u0219i X.O.S. ajut\u0103 la men\u021binerea echilibrului natural al microflorei intestinale \u0219i promoveaz\u0103 absorb\u021bia optim\u0103 a nutrien\u021bilor.<\/p>\n<p>L-carnitina stimuleaz\u0103 procesele metabolice din organism, iar con\u021binutul redus de gr\u0103simi contribuie la pierderea \u00een greutate \u0219i la men\u021binerea rezultatelor ob\u021binute.<\/p>\n<p>Un echilibru optim de omega-3 \u0219i omega-6 \u00een furaj este extrem de important pentru a men\u021bine pielea \u0219i blana \u00een stare optim\u0103.<\/p>\n<p><b>Recomand\u0103ri pentru hr\u0103nire:<\/b><\/p>\n<p>Por\u021bia zilnic\u0103 recomandat\u0103 de alimente poate fi \u00eemp\u0103r\u021bit\u0103 \u00een 2-3 mese (vezi tabel). Cerin\u021bele nutri\u021bionale individuale pot varia \u00een func\u021bie de m\u0103rimea, v\u00e2rsta \u0219i nivelul de activitate al animalului. Pot fi necesare modific\u0103ri ale dietei pentru a ob\u021bine o s\u0103n\u0103tate optim\u0103 a animalelor. Trecerea la un nou tip de furaj ar trebui s\u0103 aib\u0103 loc \u00een decurs de 7 zile. Apa proasp\u0103t\u0103 \u0219i curat\u0103 ar trebui s\u0103 fie disponibil\u0103 pentru animalul dvs. de companie \u00een orice moment.<\/p>\n<p><b>Con\u021binut:<\/b>\u00a0somon deshidratat (38%), carne proasp\u0103t\u0103 de pui (15%), gr\u0103sime animal\u0103 (13%) (ulei de pui rafinat 99,5%), cartofi (11%), maz\u0103re (8%), protein\u0103 din cartofi, protein\u0103 animal\u0103 hidrolizat\u0103, sfecl\u0103 uscat\u0103 pulp\u0103, ulei de pe\u0219te (ulei de somon rafinat 99,5%), drojdie de bere, fibre de maz\u0103re, minerale, mananoligozaharide (MOS 1%), spirulina (0,6%), xilooligozaharide (XOS 0,3%), yucca Shidigera (0,1%), proteine \u200b\u200bdin lapte praf .<\/p>\n<p><b>VALOAREA NUTRI\u021aIONAL\u0102 \u00ceN UN KG:<\/b>\u00a0proteine \u200b\u200bbrute 34%, fibre brute 2,3%, gr\u0103simi brute 14%, cenu\u0219\u0103 brut\u0103 7%, calciu 1,5%, fosfor 1%, acizi gra\u0219i omega-3: 0,7%, acizi gra\u0219i omega-6: 3,5%.<\/p>\n<p><b>SUPLIMENTE NUTRITIONALE LA UN KG:<\/b>\u00a0vitamina A (acetat de retinol): 20.100 UI\/kg, vitamina D3 1.400 UI\/kg, vitamina E (acetat de alfa-tocoferol): 130 mg\/kg, seleniu (selenit de sodiu 0,44 mg\/kg): 0,2 mg\/kg, mangan ( sulfat de mangan monohidrat 95 mg\/kg): 32 mg\/kg, zinc (oxid de zinc 196 mg\/kg): 150 mg\/kg, cupru (sulfat de cupru (II) pentohidrat 48 mg\/kg): 12 mg\/kg, fier ( sulfat de fier (II) monohidrat 340 mg\/kg): 108 mg\/kg, iod (iodat de calciu anhidru 1,4 mg\/kg): 0,9 mg\/kg, DL-metionin\u0103 purificat\u0103 tehnic 1000 mg\/kg, L-carnitin\u0103 1.000 mg\/kg , taurin\u0103 2.000 mg\/kg.<\/p>\n<p><b>Valoare energetic\u0103:<\/b>\u00a04.058 kcal\/kg.<\/p>","protected":false},"excerpt":{"rendered":"<p><b>Monge BWild Cat GRAIN FREE SALMONE\/PEAS<\/b>\u00a0- diet\u0103 complet echilibrat\u0103 de somon \u0219i maz\u0103re, care este dezvoltat\u0103 \u021bin\u00e2nd cont de caracteristicile fiziologice ale pisicilor adulte. Ideal ca hrana zilnica pentru animale de companie. Nivelul ridicat de proteine \u200b\u200bdin compozi\u021bia hranei \u0219i con\u021binutul de L-carnitin\u0103 din acesta permite pisicii s\u0103 r\u0103m\u00e2n\u0103 activ\u0103 \u0219i \u00een form\u0103 fizic\u0103 bun\u0103 pentru mul\u021bi ani. Con\u021bine antioxidan\u021bi esen\u021biali precum vitamina E.<\/p>","protected":false},"featured_media":12496,"template":"","meta":[],"product_cat":[126],"product_tag":[],"_links":{"self":[{"href":"https:\/\/onlinezooshop.md\/ro\/wp-json\/wp\/v2\/product\/10471"}],"collection":[{"href":"https:\/\/onlinezooshop.md\/ro\/wp-json\/wp\/v2\/product"}],"about":[{"href":"https:\/\/onlinezooshop.md\/ro\/wp-json\/wp\/v2\/types\/product"}],"wp:featuredmedia":[{"embeddable":true,"href":"https:\/\/onlinezooshop.md\/ro\/wp-json\/wp\/v2\/media\/12496"}],"wp:attachment":[{"href":"https:\/\/onlinezooshop.md\/ro\/wp-json\/wp\/v2\/media?parent=10471"}],"wp:term":[{"taxonomy":"product_cat","embeddable":true,"href":"https:\/\/onlinezooshop.md\/ro\/wp-json\/wp\/v2\/product_cat?post=10471"},{"taxonomy":"product_tag","embeddable":true,"href":"https:\/\/onlinezooshop.md\/ro\/wp-json\/wp\/v2\/product_tag?post=10471"}],"curies":[{"name":"wp","href":"https:\/\/api.w.org\/{rel}","templated":true}]}}