{"id":10473,"date":"2021-10-20T11:32:13","date_gmt":"2021-10-20T08:32:13","guid":{"rendered":"https:\/\/onlinezooshop.md\/?post_type=product&#038;p=10473"},"modified":"2025-12-15T13:56:49","modified_gmt":"2025-12-15T10:56:49","slug":"dry-cat-bwild-gf-sterilised-tuna-peas-15-kg","status":"publish","type":"product","link":"https:\/\/onlinezooshop.md\/ro\/magazin\/dry-cat-bwild-gf-sterilised-tuna-peas-15-kg\/","title":{"rendered":"Monge DRY CAT BWILD GF STERILISED Tuna\/Peas 1,5 \u043a\u0433"},"content":{"rendered":"<p><b>Con\u021binut:<\/b>\u00a0ton deshidratat (38%), cartofi (15%), pui proasp\u0103t (15%), gr\u0103sime animal\u0103 (10%) (ulei de pui rafinat 99,5%), proteine \u200b\u200bdin cartofi, pulp\u0103 de sfecl\u0103 uscat\u0103, maz\u0103re (5%), fibre de maz\u0103re, protein\u0103 animal\u0103 hidrolizat\u0103, somon deshidratat (4%), minerale, ulei de pe\u0219te (ulei de somon rafinat 99,5%), mananoligozaharide (MOS 1%), spirulina (0,6%), xilooligozaharide (XOS 0,3%), yucca Shidigera (0,1%), proteine \u200b\u200bdin lapte praf.<\/p>\n<p><b>VALOAREA NUTRI\u021aIONAL\u0102 \u00ceN UN KG:\u00a0<\/b>protein\u0103 brut\u0103 33%, fibre brute 6%, gr\u0103simi brute 11%, cenu\u0219\u0103 brut\u0103 7,5%, calciu 1,4%, fosfor 1%, magneziu 0,08%, sodiu 0,6%, acizi gra\u0219i omega-3: 0,5%, acizi gra\u0219i omega-6 : 2,5%.<\/p>\n<p><b>SUPLIMENTE NUTRITIONALE LA UN KG:<\/b>\u00a0vitamina A (acetat de retinol): 34.300 UI\/kg, vitamina D3 2.400 UI\/kg, vitamina E (acetat de alfa-tocoferol): 490 mg\/kg, seleniu (selenit de sodiu 0,44 mg\/kg): 0,3 mg\/kg, mangan ( sulfat de mangan monohidrat 95 mg\/kg): 32 mg\/kg, zinc (oxid de zinc 196 mg\/kg): 150 mg\/kg, cupru (sulfat de cupru (II) pentohidrat 48 mg\/kg): 12 mg\/kg, fier ( sulfat de fier (II) monohidrat 340 mg\/kg): 108 mg\/kg, iod (iodat de calciu anhidru 2,6 mg\/kg): 1,7 mg\/kg, DL-metionin\u0103 purificat\u0103 tehnic 1000 mg\/kg, L-carnitin\u0103 1.000 mg\/kg , taurin\u0103 1.200 mg\/kg.<\/p>\n<p><b>Valoare energetic\u0103:<\/b>\u00a03.755 kcal\/kg.<\/p>\n<p><b>Aditivi tehnologici:<\/b>\u00a0Extracte bogate \u00een tocoferol de origine natural\u0103 din uleiuri vegetale.<\/p>","protected":false},"excerpt":{"rendered":"<p><b>Monge BWild Cat GRAIN FREE Tuna with Peas<\/b>\u00a0- diet\u0103 complet echilibrat\u0103 cu ton. Formulat special pentru pisici sterilizate. M\u00e2ncarea con\u021bine ingrediente digerabile precum ton \u0219i maz\u0103re. Un echilibru optim de nutrien\u021bi \u0219i un con\u021binut moderat de calorii ajut\u0103 la prevenirea obezit\u0103\u021bii la pisicile sedentare.<\/p>","protected":false},"featured_media":12497,"template":"","meta":[],"product_cat":[126],"product_tag":[],"_links":{"self":[{"href":"https:\/\/onlinezooshop.md\/ro\/wp-json\/wp\/v2\/product\/10473"}],"collection":[{"href":"https:\/\/onlinezooshop.md\/ro\/wp-json\/wp\/v2\/product"}],"about":[{"href":"https:\/\/onlinezooshop.md\/ro\/wp-json\/wp\/v2\/types\/product"}],"wp:featuredmedia":[{"embeddable":true,"href":"https:\/\/onlinezooshop.md\/ro\/wp-json\/wp\/v2\/media\/12497"}],"wp:attachment":[{"href":"https:\/\/onlinezooshop.md\/ro\/wp-json\/wp\/v2\/media?parent=10473"}],"wp:term":[{"taxonomy":"product_cat","embeddable":true,"href":"https:\/\/onlinezooshop.md\/ro\/wp-json\/wp\/v2\/product_cat?post=10473"},{"taxonomy":"product_tag","embeddable":true,"href":"https:\/\/onlinezooshop.md\/ro\/wp-json\/wp\/v2\/product_tag?post=10473"}],"curies":[{"name":"wp","href":"https:\/\/api.w.org\/{rel}","templated":true}]}}