{"id":10483,"date":"2021-10-20T11:45:22","date_gmt":"2021-10-20T08:45:22","guid":{"rendered":"https:\/\/onlinezooshop.md\/?post_type=product&#038;p=10483"},"modified":"2025-12-15T13:26:35","modified_gmt":"2025-12-15T10:26:35","slug":"dry-cat-indoor-chicken-400-gr","status":"publish","type":"product","link":"https:\/\/onlinezooshop.md\/ro\/magazin\/dry-cat-indoor-chicken-400-gr\/","title":{"rendered":"Monge DRY CAT INDOOR Chicken 400 \u0433\u0440"},"content":{"rendered":"<p>Pui (proasp\u0103t 10%, deshidratat 26%), orez, gr\u0103sime animal\u0103 (99,6% gr\u0103sime \u00een ulei de pui, conservat cu antioxidan\u021bi naturali), pulp\u0103 de sfecl\u0103, f\u0103in\u0103 de gluten de porumb, proteine \u200b\u200banimale hidrolizate, praf de ou \u00eentreg (bogat \u00een proteine \u200b\u200bnobile), pe\u0219te (somon deshidratat), ulei de pe\u0219te (ulei de somon), drojdie de bere (surs\u0103 de MOS \u0219i vitamina B12), fibre de maz\u0103re insolubile, taurin\u0103, XOS (xilooligozaharide 3 g\/kg), drojdie hidrolizat\u0103 (MOS), yucca shidigera, m\u0103ce\u0219e ...<\/p>","protected":false},"excerpt":{"rendered":"<p>Monge DRY CAT INDOOR Chicken- hran\u0103 complet\u0103 pentru pisicile adulte care locuiesc \u00een cas\u0103. Asigura\u021bi-v\u0103 bun\u0103starea pisicii dvs. cu nutrien\u021bi de foarte \u00eenalt\u0103 calitate care sunt rezultatul cercet\u0103rilor. Ingredientul principal este carnea de pui \u0219i sunt fortificate cu XOS (Xylooligozaharide), cea mai recent\u0103 genera\u021bie de prebiotice care sus\u021bin s\u0103n\u0103tatea intestinal\u0103. Au o formul\u0103 echilibrat\u0103, ideal\u0103 pentru pisicile mai pu\u021bin active \u0219i con\u021bin L-Carnitin\u0103 pentru a ajuta la men\u021binerea masei musculare.<\/p>","protected":false},"featured_media":12488,"template":"","meta":[],"product_cat":[126],"product_tag":[],"_links":{"self":[{"href":"https:\/\/onlinezooshop.md\/ro\/wp-json\/wp\/v2\/product\/10483"}],"collection":[{"href":"https:\/\/onlinezooshop.md\/ro\/wp-json\/wp\/v2\/product"}],"about":[{"href":"https:\/\/onlinezooshop.md\/ro\/wp-json\/wp\/v2\/types\/product"}],"wp:featuredmedia":[{"embeddable":true,"href":"https:\/\/onlinezooshop.md\/ro\/wp-json\/wp\/v2\/media\/12488"}],"wp:attachment":[{"href":"https:\/\/onlinezooshop.md\/ro\/wp-json\/wp\/v2\/media?parent=10483"}],"wp:term":[{"taxonomy":"product_cat","embeddable":true,"href":"https:\/\/onlinezooshop.md\/ro\/wp-json\/wp\/v2\/product_cat?post=10483"},{"taxonomy":"product_tag","embeddable":true,"href":"https:\/\/onlinezooshop.md\/ro\/wp-json\/wp\/v2\/product_tag?post=10483"}],"curies":[{"name":"wp","href":"https:\/\/api.w.org\/{rel}","templated":true}]}}