{"id":10485,"date":"2021-10-20T11:47:19","date_gmt":"2021-10-20T08:47:19","guid":{"rendered":"https:\/\/onlinezooshop.md\/?post_type=product&#038;p=10485"},"modified":"2025-12-15T13:29:32","modified_gmt":"2025-12-15T10:29:32","slug":"dry-cat-kitten-chicken-15-kg","status":"publish","type":"product","link":"https:\/\/onlinezooshop.md\/ro\/magazin\/dry-cat-kitten-chicken-15-kg\/","title":{"rendered":"Monge DRY CAT KITTEN Chicken 1,5 \u043a\u0433"},"content":{"rendered":"<p>Con\u021bine cantit\u0103\u021bi ideale de calciu \u0219i fosfor pentru pisoi.Con\u021bine acizi gra\u0219i omega-3 \u0219i 6 pentru piele \u0219i blan\u0103 s\u0103n\u0103toase.Ingrediente non-OMG. Fabricat in Italia<\/p>","protected":false},"excerpt":{"rendered":"<p>Pentru pisoi de la 1 la 12 luni. Con\u021bine prebiotice naturale XOS \u0219i fibre pentru s\u0103n\u0103tatea digestiv\u0103<\/p>","protected":false},"featured_media":12489,"template":"","meta":[],"product_cat":[126],"product_tag":[],"_links":{"self":[{"href":"https:\/\/onlinezooshop.md\/ro\/wp-json\/wp\/v2\/product\/10485"}],"collection":[{"href":"https:\/\/onlinezooshop.md\/ro\/wp-json\/wp\/v2\/product"}],"about":[{"href":"https:\/\/onlinezooshop.md\/ro\/wp-json\/wp\/v2\/types\/product"}],"wp:featuredmedia":[{"embeddable":true,"href":"https:\/\/onlinezooshop.md\/ro\/wp-json\/wp\/v2\/media\/12489"}],"wp:attachment":[{"href":"https:\/\/onlinezooshop.md\/ro\/wp-json\/wp\/v2\/media?parent=10485"}],"wp:term":[{"taxonomy":"product_cat","embeddable":true,"href":"https:\/\/onlinezooshop.md\/ro\/wp-json\/wp\/v2\/product_cat?post=10485"},{"taxonomy":"product_tag","embeddable":true,"href":"https:\/\/onlinezooshop.md\/ro\/wp-json\/wp\/v2\/product_tag?post=10485"}],"curies":[{"name":"wp","href":"https:\/\/api.w.org\/{rel}","templated":true}]}}