{"id":10493,"date":"2021-10-20T11:56:03","date_gmt":"2021-10-20T08:56:03","guid":{"rendered":"https:\/\/onlinezooshop.md\/?post_type=product&#038;p=10493"},"modified":"2025-12-15T13:33:21","modified_gmt":"2025-12-15T10:33:21","slug":"dry-cat-kitten-monoprotein-trout-400-gr","status":"publish","type":"product","link":"https:\/\/onlinezooshop.md\/ro\/magazin\/dry-cat-kitten-monoprotein-trout-400-gr\/","title":{"rendered":"Monge DRY CAT KITTEN MONOPROTEIN TROUT 400 \u0433\u0440"},"content":{"rendered":"<p>Ingrediente: p\u0103str\u0103v uscat (30%), orez, gr\u0103sime animal\u0103 (99,5% ulei de pui purificat), porumb, gluten de porumb, protein\u0103 din cartofi, cartofi, pulp\u0103 de sfecl\u0103 uscat\u0103, proteine \u200b\u200banimale hidrolizate, minerale, ulei de pe\u0219te (ulei de somon rafinat 99,5%) , drojdie de bere, fibre de maz\u0103re, xilooligozaharid\u0103 (XOS 0,3%), yucca shidigera (0,1%), m\u0103ce\u0219 (0,1%).<\/p>\n<p>Componente: Protein\u0103 brut\u0103 33%, fibre brute 2,5%, gr\u0103sime brut\u0103 20%, cenu\u0219\u0103 brut\u0103 8%, calciu 1,0%, fosfor 0,8%, acizi gra\u0219i n-3: 0,5%, acizi gra\u0219i n-6: 4,2%.<\/p>","protected":false},"excerpt":{"rendered":"<p>Monge Natural Superpremium Monoprotein pentru pisoii cu pastrav este o hrana completa si echilibrata pentru pisoi. Formulat pentru bun\u0103starea pisoiului t\u0103u cu calciu \u0219i fosfor echilibrat pentru a sus\u021bine cre\u0219terea.<br \/>\n* Con\u021bine o surs\u0103 unic\u0103 de proteine \u200b\u200banimale (p\u0103str\u0103v) \u00eembog\u0103\u021bit\u0103 cu Xilooligozaharide, prebiotice naturale care sus\u021bin s\u0103n\u0103tatea intestinal\u0103.<br \/>\nIncluderea de ingrediente func\u021bionale, cum ar fi m\u0103ce\u0219ele antioxidante \u0219i yucca shidigera, pentru a controla mirosul fecal, contribuie la calitatea vie\u021bii pisicilor noastre.<\/p>","protected":false},"featured_media":12490,"template":"","meta":[],"product_cat":[126],"product_tag":[],"_links":{"self":[{"href":"https:\/\/onlinezooshop.md\/ro\/wp-json\/wp\/v2\/product\/10493"}],"collection":[{"href":"https:\/\/onlinezooshop.md\/ro\/wp-json\/wp\/v2\/product"}],"about":[{"href":"https:\/\/onlinezooshop.md\/ro\/wp-json\/wp\/v2\/types\/product"}],"wp:featuredmedia":[{"embeddable":true,"href":"https:\/\/onlinezooshop.md\/ro\/wp-json\/wp\/v2\/media\/12490"}],"wp:attachment":[{"href":"https:\/\/onlinezooshop.md\/ro\/wp-json\/wp\/v2\/media?parent=10493"}],"wp:term":[{"taxonomy":"product_cat","embeddable":true,"href":"https:\/\/onlinezooshop.md\/ro\/wp-json\/wp\/v2\/product_cat?post=10493"},{"taxonomy":"product_tag","embeddable":true,"href":"https:\/\/onlinezooshop.md\/ro\/wp-json\/wp\/v2\/product_tag?post=10493"}],"curies":[{"name":"wp","href":"https:\/\/api.w.org\/{rel}","templated":true}]}}