{"id":10494,"date":"2021-10-20T11:57:37","date_gmt":"2021-10-20T08:57:37","guid":{"rendered":"https:\/\/onlinezooshop.md\/?post_type=product&#038;p=10494"},"modified":"2025-12-15T13:37:49","modified_gmt":"2025-12-15T10:37:49","slug":"dry-cat-senior-chicken-400-gr","status":"publish","type":"product","link":"https:\/\/onlinezooshop.md\/ro\/magazin\/dry-cat-senior-chicken-400-gr\/","title":{"rendered":"Monge DRY CAT SENIOR Chicken 400 \u0433\u0440"},"content":{"rendered":"<p>Ingrediente: pui (22% deshidratat, 10% proasp\u0103t), orez, gr\u0103sime animal\u0103 (99,6% gr\u0103sime de pui, conservat\u0103 cu antioxidan\u021bi naturali), porumb, pulp\u0103 uscat\u0103 de sfecl\u0103, f\u0103in\u0103 de gluten de porumb, protein\u0103 animal\u0103 hidrolizat\u0103, pudr\u0103 de ou (cu con\u021binut ridicat de complet). proteine), pe\u0219te (somon deshidratat), ulei de pe\u0219te (ulei de somon), drojdie de bere (surs\u0103 de MOC \u0219i vitamina B12), fibre insolubile de maz\u0103re, taurin\u0103, KOS (xilo-oligozaharide 3 g\/kg), drojdie hidrolizat\u0103 (MOC), yucca Shidigera, m\u0103ce\u0219e, tulpin\u0103 de ananas.<\/p>","protected":false},"excerpt":{"rendered":"<p>MONGE DRY CAT SENIOR Chicken cu pui este o diet\u0103 complet\u0103, echilibrat\u0103, special conceput\u0103 pentru pisicile mai \u00een v\u00e2rst\u0103 de peste 7 ani cu activitate fizic\u0103 redus\u0103.<\/p>\n<p>Con\u021bine antioxidan\u021bi esen\u021biali precum vitamina E pentru sus\u021binerea sistemului imunitar.<\/p>\n<p>Este IMPORTANT ca animalul s\u0103 aib\u0103 \u00eentotdeauna acces la ap\u0103 curat\u0103, proasp\u0103t\u0103.<\/p>","protected":false},"featured_media":12491,"template":"","meta":[],"product_cat":[126],"product_tag":[],"_links":{"self":[{"href":"https:\/\/onlinezooshop.md\/ro\/wp-json\/wp\/v2\/product\/10494"}],"collection":[{"href":"https:\/\/onlinezooshop.md\/ro\/wp-json\/wp\/v2\/product"}],"about":[{"href":"https:\/\/onlinezooshop.md\/ro\/wp-json\/wp\/v2\/types\/product"}],"wp:featuredmedia":[{"embeddable":true,"href":"https:\/\/onlinezooshop.md\/ro\/wp-json\/wp\/v2\/media\/12491"}],"wp:attachment":[{"href":"https:\/\/onlinezooshop.md\/ro\/wp-json\/wp\/v2\/media?parent=10494"}],"wp:term":[{"taxonomy":"product_cat","embeddable":true,"href":"https:\/\/onlinezooshop.md\/ro\/wp-json\/wp\/v2\/product_cat?post=10494"},{"taxonomy":"product_tag","embeddable":true,"href":"https:\/\/onlinezooshop.md\/ro\/wp-json\/wp\/v2\/product_tag?post=10494"}],"curies":[{"name":"wp","href":"https:\/\/api.w.org\/{rel}","templated":true}]}}