{"id":10498,"date":"2021-10-20T12:00:53","date_gmt":"2021-10-20T09:00:53","guid":{"rendered":"https:\/\/onlinezooshop.md\/?post_type=product&#038;p=10498"},"modified":"2025-12-15T13:41:26","modified_gmt":"2025-12-15T10:41:26","slug":"dry-cat-sterilised-10-kg","status":"publish","type":"product","link":"https:\/\/onlinezooshop.md\/ro\/magazin\/dry-cat-sterilised-10-kg\/","title":{"rendered":"Monge DRY CAT STERILISED 10 \u043a\u0433"},"content":{"rendered":"<p><b>Bogat \u00een fibre<\/b>. Unul dintre cele mai importante beneficii ale fibrelor din hrana pentru pisici este capacitatea sa de a controla greutatea animalului. Ad\u0103ugarea de fibre cu fermenta\u021bie lent\u0103 \u00een furaj ajut\u0103 la prevenirea obezit\u0103\u021bii \u0219i promoveaz\u0103 pierderea \u00een greutate.<\/p>\n<p><b>Acizi gra\u0219i Omega-3 \u0219i Omega-6 pentru s\u0103n\u0103tatea p\u0103rului \u0219i a pielii<\/b>. Un echilibru optim de omega-3 \u0219i omega-6 \u00een furaj este extrem de important pentru a men\u021bine pielea \u0219i blana \u00een stare optim\u0103.<\/p>\n<p><b>Recomand\u0103ri pentru hr\u0103nire<\/b>: Dac\u0103 este supraponderal \u0219i\/sau are alte probleme, este recomandat s\u0103 limita\u021bi aportul zilnic de hran\u0103 a\u0219a cum este recomandat de medicul veterinar \u0219i\/sau s\u0103 urma\u021bi tabelul de pe ambalaj. Este important ca animalul s\u0103 aib\u0103 \u00eentotdeauna acces la ap\u0103 proasp\u0103t\u0103 de b\u0103ut. A se pastra intr-un loc uscat si racoros.<\/p>\n<p><b>Ingrediente:<\/b>\u00a0pui (26% deshidratat, 10% proasp\u0103t), gr\u00e2u, f\u0103in\u0103 de gluten de porumb, ov\u0103z, protein\u0103 animal\u0103 hidrolizat\u0103, gr\u0103sime animal\u0103 (99,6% gr\u0103sime de pui, conservat\u0103 cu antioxidan\u021bi naturali), fibre insolubile de maz\u0103re, pudr\u0103 de ou (bogat\u0103 \u00een proteine \u200b\u200bcomplete), pe\u0219te (somon deshidratat), ulei de pe\u0219te (ulei de somon), taurin\u0103, KOS (xilooligozaharide 3 g\/kg), drojdie hidrolizat\u0103 (MOS), Shidigera yucca.<\/p>\n<p><b>Analiz\u0103 garantat\u0103:<\/b>\u00a0protein\u0103 brut\u0103 35,00%, uleiuri \u0219i gr\u0103simi brute 10,00%, fibre brute 7,00%, cenu\u0219\u0103 brut\u0103 6,00%, calciu 1,20%, fosfor 1,10%, magneziu 0,08%, sodiu 0, 20%, acizi gra\u0219i esen\u021biali omega-6 omega-50% -3 acizi gra\u0219i esen\u021biali 1,00%.<\/p>\n<p><b>Suplimente nutritive \/ kg:\u00a0<\/b>vitamina A 32 000 UI, vitamina D3 1500 UI, vitamina E 510 mg, vitamina B1 22 mg, vitamina B2 23 mg, vitamina B6 14 mg, vitamina B12 0,20 mg, biotin\u0103 0,57 mg, acid nicotinic 100 mg, vitamina C 360 mg, acid pantotenic 22 mg, acid folic 31 mg, clorur\u0103 de colin\u0103 2500 mg, E5 sulfat de mangan monohidrat 56 mg, E6 oxid de zinc 260 mg, E4 sulfat de cupru pentahidrat 22 mg, E1 sulfat feros monohidrat 185 mg, E8 selenit de sodiu 0, 37 mg, E2 iodat de calciu 2,80 mg.<\/p>\n<p><b>Aminoacizi\/kg:<\/b>\u00a0L-carnitin\u0103 500 mg, DL-metionin\u0103 3,00 g, taurin\u0103 0,25%.<\/p>\n<p><b>Aditivi tehnologici \/ kg:<\/b>\u00a0amestec natural de tocoferol \u0219i extract comun de rozmarin.<\/p>\n<p><b>Valoare energetic\u0103:\u00a0<\/b>3590 kcal\/kg.<\/p>","protected":false},"excerpt":{"rendered":"<p><b>MONGE SUPERPREMIUM CAT STERILISED \u2013 diet\u0103 complet\u0103, echilibrat\u0103, cu calorii reduse pentru pisicile sterilizate, care previne obezitatea.<\/b>\u00a0Con\u021bine antioxidan\u021bi esen\u021biali precum vitamina E pentru sus\u021binerea sistemului imunitar.<\/p>\n<p><b>Con\u021binut moderat de gr\u0103simi<\/b>\u00a0\u00een hran\u0103 previne acumularea excesului de greutate corporal\u0103 \u0219i previne cre\u0219terea ulterioar\u0103 \u00een greutate.<\/p>\n<p><b>Con\u021bine X.O.S.\u00a0<\/b>ajut\u0103 la men\u021binerea echilibrului natural al microflorei intestinale, promoveaz\u0103 absorb\u021bia optim\u0103 a nutrien\u021bilor \u0219i \u00eembun\u0103t\u0103\u021be\u0219te imunitatea.<\/p>","protected":false},"featured_media":12492,"template":"","meta":[],"product_cat":[126],"product_tag":[],"_links":{"self":[{"href":"https:\/\/onlinezooshop.md\/ro\/wp-json\/wp\/v2\/product\/10498"}],"collection":[{"href":"https:\/\/onlinezooshop.md\/ro\/wp-json\/wp\/v2\/product"}],"about":[{"href":"https:\/\/onlinezooshop.md\/ro\/wp-json\/wp\/v2\/types\/product"}],"wp:featuredmedia":[{"embeddable":true,"href":"https:\/\/onlinezooshop.md\/ro\/wp-json\/wp\/v2\/media\/12492"}],"wp:attachment":[{"href":"https:\/\/onlinezooshop.md\/ro\/wp-json\/wp\/v2\/media?parent=10498"}],"wp:term":[{"taxonomy":"product_cat","embeddable":true,"href":"https:\/\/onlinezooshop.md\/ro\/wp-json\/wp\/v2\/product_cat?post=10498"},{"taxonomy":"product_tag","embeddable":true,"href":"https:\/\/onlinezooshop.md\/ro\/wp-json\/wp\/v2\/product_tag?post=10498"}],"curies":[{"name":"wp","href":"https:\/\/api.w.org\/{rel}","templated":true}]}}