{"id":10500,"date":"2021-10-20T12:02:35","date_gmt":"2021-10-20T09:02:35","guid":{"rendered":"https:\/\/onlinezooshop.md\/?post_type=product&#038;p=10500"},"modified":"2025-12-15T13:40:48","modified_gmt":"2025-12-15T10:40:48","slug":"dry-cat-sterilised-400-gr","status":"publish","type":"product","link":"https:\/\/onlinezooshop.md\/ro\/magazin\/dry-cat-sterilised-400-gr\/","title":{"rendered":"Monge DRY CAT STERILISED 400 \u0433\u0440"},"content":{"rendered":"<p>Produs natural de cea mai \u00eenalt\u0103 calitate, fabricat \u00een Italia, datorit\u0103 controlului intern al calit\u0103\u021bii pentru siguran\u021b\u0103 maxim\u0103.<\/p>","protected":false},"excerpt":{"rendered":"<p>Hrana uscata Monge de calitate premium Sterilized este o hrana completa pentru pisici adulte sterilizate, cu puiul ca prim ingredient, un prebiotic natural care promoveaza sanatatea intestinala.<\/p>","protected":false},"featured_media":12492,"template":"","meta":[],"product_cat":[126],"product_tag":[],"_links":{"self":[{"href":"https:\/\/onlinezooshop.md\/ro\/wp-json\/wp\/v2\/product\/10500"}],"collection":[{"href":"https:\/\/onlinezooshop.md\/ro\/wp-json\/wp\/v2\/product"}],"about":[{"href":"https:\/\/onlinezooshop.md\/ro\/wp-json\/wp\/v2\/types\/product"}],"wp:featuredmedia":[{"embeddable":true,"href":"https:\/\/onlinezooshop.md\/ro\/wp-json\/wp\/v2\/media\/12492"}],"wp:attachment":[{"href":"https:\/\/onlinezooshop.md\/ro\/wp-json\/wp\/v2\/media?parent=10500"}],"wp:term":[{"taxonomy":"product_cat","embeddable":true,"href":"https:\/\/onlinezooshop.md\/ro\/wp-json\/wp\/v2\/product_cat?post=10500"},{"taxonomy":"product_tag","embeddable":true,"href":"https:\/\/onlinezooshop.md\/ro\/wp-json\/wp\/v2\/product_tag?post=10500"}],"curies":[{"name":"wp","href":"https:\/\/api.w.org\/{rel}","templated":true}]}}