{"id":10502,"date":"2021-10-20T12:04:16","date_gmt":"2021-10-20T09:04:16","guid":{"rendered":"https:\/\/onlinezooshop.md\/?post_type=product&#038;p=10502"},"modified":"2025-12-15T13:10:48","modified_gmt":"2025-12-15T10:10:48","slug":"dry-cat-sterilised-duck-15-kg","status":"publish","type":"product","link":"https:\/\/onlinezooshop.md\/ro\/magazin\/dry-cat-sterilised-duck-15-kg\/","title":{"rendered":"Monge DRY CAT STERILISED DUCK 1,5 \u043a\u0433"},"content":{"rendered":"<p>Valoare nutri\u021bional\u0103: protein\u0103 brut\u0103 35,00%, uleiuri \u0219i gr\u0103simi brute 12,00%, fibre brute 3,50%, cenu\u0219\u0103 brut\u0103 7,00%, calciu 1,70%, fosfor 0,90%, magneziu: 0,06%, sodiu 0,20%, acizi gra\u0219i omega-6%. acizi gra\u0219i omega-3 0,40%.<\/p>\n<p>Ingrediente: ra\u021b\u0103 (carne proasp\u0103t\u0103 10%, carne deshidratat\u0103 26%), gluten de porumb, gr\u00e2u, ov\u0103z, protein\u0103 animal\u0103 hidrolizat\u0103, gr\u0103sime animal\u0103 (ulei de ra\u021b\u0103 - 99,6%, conservat cu antioxidan\u021bi naturali), fibre de maz\u0103re.<\/p>","protected":false},"excerpt":{"rendered":"<p>Monge Cat Sterilised Duck-hran\u0103 pentru pisici sterilizate cu ra\u021b\u0103 1,5 kg.\nDiet\u0103 complet\u0103 pentru pisici sterilizate cu o singur\u0103 surs\u0103 de proteine \u200b\u200banimale.<\/p>","protected":false},"featured_media":12483,"template":"","meta":[],"product_cat":[126],"product_tag":[],"_links":{"self":[{"href":"https:\/\/onlinezooshop.md\/ro\/wp-json\/wp\/v2\/product\/10502"}],"collection":[{"href":"https:\/\/onlinezooshop.md\/ro\/wp-json\/wp\/v2\/product"}],"about":[{"href":"https:\/\/onlinezooshop.md\/ro\/wp-json\/wp\/v2\/types\/product"}],"wp:featuredmedia":[{"embeddable":true,"href":"https:\/\/onlinezooshop.md\/ro\/wp-json\/wp\/v2\/media\/12483"}],"wp:attachment":[{"href":"https:\/\/onlinezooshop.md\/ro\/wp-json\/wp\/v2\/media?parent=10502"}],"wp:term":[{"taxonomy":"product_cat","embeddable":true,"href":"https:\/\/onlinezooshop.md\/ro\/wp-json\/wp\/v2\/product_cat?post=10502"},{"taxonomy":"product_tag","embeddable":true,"href":"https:\/\/onlinezooshop.md\/ro\/wp-json\/wp\/v2\/product_tag?post=10502"}],"curies":[{"name":"wp","href":"https:\/\/api.w.org\/{rel}","templated":true}]}}