{"id":10506,"date":"2021-10-20T12:17:02","date_gmt":"2021-10-20T09:17:02","guid":{"rendered":"https:\/\/onlinezooshop.md\/?post_type=product&#038;p=10506"},"modified":"2025-12-15T13:13:30","modified_gmt":"2025-12-15T10:13:30","slug":"dry-cat-sterilised-monoprotein-beef-15-kg","status":"publish","type":"product","link":"https:\/\/onlinezooshop.md\/ro\/magazin\/dry-cat-sterilised-monoprotein-beef-15-kg\/","title":{"rendered":"Monge DRY CAT STERILISED MONOPROTEIN BEEF 1,5 \u043a\u0433"},"content":{"rendered":"<p>COMPOZI\u021aIE: carne de vit\u0103 (deshidratat\u0103 26%, proasp\u0103t\u0103 10%), gr\u00e2u, gluten de porumb, porumb, protein\u0103 din cartofi, gr\u0103sime animal\u0103 (gr\u0103sime de pui purificat\u0103 99,5%), protein\u0103 animal\u0103 hidrolizat\u0103 (ficat), ulei de pe\u0219te (ulei de somon purificat 99, 5%) ), fibr\u0103 de maz\u0103re, minerale, produse din drojdie (mananoligozaharide (MOS 1%), xilooligozaharide (XOS 0,3%), Shidigera yucca (0,1%), m\u0103ce\u0219e (0,1%).<\/p>\n<p>VALORI NUTRI\u021aIONALE: proteine \u200b\u200bbrute: 38%, fibre brute: 3%, gr\u0103simi brute: 11,5%, cenu\u0219\u0103 brut\u0103: 8%, calciu: 2%, fosfor: 1,3%, magneziu: 0,09%, sodiu: 0,3%, n-3 acizi gra\u0219i: 0,5%, acizi gra\u0219i n-6: 3% Valoare energetic\u0103: 3858 kcal\/kg.<\/p>","protected":false},"excerpt":{"rendered":"<p><b>Monge Cat Monoprotein Sterilised Beef<\/b>\u00a0hrana pentru pisici sterilizate cu carne de vit\u0103 este o diet\u0103 complet\u0103, echilibrat\u0103 pentru pisicile sterilizate, cu un con\u021binut redus de calorii care ajut\u0103 la prevenirea obezit\u0103\u021bii.<\/p>\n<p>Con\u021binutul moderat de gr\u0103sime \u00een furaj previne acumularea excesului de greutate corporal\u0103 \u0219i previne cre\u0219terea \u00een greutate suplimentar\u0103. Cuprins X.O.S. ajut\u0103 la men\u021binerea echilibrului natural al microflorei intestinale, promoveaz\u0103 absorb\u021bia optim\u0103 a nutrien\u021bilor \u0219i \u00eembun\u0103t\u0103\u021be\u0219te imunitatea. L-carnitina stimuleaz\u0103 procesele metabolice din organism, iar con\u021binutul redus de gr\u0103simi contribuie la pierderea \u00een greutate \u0219i la men\u021binerea rezultatelor ob\u021binute.<\/p>","protected":false},"featured_media":12484,"template":"","meta":[],"product_cat":[126],"product_tag":[],"_links":{"self":[{"href":"https:\/\/onlinezooshop.md\/ro\/wp-json\/wp\/v2\/product\/10506"}],"collection":[{"href":"https:\/\/onlinezooshop.md\/ro\/wp-json\/wp\/v2\/product"}],"about":[{"href":"https:\/\/onlinezooshop.md\/ro\/wp-json\/wp\/v2\/types\/product"}],"wp:featuredmedia":[{"embeddable":true,"href":"https:\/\/onlinezooshop.md\/ro\/wp-json\/wp\/v2\/media\/12484"}],"wp:attachment":[{"href":"https:\/\/onlinezooshop.md\/ro\/wp-json\/wp\/v2\/media?parent=10506"}],"wp:term":[{"taxonomy":"product_cat","embeddable":true,"href":"https:\/\/onlinezooshop.md\/ro\/wp-json\/wp\/v2\/product_cat?post=10506"},{"taxonomy":"product_tag","embeddable":true,"href":"https:\/\/onlinezooshop.md\/ro\/wp-json\/wp\/v2\/product_tag?post=10506"}],"curies":[{"name":"wp","href":"https:\/\/api.w.org\/{rel}","templated":true}]}}