{"id":10508,"date":"2021-10-20T12:23:04","date_gmt":"2021-10-20T09:23:04","guid":{"rendered":"https:\/\/onlinezooshop.md\/?post_type=product&#038;p=10508"},"modified":"2025-12-15T13:15:56","modified_gmt":"2025-12-15T10:15:56","slug":"dry-cat-sterilised-monoprotein-trout-1-5-kg","status":"publish","type":"product","link":"https:\/\/onlinezooshop.md\/ro\/magazin\/dry-cat-sterilised-monoprotein-trout-1-5-kg\/","title":{"rendered":"Monge DRY CAT STERILISED MONOPROTEIN TROUT 1.5 \u043a\u0433"},"content":{"rendered":"<p>** \u00cen compara\u021bie cu produsul standard (Monge Natural Superpremium pentru pisici adulte bogate \u00een pui)<\/p>\n<p>Ingrediente: p\u0103str\u0103v uscat (26%), gr\u00e2u, gluten de porumb, gr\u0103sime animal\u0103 (99,5% ulei de pui rafinat), proteine \u200b\u200banimale hidrolizate, ulei de pe\u0219te (99,5% ulei de somon rafinat), fibre de maz\u0103re, xilo-oligozaharid\u0103 (XOS 0,3%), minerale, yucca shidigera (0,1%), m\u0103ce\u0219e (0,1%).<\/p>\n<p>Componente: protein\u0103 brut\u0103 37%, fibre brute 3%, gr\u0103simi brute 12%, cenu\u0219\u0103 brut\u0103 5,5%, calciu 0,6%, fosfor 0,5%, magneziu 0,07%, sodiu 0,1%, n-3 acizi gra\u0219i: 0,3%, n-6 acizi gra\u0219i: 3,0%.<\/p>","protected":false},"excerpt":{"rendered":"<p>Monge Natural Superpremium Monoprotein pentru pisici sterilizate cu pastrav - hrana completa si echilibrata pentru pisici adulte.<br \/>\nFormulat pentru bun\u0103starea pisicii dvs. sterilizate cu un con\u021binut sc\u0103zut de gr\u0103simi** pentru a ajuta la controlul greut\u0103\u021bii.<br \/>\n* Con\u021bine o surs\u0103 unic\u0103 de protein\u0103 animal\u0103 (p\u0103str\u0103v) fortificat\u0103 cu xilooligozaharide (XOS), prebiotice naturale care sus\u021bin s\u0103n\u0103tatea intestinal\u0103.<br \/>\nIncluderea de ingrediente func\u021bionale, cum ar fi m\u0103ce\u0219ele antioxidante \u0219i yucca shidigera, pentru a controla mirosul fecal, contribuie la calitatea vie\u021bii pisicilor noastre.<\/p>","protected":false},"featured_media":12485,"template":"","meta":[],"product_cat":[126],"product_tag":[],"_links":{"self":[{"href":"https:\/\/onlinezooshop.md\/ro\/wp-json\/wp\/v2\/product\/10508"}],"collection":[{"href":"https:\/\/onlinezooshop.md\/ro\/wp-json\/wp\/v2\/product"}],"about":[{"href":"https:\/\/onlinezooshop.md\/ro\/wp-json\/wp\/v2\/types\/product"}],"wp:featuredmedia":[{"embeddable":true,"href":"https:\/\/onlinezooshop.md\/ro\/wp-json\/wp\/v2\/media\/12485"}],"wp:attachment":[{"href":"https:\/\/onlinezooshop.md\/ro\/wp-json\/wp\/v2\/media?parent=10508"}],"wp:term":[{"taxonomy":"product_cat","embeddable":true,"href":"https:\/\/onlinezooshop.md\/ro\/wp-json\/wp\/v2\/product_cat?post=10508"},{"taxonomy":"product_tag","embeddable":true,"href":"https:\/\/onlinezooshop.md\/ro\/wp-json\/wp\/v2\/product_tag?post=10508"}],"curies":[{"name":"wp","href":"https:\/\/api.w.org\/{rel}","templated":true}]}}