{"id":10521,"date":"2021-10-20T12:48:55","date_gmt":"2021-10-20T09:48:55","guid":{"rendered":"https:\/\/onlinezooshop.md\/?post_type=product&#038;p=10521"},"modified":"2025-12-16T16:10:09","modified_gmt":"2025-12-16T13:10:09","slug":"dry-dog-all-breed-adult-lamb-rice-potatoes-12-kg","status":"publish","type":"product","link":"https:\/\/onlinezooshop.md\/ro\/magazin\/dry-dog-all-breed-adult-lamb-rice-potatoes-12-kg\/","title":{"rendered":"Monge DRY DOG ALL BREED ADULT Lamb\/Rice\/Potatoes 12 \u043a\u0433"},"content":{"rendered":"<p>Miel (proasp\u0103t 10%, deshidratat 28%), orez, concentrat proteic din cartofi, gr\u0103sime animal\u0103 (99,5% gr\u0103sime \u00een ulei de pui, conservat cu antioxidan\u021bi naturali), porumb, pulp\u0103 de sfecl\u0103, drojdie de bere (surs\u0103 de MOC \u0219i vitamina B12), hidrolizat\u0103 proteine \u200b\u200bde origine animal\u0103: miel (proasp\u0103t 10%, deshidratat 28%), orez, concentrat proteic din cartofi, gr\u0103sime animal\u0103 (con\u021binut de gr\u0103sime \u00een uleiul de pui 99,5%, conserve cu antioxidan\u021bi naturali), porumb, pulp\u0103 de sfecl\u0103, drojdie de bere (surs\u0103 de MOC \u0219i vitamina B12), proteine \u200b\u200banimale hidrolizate.<\/p>","protected":false},"excerpt":{"rendered":"<p>Linia special\u0103 Monge cu miel, orez \u0219i cartofi este o hran\u0103 complet\u0103 \u0219i echilibrat\u0103 pentru c\u00e2inii adul\u021bi de toate rasele care necesit\u0103 o hran\u0103 foarte digerabil\u0103. Ele garanteaz\u0103 bun\u0103starea c\u00e2inelui t\u0103u cu nutrien\u021bi de foarte \u00eenalt\u0103 calitate. Alimente cu gust bun \u0219i garan\u021bia unei singure proteine: un singur tip de carne. Ingredientul principal este carnea de miel \u0219i este fortificat cu XOS (Xylooligozaharide), cea mai recent\u0103 genera\u021bie de prebiotice care sus\u021bin s\u0103n\u0103tatea intestinal\u0103. Contine extract de anghinare, echinaceea, oregano si usturoi pentru a stimula sistemul imunitar si a proteja ficatul. Condroitina, Glucozamina, Calciul \u0219i Fosforul ajut\u0103 la dezvoltarea corect\u0103 a articula\u021biilor \u0219i mu\u0219chilor.<\/p>","protected":false},"featured_media":12580,"template":"","meta":[],"product_cat":[130],"product_tag":[],"_links":{"self":[{"href":"https:\/\/onlinezooshop.md\/ro\/wp-json\/wp\/v2\/product\/10521"}],"collection":[{"href":"https:\/\/onlinezooshop.md\/ro\/wp-json\/wp\/v2\/product"}],"about":[{"href":"https:\/\/onlinezooshop.md\/ro\/wp-json\/wp\/v2\/types\/product"}],"wp:featuredmedia":[{"embeddable":true,"href":"https:\/\/onlinezooshop.md\/ro\/wp-json\/wp\/v2\/media\/12580"}],"wp:attachment":[{"href":"https:\/\/onlinezooshop.md\/ro\/wp-json\/wp\/v2\/media?parent=10521"}],"wp:term":[{"taxonomy":"product_cat","embeddable":true,"href":"https:\/\/onlinezooshop.md\/ro\/wp-json\/wp\/v2\/product_cat?post=10521"},{"taxonomy":"product_tag","embeddable":true,"href":"https:\/\/onlinezooshop.md\/ro\/wp-json\/wp\/v2\/product_tag?post=10521"}],"curies":[{"name":"wp","href":"https:\/\/api.w.org\/{rel}","templated":true}]}}