{"id":10526,"date":"2021-10-20T12:53:14","date_gmt":"2021-10-20T09:53:14","guid":{"rendered":"https:\/\/onlinezooshop.md\/?post_type=product&#038;p=10526"},"modified":"2025-12-16T16:11:17","modified_gmt":"2025-12-16T13:11:17","slug":"dry-dog-all-breed-adult-monoprotein-beef-rice-12-kg","status":"publish","type":"product","link":"https:\/\/onlinezooshop.md\/ro\/magazin\/dry-dog-all-breed-adult-monoprotein-beef-rice-12-kg\/","title":{"rendered":"Monge DRY DOG ALL BREED ADULT MONOPROTEIN BEEF\/RICE 12 \u043a\u0433"},"content":{"rendered":"<p>Valoare nutri\u021bional\u0103: protein\u0103 brut\u0103 27,00%, uleiuri \u0219i gr\u0103simi brute 16,00%, fibre brute 2,2%, cenu\u0219\u0103 brut\u0103 9,00%, calciu 1,50%, fosfor 1,30%, magneziu 0,09%, sodiu 0,40%, acizi gra\u0219i omega-6 omega-50% -3 acizi gra\u0219i 0,40%, valoare energetic\u0103 4030 kcal\/kg.<\/p>\n<p>Ingrediente: carne de vita (carne proaspata 10%, carne deshidratata 30%), orez (min.5%), grasime animala (ulei de tala conservat cu antioxidanti naturali), proteina din cartofi, porumb, pulpa uscata de sfecla, proteina animala hidrolizata.<\/p>","protected":false},"excerpt":{"rendered":"<p>Monge Dog All Breeds Beef and Rice- hrana pentru caini de toate rasele carne de vita cu orez 12 kg Dieta completa pentru caini adulti de toate rasele cu o singura sursa de proteine \u200b\u200banimale.<\/p>","protected":false},"featured_media":12581,"template":"","meta":[],"product_cat":[130],"product_tag":[],"_links":{"self":[{"href":"https:\/\/onlinezooshop.md\/ro\/wp-json\/wp\/v2\/product\/10526"}],"collection":[{"href":"https:\/\/onlinezooshop.md\/ro\/wp-json\/wp\/v2\/product"}],"about":[{"href":"https:\/\/onlinezooshop.md\/ro\/wp-json\/wp\/v2\/types\/product"}],"wp:featuredmedia":[{"embeddable":true,"href":"https:\/\/onlinezooshop.md\/ro\/wp-json\/wp\/v2\/media\/12581"}],"wp:attachment":[{"href":"https:\/\/onlinezooshop.md\/ro\/wp-json\/wp\/v2\/media?parent=10526"}],"wp:term":[{"taxonomy":"product_cat","embeddable":true,"href":"https:\/\/onlinezooshop.md\/ro\/wp-json\/wp\/v2\/product_cat?post=10526"},{"taxonomy":"product_tag","embeddable":true,"href":"https:\/\/onlinezooshop.md\/ro\/wp-json\/wp\/v2\/product_tag?post=10526"}],"curies":[{"name":"wp","href":"https:\/\/api.w.org\/{rel}","templated":true}]}}