{"id":10530,"date":"2021-10-20T13:21:36","date_gmt":"2021-10-20T10:21:36","guid":{"rendered":"https:\/\/onlinezooshop.md\/?post_type=product&#038;p=10530"},"modified":"2025-12-16T16:13:02","modified_gmt":"2025-12-16T13:13:02","slug":"dry-dog-all-breed-adult-rabbit-rice-potatoes-2-5-kg","status":"publish","type":"product","link":"https:\/\/onlinezooshop.md\/ro\/magazin\/dry-dog-all-breed-adult-rabbit-rice-potatoes-2-5-kg\/","title":{"rendered":"Monge DRY DOG ALL BREED ADULT Rabbit\/Rice\/Potatoes 2.5 \u043a\u0433"},"content":{"rendered":"<p id=\"tw-target-text\" class=\"tw-data-text tw-ta tw-text-small\" dir=\"ltr\" data-placeholder=\"\u041f\u0435\u0440\u0435\u0432\u043e\u0434\"><span lang=\"ru\">Ingredientul principal este iepurele \u0219i sunt \u00eembog\u0103\u021bi\u021bi cu XOS (Xylooligozaharide), cea mai recent\u0103 genera\u021bie de prebiotice care sus\u021bin s\u0103n\u0103tatea intestinal\u0103. Contine extract de anghinare, echinaceea, oregano si usturoi pentru a stimula sistemul imunitar si a proteja ficatul.<\/span><\/p>\n<p id=\"tw-target-text\" class=\"tw-data-text tw-ta tw-text-small\" dir=\"ltr\" data-placeholder=\"\u041f\u0435\u0440\u0435\u0432\u043e\u0434\"><span lang=\"ru\">Iepure (proasp\u0103t 10%, deshidratat 23%), orez, concentrat proteic de cartofi, porumb, pulp\u0103 de sfecl\u0103, drojdie de bere (surs\u0103 MOC \u0219i vitamina B12), proteine \u200b\u200banimale hidrolizate, gr\u0103sime animal\u0103 (99,5% gr\u0103sime ulei de pui, conservat\u0103 cu antioxidan\u021bi naturali) .<\/span><\/p>","protected":false},"excerpt":{"rendered":"<p>Linia special\u0103 Monge cu iepure, orez \u0219i cartofi este o hran\u0103 complet\u0103 pentru c\u00e2inii adul\u021bi de toate rasele care necesit\u0103 o hran\u0103 u\u0219or digerabil\u0103 care previne intoleran\u021ba alimentar\u0103. Ele garanteaz\u0103 bun\u0103starea c\u00e2inelui t\u0103u cu nutrien\u021bi de foarte \u00eenalt\u0103 calitate care sunt rezultatul cercet\u0103rilor. Alimente cu gust bun \u0219i garan\u021bia unei singure proteine: un singur tip de carne.<\/p>","protected":false},"featured_media":12582,"template":"","meta":[],"product_cat":[130],"product_tag":[],"_links":{"self":[{"href":"https:\/\/onlinezooshop.md\/ro\/wp-json\/wp\/v2\/product\/10530"}],"collection":[{"href":"https:\/\/onlinezooshop.md\/ro\/wp-json\/wp\/v2\/product"}],"about":[{"href":"https:\/\/onlinezooshop.md\/ro\/wp-json\/wp\/v2\/types\/product"}],"wp:featuredmedia":[{"embeddable":true,"href":"https:\/\/onlinezooshop.md\/ro\/wp-json\/wp\/v2\/media\/12582"}],"wp:attachment":[{"href":"https:\/\/onlinezooshop.md\/ro\/wp-json\/wp\/v2\/media?parent=10530"}],"wp:term":[{"taxonomy":"product_cat","embeddable":true,"href":"https:\/\/onlinezooshop.md\/ro\/wp-json\/wp\/v2\/product_cat?post=10530"},{"taxonomy":"product_tag","embeddable":true,"href":"https:\/\/onlinezooshop.md\/ro\/wp-json\/wp\/v2\/product_tag?post=10530"}],"curies":[{"name":"wp","href":"https:\/\/api.w.org\/{rel}","templated":true}]}}