{"id":10533,"date":"2021-10-20T13:24:10","date_gmt":"2021-10-20T10:24:10","guid":{"rendered":"https:\/\/onlinezooshop.md\/?post_type=product&#038;p=10533"},"modified":"2025-12-16T16:14:08","modified_gmt":"2025-12-16T13:14:08","slug":"dry-dog-all-breed-adult-salmon-rice-25-kg","status":"publish","type":"product","link":"https:\/\/onlinezooshop.md\/ro\/magazin\/dry-dog-all-breed-adult-salmon-rice-25-kg\/","title":{"rendered":"Monge DRY DOG ALL BREED ADULT Salmon\/Rice 2,5 \u043a\u0433"},"content":{"rendered":"<p id=\"tw-target-text\" class=\"tw-data-text tw-ta tw-text-small\" dir=\"ltr\" data-placeholder=\"\u041f\u0435\u0440\u0435\u0432\u043e\u0434\"><span lang=\"ru\">Ingredientul principal este somonul \u0219i este fortificat cu XOS (Xylooligozaharide), cea mai recent\u0103 genera\u021bie de prebiotice care sus\u021bin s\u0103n\u0103tatea intestinal\u0103.<\/span><\/p>\n<p id=\"tw-target-text\" class=\"tw-data-text tw-ta tw-text-small\" dir=\"ltr\" data-placeholder=\"\u041f\u0435\u0440\u0435\u0432\u043e\u0434\"><span lang=\"ru\">Somon (proaspat 10%, deshidratat 26%), orez, pulpa de sfecla, drojdie de bere (sursa de MOC si vitamina B12), grasime animala (somon conservat cu antioxidanti naturali), proteine \u200b\u200banimale hidrolizate, XOS (xilooligozaharide 3 g\/kg).<\/span><\/p>","protected":false},"excerpt":{"rendered":"<p>Linia speciala Monge cu somon si orez este o hrana completa pentru toate rasele, pentru cainii adulti sunt necesare alimente usor digerabile pentru a preveni intolerantele alimentare. Asigura\u021bi-v\u0103 bun\u0103starea c\u00e2inelui dvs. cu nutrien\u021bi de foarte \u00eenalt\u0103 calitate. Alimente cu gust bun \u0219i garan\u021bia unei singure proteine: un singur tip de carne.<\/p>","protected":false},"featured_media":12583,"template":"","meta":[],"product_cat":[130],"product_tag":[],"_links":{"self":[{"href":"https:\/\/onlinezooshop.md\/ro\/wp-json\/wp\/v2\/product\/10533"}],"collection":[{"href":"https:\/\/onlinezooshop.md\/ro\/wp-json\/wp\/v2\/product"}],"about":[{"href":"https:\/\/onlinezooshop.md\/ro\/wp-json\/wp\/v2\/types\/product"}],"wp:featuredmedia":[{"embeddable":true,"href":"https:\/\/onlinezooshop.md\/ro\/wp-json\/wp\/v2\/media\/12583"}],"wp:attachment":[{"href":"https:\/\/onlinezooshop.md\/ro\/wp-json\/wp\/v2\/media?parent=10533"}],"wp:term":[{"taxonomy":"product_cat","embeddable":true,"href":"https:\/\/onlinezooshop.md\/ro\/wp-json\/wp\/v2\/product_cat?post=10533"},{"taxonomy":"product_tag","embeddable":true,"href":"https:\/\/onlinezooshop.md\/ro\/wp-json\/wp\/v2\/product_tag?post=10533"}],"curies":[{"name":"wp","href":"https:\/\/api.w.org\/{rel}","templated":true}]}}