{"id":10537,"date":"2021-10-20T13:30:57","date_gmt":"2021-10-20T10:30:57","guid":{"rendered":"https:\/\/onlinezooshop.md\/?post_type=product&#038;p=10537"},"modified":"2025-12-16T16:05:35","modified_gmt":"2025-12-16T13:05:35","slug":"dry-dog-all-breed-puppy-beef-rice-12-kg","status":"publish","type":"product","link":"https:\/\/onlinezooshop.md\/ro\/magazin\/dry-dog-all-breed-puppy-beef-rice-12-kg\/","title":{"rendered":"Monge DRY DOG ALL BREED PUPPY Beef\/Rice 12 \u043a\u0433"},"content":{"rendered":"<p>COMPOZITIE: Carne de vita (uscata 30%, carne proaspata 10%), orez (15%), porumb, grasime animala (ulei de pui purificat pana la 99,5%), proteine \u200b\u200bdin cartofi, drojdie de bere, cartofi, pulpa de sfecla uscata, proteine \u200b\u200banimale hidrolizate (ficat). ), ulei de pe\u0219te (ulei de somon), minerale, produse din drojdie (manano-oligozaharide MOS 1%), xilo-oligozaharide (XOS 0,3%), yucca shidigera (0,3%), f\u0103in\u0103 de alge (spirulina - Arthrospira platensis 0,3%), plante produse (r\u0103d\u0103cin\u0103 de Echinacea purpurea 0,2%, Origanum Vulgare 0,1%), usturoi uscat (0,2%), glucozamin\u0103 (0,057%), sulfat de condroitin\u0103 (0,04%).<\/p>\n<p>VALORI NUTRI\u021aIONALE: Proteine \u200b\u200bbrute: 31%, fibre brute: 2%, gr\u0103simi brute: 17%, cenu\u0219\u0103 brut\u0103: 7%, calciu: 1,6%, fosfor: 1,1%, calciu\/fosfor = 1,4, acizi gra\u0219i n-3: 0,5 %, n -6 acizi gra\u0219i: 4% Valoare energetic\u0103: 4170 kcal\/kg.<\/p>","protected":false},"excerpt":{"rendered":"<p>Monge Natural Superpremium All Breed Monoprotein pentru catei si juniori cu carne de vita si orez este o hrana completa pentru cateii de orice marime.<\/p>\n<p>Special formulat pentru s\u0103n\u0103tatea c\u00e2inelui t\u0103u, cu nutrien\u021bi de \u00eenalt\u0103 calitate.<br \/>\nProdusul contine unica sursa de proteine \u200b\u200banimale - carnea de vita, cu adaos de carne proaspata pentru digestibilitate si gust perfecte. Re\u021beta este completat\u0103 de urm\u0103toarea genera\u021bie de xilo-oligozaharide (XOS), care sunt prebiotice pentru a sus\u021bine s\u0103n\u0103tatea intestinal\u0103, precum \u0219i ingrediente din plante \u0219i extracte precum r\u0103d\u0103cina de echinaceea, oregano, usturoi \u0219i extract de anghinare. Formularea con\u021bine, de asemenea, glucozamin\u0103 \u0219i sulfat de condroitin\u0103 pentru a sprijini dezvoltarea articula\u021biilor \u0219i un raport echilibrat calciu\/fosfor pentru cre\u0219terea regulat\u0103 a oaselor \u0219i articula\u021biilor c\u0103\u021belu\u0219ului.<\/p>","protected":false},"featured_media":12576,"template":"","meta":[],"product_cat":[130],"product_tag":[],"_links":{"self":[{"href":"https:\/\/onlinezooshop.md\/ro\/wp-json\/wp\/v2\/product\/10537"}],"collection":[{"href":"https:\/\/onlinezooshop.md\/ro\/wp-json\/wp\/v2\/product"}],"about":[{"href":"https:\/\/onlinezooshop.md\/ro\/wp-json\/wp\/v2\/types\/product"}],"wp:featuredmedia":[{"embeddable":true,"href":"https:\/\/onlinezooshop.md\/ro\/wp-json\/wp\/v2\/media\/12576"}],"wp:attachment":[{"href":"https:\/\/onlinezooshop.md\/ro\/wp-json\/wp\/v2\/media?parent=10537"}],"wp:term":[{"taxonomy":"product_cat","embeddable":true,"href":"https:\/\/onlinezooshop.md\/ro\/wp-json\/wp\/v2\/product_cat?post=10537"},{"taxonomy":"product_tag","embeddable":true,"href":"https:\/\/onlinezooshop.md\/ro\/wp-json\/wp\/v2\/product_tag?post=10537"}],"curies":[{"name":"wp","href":"https:\/\/api.w.org\/{rel}","templated":true}]}}