{"id":10544,"date":"2021-10-20T13:34:35","date_gmt":"2021-10-20T10:34:35","guid":{"rendered":"https:\/\/onlinezooshop.md\/?post_type=product&#038;p=10544"},"modified":"2025-12-16T16:03:18","modified_gmt":"2025-12-16T13:03:18","slug":"dry-dog-all-breed-puppy-lamb-rice-800-gr","status":"publish","type":"product","link":"https:\/\/onlinezooshop.md\/ro\/magazin\/dry-dog-all-breed-puppy-lamb-rice-800-gr\/","title":{"rendered":"Monge DRY DOG ALL BREED PUPPY Lamb\/Rice 800 \u0433\u0440"},"content":{"rendered":"<p>Miel (proasp\u0103t 10%, 30% deshidratat), orez, porumb, gr\u0103sime animal\u0103 (99,6% gr\u0103sime \u00een ulei de pui, conservat cu antioxidan\u021bi naturali), concentrat proteic de cartofi, pulp\u0103 de sfecl\u0103, drojdie de bere (surs\u0103 MOS \u0219i vitamina B12), animal hidrolizat proteine, fulgi de ovaz (o sursa de fibre nobile), praf de ou intreg (bogat in proteine \u200b\u200bnobile), XOS (xilooligozaharide 3 g\/kg).<\/p>","protected":false},"excerpt":{"rendered":"<p>Monge DRY DOG ALL BREED PUPPY cu miel si orez - hrana completa pentru catei de toate marimile. Ele garanteaz\u0103 bun\u0103starea c\u00e2inelui t\u0103u cu nutrien\u021bi de foarte \u00eenalt\u0103 calitate. Ingredientul principal este carnea de miel \u0219i este fortificat cu XOS (Xylooligozaharide), cea mai recent\u0103 genera\u021bie de prebiotice care sus\u021bin s\u0103n\u0103tatea intestinal\u0103.<\/p>","protected":false},"featured_media":12575,"template":"","meta":[],"product_cat":[130],"product_tag":[],"_links":{"self":[{"href":"https:\/\/onlinezooshop.md\/ro\/wp-json\/wp\/v2\/product\/10544"}],"collection":[{"href":"https:\/\/onlinezooshop.md\/ro\/wp-json\/wp\/v2\/product"}],"about":[{"href":"https:\/\/onlinezooshop.md\/ro\/wp-json\/wp\/v2\/types\/product"}],"wp:featuredmedia":[{"embeddable":true,"href":"https:\/\/onlinezooshop.md\/ro\/wp-json\/wp\/v2\/media\/12575"}],"wp:attachment":[{"href":"https:\/\/onlinezooshop.md\/ro\/wp-json\/wp\/v2\/media?parent=10544"}],"wp:term":[{"taxonomy":"product_cat","embeddable":true,"href":"https:\/\/onlinezooshop.md\/ro\/wp-json\/wp\/v2\/product_cat?post=10544"},{"taxonomy":"product_tag","embeddable":true,"href":"https:\/\/onlinezooshop.md\/ro\/wp-json\/wp\/v2\/product_tag?post=10544"}],"curies":[{"name":"wp","href":"https:\/\/api.w.org\/{rel}","templated":true}]}}