{"id":10547,"date":"2021-10-20T13:37:29","date_gmt":"2021-10-20T10:37:29","guid":{"rendered":"https:\/\/onlinezooshop.md\/?post_type=product&#038;p=10547"},"modified":"2025-12-16T15:57:28","modified_gmt":"2025-12-16T12:57:28","slug":"dry-dog-all-breed-puppy-salmone-rice-25-kg","status":"publish","type":"product","link":"https:\/\/onlinezooshop.md\/ro\/magazin\/dry-dog-all-breed-puppy-salmone-rice-25-kg\/","title":{"rendered":"Monge DRY DOG ALL BREED PUPPY Salmone\/Rice 2,5 \u043a\u0433"},"content":{"rendered":"<p>Pe\u0219te (somon proasp\u0103t 10%, deshidratat 26%), orez, concentrat proteic din cartofi, porumb, pulp\u0103 de sfecl\u0103, gluten de porumb, drojdie de bere (surs\u0103 MOC \u0219i vitamina B12), proteine \u200b\u200banimale hidrolizate, gr\u0103sime animal\u0103 (99,6% gr\u0103sime ulei de pui) la conserva cu antioxidanti naturali), fulgi de ovaz (bogat in fibre nobile).<\/p>","protected":false},"excerpt":{"rendered":"<p>Monge DRY DOG ALL BREED PUPPY cu somon si orez este o hrana completa pentru cateii de toate marimile. Ele garanteaz\u0103 bun\u0103starea c\u00e2inelui t\u0103u cu nutrien\u021bi de foarte \u00eenalt\u0103 calitate. Alimente cu gust bun \u0219i garan\u021bia unei singure proteine: un singur tip de carne. Ingredientul principal este somonul \u0219i este fortificat cu XOS (Xylooligozaharide), cea mai recent\u0103 genera\u021bie de prebiotice care sus\u021bin s\u0103n\u0103tatea intestinal\u0103.<\/p>","protected":false},"featured_media":12574,"template":"","meta":[],"product_cat":[130],"product_tag":[],"_links":{"self":[{"href":"https:\/\/onlinezooshop.md\/ro\/wp-json\/wp\/v2\/product\/10547"}],"collection":[{"href":"https:\/\/onlinezooshop.md\/ro\/wp-json\/wp\/v2\/product"}],"about":[{"href":"https:\/\/onlinezooshop.md\/ro\/wp-json\/wp\/v2\/types\/product"}],"wp:featuredmedia":[{"embeddable":true,"href":"https:\/\/onlinezooshop.md\/ro\/wp-json\/wp\/v2\/media\/12574"}],"wp:attachment":[{"href":"https:\/\/onlinezooshop.md\/ro\/wp-json\/wp\/v2\/media?parent=10547"}],"wp:term":[{"taxonomy":"product_cat","embeddable":true,"href":"https:\/\/onlinezooshop.md\/ro\/wp-json\/wp\/v2\/product_cat?post=10547"},{"taxonomy":"product_tag","embeddable":true,"href":"https:\/\/onlinezooshop.md\/ro\/wp-json\/wp\/v2\/product_tag?post=10547"}],"curies":[{"name":"wp","href":"https:\/\/api.w.org\/{rel}","templated":true}]}}