{"id":10549,"date":"2021-10-20T13:41:47","date_gmt":"2021-10-20T10:41:47","guid":{"rendered":"https:\/\/onlinezooshop.md\/?post_type=product&#038;p=10549"},"modified":"2025-12-16T15:55:53","modified_gmt":"2025-12-16T12:55:53","slug":"dry-dog-bwild-gf-mini-adult-duck-potatoes-25-kg","status":"publish","type":"product","link":"https:\/\/onlinezooshop.md\/ro\/magazin\/dry-dog-bwild-gf-mini-adult-duck-potatoes-25-kg\/","title":{"rendered":"Monge DRY DOG BWILD GF MINI ADULT Duck\/Potatoes 2,5 \u043a\u0433"},"content":{"rendered":"<p>Ginseng, o surs\u0103 bogat\u0103 de vitamine, uleiuri \u0219i microelemente, are un efect general de \u00eent\u0103rire asupra organismului, ajut\u0103 la reducerea nivelului de colesterol din s\u00e2nge. Cuprins X.O.S. \u0219i M.O.S. ajut\u0103 la men\u021binerea echilibrului natural al microflorei intestinale, promoveaz\u0103 absorb\u021bia optim\u0103 a nutrien\u021bilor \u0219i \u00eembun\u0103t\u0103\u021be\u0219te imunitatea. Glucozamin\u0103 \u0219i condroitina pentru s\u0103n\u0103tatea articula\u021biilor. Aceste substan\u021be din compozi\u021bia furajului contribuie la func\u021bionarea normal\u0103 a articula\u021biilor sistemului musculo-scheletic. Spirulina ca sursa naturala de calciu si vitamina B12 sustine sanatatea sistemului cardiovascular si a sistemului musculo-scheletic, are efecte antialergice si antiinflamatorii. \u00cendep\u0103rteaz\u0103 toxinele din intestine, \u00eembun\u0103t\u0103\u021be\u0219te metabolismul \u0219i scade nivelul de colesterol.<\/p>\n<p><b>Con\u021binut:\u00a0<\/b>carne de ra\u021b\u0103 (deshidratat\u0103 38%, carne proasp\u0103t\u0103 10%), cartofi (20%), gr\u0103sime animal\u0103 (17%) (ulei rafinat de ra\u021b\u0103 99,5%), proteine \u200b\u200bdin cartofi (8%), drojdie de bere, pulp\u0103 uscat\u0103 de sfecl\u0103, protein\u0103 animal\u0103 hidrolizat\u0103 , ulei de pe\u0219te (ulei de somon rafinat 99,5%), minerale, mananoligozaharide (M.OS 1%), xilooligosanharide (H.OS. 0,3%), Shidigera yucca (0,3%), spirulina (0,3%), glucozamin\u0103 (0,057%) , sulfat de condraitin\u0103 (0,04%), proteine \u200b\u200bdin lapte praf.<\/p>\n<p><b>VALOAREA NUTRI\u021aIONAL\u0102 \u00ceN UN KG:<\/b>\u00a0proteine \u200b\u200bbrute 30%, fibre brute 2%, gr\u0103simi brute 20%, cenu\u0219\u0103 brut\u0103 7,5%, acizi gra\u0219i Omega-3 0,4%, acizi gra\u0219i Omega-6 3,6%.<\/p>\n<p><b>Recomand\u0103ri pentru hr\u0103nire:<\/b>\u00a0M\u00e2ncarea poate fi servit\u0103 uscat\u0103 sau \u00eenmuiat\u0103 \u00een ap\u0103 cald\u0103. Aloca\u021bia zilnic\u0103 poate varia \u00een func\u021bie de nevoile individuale ale animalului. Dieta recomandat\u0103 este prezentat\u0103 \u00een tabel \u0219i poate fi \u00eemp\u0103r\u021bit\u0103 \u00een 2 mese. Este important ca c\u00e2inele s\u0103 aib\u0103 \u00eentotdeauna ap\u0103 proasp\u0103t\u0103 de b\u0103ut. Trecerea la aceast\u0103 diet\u0103 se realizeaz\u0103 \u00een 7 zile.<\/p>","protected":false},"excerpt":{"rendered":"<p>DRY DOG BWILD GF MINI ADULT Ra\u021b\u0103 \/ Cartofi- este o diet\u0103 complet\u0103, echilibrat\u0103, f\u0103r\u0103 cereale pentru c\u00e2inii adul\u021bi de talie mic\u0103 predispu\u0219i la reac\u021bii alergice la gluten. M\u00e2ncarea este f\u0103cut\u0103 din carne de ra\u021b\u0103 cu adaos de cartofi. Formula con\u021bine M.O.S \u0219i X.O.S pentru a ajuta la men\u021binerea echilibrului natural al microflorei intestinale \u0219i pentru a promova absorb\u021bia optim\u0103 a nutrien\u021bilor. Dieta este \u00eembog\u0103\u021bit\u0103 cu acizi gra\u0219i omega-3 \u0219i omega-6 pentru frumuse\u021bea blanii \u0219i s\u0103n\u0103tatea pielii.<\/p>","protected":false},"featured_media":12573,"template":"","meta":[],"product_cat":[130],"product_tag":[],"_links":{"self":[{"href":"https:\/\/onlinezooshop.md\/ro\/wp-json\/wp\/v2\/product\/10549"}],"collection":[{"href":"https:\/\/onlinezooshop.md\/ro\/wp-json\/wp\/v2\/product"}],"about":[{"href":"https:\/\/onlinezooshop.md\/ro\/wp-json\/wp\/v2\/types\/product"}],"wp:featuredmedia":[{"embeddable":true,"href":"https:\/\/onlinezooshop.md\/ro\/wp-json\/wp\/v2\/media\/12573"}],"wp:attachment":[{"href":"https:\/\/onlinezooshop.md\/ro\/wp-json\/wp\/v2\/media?parent=10549"}],"wp:term":[{"taxonomy":"product_cat","embeddable":true,"href":"https:\/\/onlinezooshop.md\/ro\/wp-json\/wp\/v2\/product_cat?post=10549"},{"taxonomy":"product_tag","embeddable":true,"href":"https:\/\/onlinezooshop.md\/ro\/wp-json\/wp\/v2\/product_tag?post=10549"}],"curies":[{"name":"wp","href":"https:\/\/api.w.org\/{rel}","templated":true}]}}