{"id":10551,"date":"2021-10-20T13:43:39","date_gmt":"2021-10-20T10:43:39","guid":{"rendered":"https:\/\/onlinezooshop.md\/?post_type=product&#038;p=10551"},"modified":"2025-12-16T15:55:18","modified_gmt":"2025-12-16T12:55:18","slug":"dry-dog-bwild-gf-puppy-duck-potatoes-25-kg","status":"publish","type":"product","link":"https:\/\/onlinezooshop.md\/ro\/magazin\/dry-dog-bwild-gf-puppy-duck-potatoes-25-kg\/","title":{"rendered":"Monge DRY DOG BWILD GF PUPPY Duck\/Potatoes 2,5 \u043a\u0433"},"content":{"rendered":"<p>Glucozamina \u0219i condroitina au un efect benefic asupra s\u0103n\u0103t\u0103\u021bii articula\u021biilor \u0219i a \u00eentregului sistem musculo-scheletic \u0219i servesc ca prevenirea bolilor articulare. Hrana este foarte digerabil\u0103 \u0219i contribuie la dezvoltarea corect\u0103 a c\u0103\u021belu\u0219ului.<\/p>\n<p>Con\u021bine X.O.S. \u0219i M.O.S ajut\u0103 la men\u021binerea echilibrului natural al microflorei intestinale, promoveaz\u0103 absorb\u021bia optim\u0103 a nutrien\u021bilor \u0219i spore\u0219te imunitatea.<\/p>\n<p>Con\u021binut ridicat de proteine \u200b\u200b\u0219i gr\u0103simi pentru o dezvoltare adecvat\u0103 a c\u0103\u021belului. Bogat\u0103 \u00een proteine \u200b\u200b\u0219i gr\u0103simi, aceast\u0103 hran\u0103 este special formulat\u0103 pentru metabolismul rapid al c\u0103\u021beilor. Con\u021binutul ridicat de proteine \u200b\u200banimale contribuie la formarea corect\u0103 a mu\u0219chilor puternici la c\u0103\u021beii de talie mare.<\/p>\n<p><b>Con\u021binut:<\/b>\u00a0carne de ra\u021b\u0103 (deshidratat\u0103 38%, carne proasp\u0103t\u0103 15%), cartofi (13%), gr\u0103sime animal\u0103 (13%) (ulei de ra\u021b\u0103 rafinat 99,5%), proteine \u200b\u200bdin cartofi (10%), drojdie de bere, pulp\u0103 uscat\u0103 de sfecl\u0103, gr\u0103sime de pe\u0219te ( ulei de somon rafinat 99,5%), proteine \u200b\u200banimale hidrolizate, minerale, mananoligozaharide (M.OS 1%), xilooligosanharide (H.OS 0,3%), Shidigera yucca (0,3%), spirulina (0,3%), glucozamin\u0103 (0,057%), sulfat de condraitin\u0103 (0,04%), proteine \u200b\u200bdin lapte praf.<\/p>\n<p><b>VALOAREA NUTRI\u021aIONAL\u0102 \u00ceN UN KG:<\/b>\u00a0proteine \u200b\u200bbrute 29%, fibre brute 2%, gr\u0103simi brute 18%, cenu\u0219\u0103 brut\u0103 7,5%, calciu 1,5%, fosfor 1%, acizi gra\u0219i omega-3 0,7%, acizi gra\u0219i omega-6 3%.<\/p>","protected":false},"excerpt":{"rendered":"<p>DRY DOG BWILD GF PUPPY Ra\u021b\u0103 \/ Cartofi- diet\u0103 complet\u0103, echilibrat\u0103, f\u0103r\u0103 cereale, pentru c\u0103\u021beii de toate rasele predispu\u0219i la reac\u021bii alergice la gluten, precum \u0219i pentru animalele tinere cu un stil de via\u021b\u0103 activ. Ra\u021bia este unic\u0103 \u00een linia de alimente Monge, deoarece se bazeaz\u0103 pe carne de ra\u021b\u0103, care este considerat\u0103 una dintre cele mai valoroase surse de proteine \u200b\u200bcomplete \u0219i vitamine B.<\/p>\n<p>Un echilibru optim de Omega-3 \u0219i Omega-6 \u00een compozi\u021bia furajului este extrem de important pentru men\u021binerea frumuse\u021bii blanii \u0219i a s\u0103n\u0103t\u0103\u021bii pielii.<\/p>","protected":false},"featured_media":12572,"template":"","meta":[],"product_cat":[130],"product_tag":[],"_links":{"self":[{"href":"https:\/\/onlinezooshop.md\/ro\/wp-json\/wp\/v2\/product\/10551"}],"collection":[{"href":"https:\/\/onlinezooshop.md\/ro\/wp-json\/wp\/v2\/product"}],"about":[{"href":"https:\/\/onlinezooshop.md\/ro\/wp-json\/wp\/v2\/types\/product"}],"wp:featuredmedia":[{"embeddable":true,"href":"https:\/\/onlinezooshop.md\/ro\/wp-json\/wp\/v2\/media\/12572"}],"wp:attachment":[{"href":"https:\/\/onlinezooshop.md\/ro\/wp-json\/wp\/v2\/media?parent=10551"}],"wp:term":[{"taxonomy":"product_cat","embeddable":true,"href":"https:\/\/onlinezooshop.md\/ro\/wp-json\/wp\/v2\/product_cat?post=10551"},{"taxonomy":"product_tag","embeddable":true,"href":"https:\/\/onlinezooshop.md\/ro\/wp-json\/wp\/v2\/product_tag?post=10551"}],"curies":[{"name":"wp","href":"https:\/\/api.w.org\/{rel}","templated":true}]}}