{"id":10556,"date":"2021-10-20T13:47:36","date_gmt":"2021-10-20T10:47:36","guid":{"rendered":"https:\/\/onlinezooshop.md\/?post_type=product&#038;p=10556"},"modified":"2025-12-16T16:42:19","modified_gmt":"2025-12-16T13:42:19","slug":"dry-dog-bwild-lg-adult-boar-2-5-kg","status":"publish","type":"product","link":"https:\/\/onlinezooshop.md\/ro\/magazin\/dry-dog-bwild-lg-adult-boar-2-5-kg\/","title":{"rendered":"Monge DRY DOG BWILD LG ADULT Boar 2.5 \u043a\u0433"},"content":{"rendered":"<p>Un produs perfect echilibrat cu un continut ridicat de proteine.<\/p>\n<p><b>Ingrediente:<\/b>\u00a0mistret (35% carne deshidratata si 15% carne proaspata), mazare galbena, grasime animala (untura conservata cu antioxidanti naturali), amidon de tapioca, orez, ovaz, pulpa uscata de sfecla, proteina animala hidrolizata, drojdie de bere (sursa de MOC si vitamina B12). ), ou \u00eentreg uscat (1% proteine \u200b\u200bvaloroase), semin\u021be de in (1%), morcovi usca\u021bi (1%), ro\u0219ii uscate (1%), fibre de maz\u0103re insolubile, yucca Shidigera, spirulina, tulpin\u0103 de ananas, ginseng, m\u0103r deshidratat, afine deshidratate, afine deshidratate, zmeura deshidratata, KOS (xilo-oligozaharide 3 g\/kg), drojdie hidrolizata (sursa de MOS), cartilaj hidrolizat (sursa de sulfat de condroitina), crustacee hidrolizate (sursa de glucozamina), metilsulfonilmetan.<\/p>\n<p><b>Analiza componentelor:<\/b>\u00a0protein\u0103 brut\u0103 29,00%, uleiuri \u0219i gr\u0103simi brute 17,00%, fibre brute 2,50%, cenu\u0219\u0103 brut\u0103 7,00%, calciu 1,00%, fosfor 0,90%, acizi gra\u0219i esen\u021biali omega-6 3, 00%, acizi gra\u0219i esen\u021biali omega-3.70%.<\/p>\n<p><b>Valoare energetic\u0103:<\/b>\u00a04 200 kcal\/kg.<\/p>\n<p><b>Aditivi alimentari per kg:<\/b>\u00a0vitamina A 28.000 UI, vitamina D3 1.700 UI, vitamina E 570 mg, vitamina B1 13 mg, vitamina B2 17 mg, vitamina B6 8 mg, vitamina B12 140 mg, biotin\u0103 19 mg, acid nicotinic 75 mg, vitamina C 200 mg, pantotenic acid 20 mg, acid folic 2,60 mg, clorur\u0103 de colin\u0103 3600 mg, inozitol 3,50 mg, sulfat de mangan monohidrat 32 mg, oxid de zinc 150 mg, sulfat de cupru pentahidrat 13 mg, sulfat feros monohidrat 110 mg, selenit de sodiu 0,20 mg 1 odat de calciu. , L-carnitin\u0103 200 mg, DL-metionin\u0103 11 g.<\/p>\n<p><b>Aditivi tehnologici la un kg:<\/b>\u00a0amestec natural de tocoferol \u0219i extract comun de rozmarin.<\/p>","protected":false},"excerpt":{"rendered":"<p>Hrana DRY DOG BWILD LG ADULT Mistre\u021b- hrana completa pentru caini adulti de toate rasele, un produs perfect echilibrat cu un continut ridicat de proteine. C\u00e2inele t\u0103u va iubi imediat gustul s\u0103u. Cu vitaminele A \u0219i C pentru o blan\u0103 s\u0103n\u0103toas\u0103 \u0219i str\u0103lucitoare \u0219i ov\u0103z pentru s\u0103n\u0103tatea intestinal\u0103. Gustul delicios este sporit \u0219i de fructele de p\u0103dure \u0219i ierburi, surse bogate de nutrien\u021bi valoro\u0219i \u0219i fibre naturale necesare unei alimenta\u021bii echilibrate. Acest lucru asigur\u0103 bun\u0103starea animalului \u0219i respect\u0103 instinctul s\u0103u natural.<\/p>","protected":false},"featured_media":12588,"template":"","meta":[],"product_cat":[130],"product_tag":[],"_links":{"self":[{"href":"https:\/\/onlinezooshop.md\/ro\/wp-json\/wp\/v2\/product\/10556"}],"collection":[{"href":"https:\/\/onlinezooshop.md\/ro\/wp-json\/wp\/v2\/product"}],"about":[{"href":"https:\/\/onlinezooshop.md\/ro\/wp-json\/wp\/v2\/types\/product"}],"wp:featuredmedia":[{"embeddable":true,"href":"https:\/\/onlinezooshop.md\/ro\/wp-json\/wp\/v2\/media\/12588"}],"wp:attachment":[{"href":"https:\/\/onlinezooshop.md\/ro\/wp-json\/wp\/v2\/media?parent=10556"}],"wp:term":[{"taxonomy":"product_cat","embeddable":true,"href":"https:\/\/onlinezooshop.md\/ro\/wp-json\/wp\/v2\/product_cat?post=10556"},{"taxonomy":"product_tag","embeddable":true,"href":"https:\/\/onlinezooshop.md\/ro\/wp-json\/wp\/v2\/product_tag?post=10556"}],"curies":[{"name":"wp","href":"https:\/\/api.w.org\/{rel}","templated":true}]}}