{"id":10557,"date":"2021-10-20T13:50:21","date_gmt":"2021-10-20T10:50:21","guid":{"rendered":"https:\/\/onlinezooshop.md\/?post_type=product&#038;p=10557"},"modified":"2025-12-16T16:47:03","modified_gmt":"2025-12-16T13:47:03","slug":"dry-dog-bwild-lg-adult-deer-25-kg","status":"publish","type":"product","link":"https:\/\/onlinezooshop.md\/ro\/magazin\/dry-dog-bwild-lg-adult-deer-25-kg\/","title":{"rendered":"Monge DRY DOG BWILD LG ADULT Deer 2,5 \u043a\u0433"},"content":{"rendered":"<p>Ingrediente: Carne de cerb uscat\u0103 (38%), gr\u0103sime animal\u0103 16% (ulei de pui purificat cu 99,5%), carne proasp\u0103t\u0103 de pui (12%), maz\u0103re galben\u0103, tapioca, ov\u0103z (4%), pulp\u0103 de sfecl\u0103 uscat\u0103, proteine \u200b\u200banimale hidrolizate, drojdie de bere, minerale, seminte de in (2%), morcovi uscati (2%), pulpa de rosii uscate, fibre de mazare, pulpa de ananas uscata, pulpa de mere uscata, pulpa de afine uscata 1% (echivalent cu 8,6% afine proaspete), pulpa de merisoare uscata 1% (echivalent cu 8,6% meri\u0219oare proaspete), zmeur\u0103 uscat\u0103 1% (echivalent cu 8,6% zmeur\u0103 proasp\u0103t\u0103), xilooligozaharide (XOS 0,3%), sulfat de condroitin\u0103, glucozamin\u0103, produse din drojdie (sursa MOS), spirulina, yucca shidigera<\/p>\n<p>Ingrediente: Protein\u0103 brut\u0103 28%, fibre brute 2,60%, gr\u0103simi brute 18%, cenu\u0219\u0103 brut\u0103 7,50%, calciu 1,60%, fosfor 1,00%, n-3 acizi gra\u0219i 0,50%, n-6 acizi gra\u0219i 1,70%. Energia metabolic\u0103 (calculat\u0103 ca ap\u0103): 4170 kcal\/kg.<\/p>\n<p>Suplimente nutritive\/kg: vitamina A (acetat de retinil): 35.000 UI\/kg, vitamina D3: 1850 UI\/kg, vitamina E (alfa-tocoferil alfa-rac-alfa): 83 mg\/kg, seleniu (selenit de sodiu 0,15 mg\/ kg)): 0,06 mg\/kg, mangan (sulfat de mangan monohidrat 22,5 mg\/kg): 7,3 mg\/kg, zinc (oxid de zinc 105 mg\/kg): 84,3 mg\/kg, sulfat de cupru pentahidrat (cupru (II) 9 mg \/ kg.): 2,3 mg \/ kg, fier (sulfat de fier (II) monohidrat 75 mg \/ kg): 24,6 mg \/ kg, iod (iodat de calciu anhidru 1,2 mg \/ kg): 0,78 mg \/ kg, DL-metionin\u0103 pur\u0103 comercial : 1100 mg. \/ kg, L-carnitin\u0103: 170 mg \/ kg. ADITIVI TEHNOLOGICI: extracte de tocoferol din uleiuri vegetale.<\/p>","protected":false},"excerpt":{"rendered":"<p>Monge BWild Low Grain All Breed pentru c\u00e2ini adul\u021bi cu c\u0103prioar\u0103 - hran\u0103 complet\u0103 \u0219i echilibrat\u0103 pentru c\u00e2ini adul\u021bi. Con\u021binutul ridicat de proteine \u200b\u200banimale din carnea de cerb asigur\u0103 o diet\u0103 echilibrat\u0103, urm\u00e2nd instinctul natural al animalelor tale. Re\u021beta este formulat\u0103 cu un nivel sc\u0103zut de cereale \u0219i nu con\u021bine cartofi. Semin\u021bele de in, o surs\u0103 de acizi gra\u0219i omega-3, men\u021bin blana moale \u0219i str\u0103lucitoare. Gustul delicios este sporit \u0219i de fructe (cum ar fi afinele, merisoarele \u0219i zmeura) \u0219i legumele (morcovi), surse naturale de fibre \u0219i minerale. Re\u021beta este \u00eembog\u0103\u021bit\u0103 cu XOS (Xylooligozaharide), cea mai recent\u0103 genera\u021bie de prebiotice care sus\u021bin s\u0103n\u0103tatea intestinal\u0103. Reteta specifica asigura bunastarea animalului si ii respecta instinctul natural. Fara coloranti artificiali sau conservanti.<\/p>","protected":false},"featured_media":12589,"template":"","meta":[],"product_cat":[130],"product_tag":[],"_links":{"self":[{"href":"https:\/\/onlinezooshop.md\/ro\/wp-json\/wp\/v2\/product\/10557"}],"collection":[{"href":"https:\/\/onlinezooshop.md\/ro\/wp-json\/wp\/v2\/product"}],"about":[{"href":"https:\/\/onlinezooshop.md\/ro\/wp-json\/wp\/v2\/types\/product"}],"wp:featuredmedia":[{"embeddable":true,"href":"https:\/\/onlinezooshop.md\/ro\/wp-json\/wp\/v2\/media\/12589"}],"wp:attachment":[{"href":"https:\/\/onlinezooshop.md\/ro\/wp-json\/wp\/v2\/media?parent=10557"}],"wp:term":[{"taxonomy":"product_cat","embeddable":true,"href":"https:\/\/onlinezooshop.md\/ro\/wp-json\/wp\/v2\/product_cat?post=10557"},{"taxonomy":"product_tag","embeddable":true,"href":"https:\/\/onlinezooshop.md\/ro\/wp-json\/wp\/v2\/product_tag?post=10557"}],"curies":[{"name":"wp","href":"https:\/\/api.w.org\/{rel}","templated":true}]}}