{"id":10560,"date":"2021-10-20T13:53:43","date_gmt":"2021-10-20T10:53:43","guid":{"rendered":"https:\/\/onlinezooshop.md\/?post_type=product&#038;p=10560"},"modified":"2025-12-16T16:48:07","modified_gmt":"2025-12-16T13:48:07","slug":"dry-dog-bwild-lg-adult-goose-25-kg","status":"publish","type":"product","link":"https:\/\/onlinezooshop.md\/ro\/magazin\/dry-dog-bwild-lg-adult-goose-25-kg\/","title":{"rendered":"Monge DRY DOG BWILD LG ADULT Goose 2,5 \u043a\u0433"},"content":{"rendered":"<p>Ingrediente: Carne de gasca uscata 38%, grasime animala 16% (ulei de pui purificat cu 99,5%), carne proaspata de pui (12%), mazare galbena, tapioca, orez (5%), ovaz (4%), pulpa de sfecla rosie uscata, proteine \u200b\u200banimale hidrolizate, minerale, drojdie de bere, oua uscate, seminte de in (1%), morcovi uscati (1%), pulpa de rosii uscate (1%), fibre de mazare, yucca shidigera, spirulina, pulpa de ananas uscata, pulpa de mar uscata, uscata pulp\u0103 de afine 0,5% (echivalent cu 4,3% afine proasp\u0103t\u0103), pulp\u0103 uscat\u0103 de meri\u0219or 0,5% (echivalent cu 4,3% meri\u0219or proasp\u0103t), pulp\u0103 de zmeur\u0103 uscat\u0103 0,5% (echivalent cu 4,3% zmeur\u0103 proasp\u0103t\u0103), xilooligozaharid\u0103 (produse de drojdie XOS 0,3%) (sursa MOS), sulfat de condroitin\u0103, glucozamin\u0103, proteine \u200b\u200bdin lapte, pudr\u0103.<\/p>\n<p>Ingrediente: Protein\u0103 brut\u0103 30%, fibre brute 2,5%, gr\u0103simi brute 19%, cenu\u0219\u0103 brut\u0103 7%, calciu 1,00%, fosfor 0,90%, acizi gra\u0219i n-3 0,70%, acizi gra\u0219i n-6 3,00%. Energia metabolic\u0103 (calculat\u0103 ca ap\u0103): 4250 kcal\/kg.<\/p>\n<p>Suplimente nutritive\/kg: Vitamina A (acetat de retinil): 28000 UI\/kg, Vitamina D3: 1700 UI\/kg, Vitamina E (alfa-tocoferil-rac alfa): 570 mg\/kg, mangan (sulfat de mangan monohidrat 32 mg\/) kg ): 10,4 mg \/ kg, zinc (oxid de zinc 105 mg \/ kg): 84,3 mg \/ kg, pentahidrat de cupru (sulfat de cupru (II) 13 mg \/ kg): 3,3 mg \/ kg, sulfat feros monohidrat (fier (II) ) 110 mg\/kg): 36,2 mg\/kg, seleniu (selenit de sodiu 0,2 mg\/kg): 0,09 mg\/kg, iod (iodat de calciu anhidru 1,8 mg\/kg): 1,17 mg\/kg, L-carnitin\u0103 200 mg\/kg , DL-metionin\u0103 pur comercial 1.100 mg\/kg. ADITIVI TEHNOLOGICI: extracte de tocoferol din uleiuri vegetale.<\/p>","protected":false},"excerpt":{"rendered":"<p>Monge BWild Low Grain All Breeds Dog cu carne de gasca - hrana completa si echilibrata pentru caini adulti. Con\u021binutul ridicat de proteine \u200b\u200banimale din carnea de g\u00e2sc\u0103 garanteaz\u0103 o diet\u0103 echilibrat\u0103 care se potrive\u0219te cu instinctul natural al animalelor tale. Re\u021beta este formulat\u0103 cu un nivel sc\u0103zut de cereale \u0219i nu con\u021bine cartofi. Semin\u021bele de in, o surs\u0103 de acizi gra\u0219i omega-3, men\u021bin blana moale \u0219i str\u0103lucitoare. Gustul delicios este sporit \u0219i de fructe (cum ar fi afinele, merisoarele \u0219i zmeura) \u0219i legumele (morcovi), surse naturale de fibre \u0219i minerale. Re\u021beta este \u00eembog\u0103\u021bit\u0103 cu XOS (Xylooligozaharide), cea mai recent\u0103 genera\u021bie de prebiotice care sus\u021bin s\u0103n\u0103tatea intestinal\u0103. Reteta specifica asigura bunastarea animalului si ii respecta instinctul natural. Fara coloranti artificiali sau conservanti.<\/p>","protected":false},"featured_media":12590,"template":"","meta":[],"product_cat":[130],"product_tag":[],"_links":{"self":[{"href":"https:\/\/onlinezooshop.md\/ro\/wp-json\/wp\/v2\/product\/10560"}],"collection":[{"href":"https:\/\/onlinezooshop.md\/ro\/wp-json\/wp\/v2\/product"}],"about":[{"href":"https:\/\/onlinezooshop.md\/ro\/wp-json\/wp\/v2\/types\/product"}],"wp:featuredmedia":[{"embeddable":true,"href":"https:\/\/onlinezooshop.md\/ro\/wp-json\/wp\/v2\/media\/12590"}],"wp:attachment":[{"href":"https:\/\/onlinezooshop.md\/ro\/wp-json\/wp\/v2\/media?parent=10560"}],"wp:term":[{"taxonomy":"product_cat","embeddable":true,"href":"https:\/\/onlinezooshop.md\/ro\/wp-json\/wp\/v2\/product_cat?post=10560"},{"taxonomy":"product_tag","embeddable":true,"href":"https:\/\/onlinezooshop.md\/ro\/wp-json\/wp\/v2\/product_tag?post=10560"}],"curies":[{"name":"wp","href":"https:\/\/api.w.org\/{rel}","templated":true}]}}