{"id":10563,"date":"2021-10-20T14:04:01","date_gmt":"2021-10-20T11:04:01","guid":{"rendered":"https:\/\/onlinezooshop.md\/?post_type=product&#038;p=10563"},"modified":"2025-12-16T16:41:46","modified_gmt":"2025-12-16T13:41:46","slug":"dry-dog-bwild-lg-puppy-deer-25-kg","status":"publish","type":"product","link":"https:\/\/onlinezooshop.md\/ro\/magazin\/dry-dog-bwild-lg-puppy-deer-25-kg\/","title":{"rendered":"Monge DRY DOG BWILD LG PUPPY Deer 2,5 \u043a\u0433"},"content":{"rendered":"<p dir=\"ltr\" data-placeholder=\"\u041f\u0435\u0440\u0435\u0432\u043e\u0434\">Ingrediente: carne uscata de cerb (38%), grasime animala 16% (ulei de pui purificat cu 99,6%), carne proaspata de pui (10%), mazare galbena, tapioca, orez (4%), ovaz (4%), sfecla uscata pulp\u0103, proteine \u200b\u200banimale hidrolizate, minerale, drojdie de bere, ou\u0103 uscate (2%), semin\u021be de in (2%), morcovi uscati (2%), pulp\u0103 de ro\u0219ii uscate, fibre de maz\u0103re, pulp\u0103 de ananas uscat\u0103, pulp\u0103 de mere uscat\u0103, pulp\u0103 de afine uscat\u0103 1 % (echivalent cu 8,6% afine proaspete), pulp\u0103 uscat\u0103 de meri\u0219or 1% (echivalent cu 8,6% afine proaspete), pulp\u0103 uscat\u0103 de zmeur\u0103 1% (echivalent cu 8,6% zmeur\u0103 proasp\u0103t\u0103), xilooligozaharid\u0103 (XOS 0,3%), condroitin sulfat, glucozamin\u0103 produse din drojdie (sursa MOS), spirulina, yucca shidigera.<\/p>\n<p dir=\"ltr\" data-placeholder=\"\u041f\u0435\u0440\u0435\u0432\u043e\u0434\">Ingrediente: Protein\u0103 brut\u0103 31%, fibre brute 2,50%, gr\u0103simi brute 18%, cenu\u0219\u0103 brut\u0103 7,00%, calciu 1,60%, fosfor 1,20%, n-3 acizi gra\u0219i 0,70%, n-6 acizi gra\u0219i 3,00%. Energia metabolic\u0103 (calculat\u0103 ca ap\u0103): 4200 kcal\/kg<\/p>\n<p dir=\"ltr\" data-placeholder=\"\u041f\u0435\u0440\u0435\u0432\u043e\u0434\">Suplimente nutritive\/kg: vitamina A (acetat de retinil): 28000 UI\/kg, vitamina D3: 1700 UI\/kg, vitamina E (alfa-tocoferil-rac alfa): 570 mg\/kg, mangan (sulfat de mangan monohidrat 32 mg\/) kg ): 10,4 mg \/ kg, zinc (oxid de zinc 105 mg \/ kg): 84,3 mg \/ kg, pentahidrat de cupru (sulfat de cupru (II) 13 mg \/ kg): 3,3 mg \/ kg, sulfat feros monohidrat (fier (II) ) 110 mg\/kg): 36,2 mg\/kg, seleniu (selenit de sodiu 0,2 mg\/kg): 0,09 mg\/kg, iod (iodat de calciu anhidru 1,8 mg\/kg): 1,17 mg\/kg, L-carnitin\u0103: 200 mg\/ kg. , DL-metionin\u0103 pur comercial: 1100 mg \/ kg. ADITIVI TEHNOLOGICI: extracte de tocoferol din uleiuri vegetale.<\/p>","protected":false},"excerpt":{"rendered":"<p>DRY DOG BWILD LG PUPPY &amp; Junior cu carne de cerb- hrana completa si echilibrata pentru catei. Con\u021binutul ridicat de proteine \u200b\u200banimale din carnea \u0219i ou\u0103le de ren asigur\u0103 o diet\u0103 echilibrat\u0103 pentru ca puii t\u0103i s\u0103 creasc\u0103 urm\u00e2ndu-le instinctul natural. Reteta este formulata cu cereale slabe* si nu contine cartofi. Semin\u021bele de in, o surs\u0103 de acizi gra\u0219i omega-3, men\u021bin blana moale \u0219i str\u0103lucitoare. Gustul delicios este sporit \u0219i de fructe (cum ar fi afinele, merisoarele \u0219i zmeura) \u0219i legumele (morcovi), surse naturale de fibre \u0219i minerale. Re\u021beta este \u00eembog\u0103\u021bit\u0103 cu XOS (Xylooligozaharide), cea mai recent\u0103 genera\u021bie de prebiotice care sus\u021bin s\u0103n\u0103tatea intestinal\u0103. Reteta specifica asigura bunastarea animalului si ii respecta instinctul natural. Fara coloranti artificiali sau conservanti.<\/p>","protected":false},"featured_media":12591,"template":"","meta":[],"product_cat":[130],"product_tag":[],"_links":{"self":[{"href":"https:\/\/onlinezooshop.md\/ro\/wp-json\/wp\/v2\/product\/10563"}],"collection":[{"href":"https:\/\/onlinezooshop.md\/ro\/wp-json\/wp\/v2\/product"}],"about":[{"href":"https:\/\/onlinezooshop.md\/ro\/wp-json\/wp\/v2\/types\/product"}],"wp:featuredmedia":[{"embeddable":true,"href":"https:\/\/onlinezooshop.md\/ro\/wp-json\/wp\/v2\/media\/12591"}],"wp:attachment":[{"href":"https:\/\/onlinezooshop.md\/ro\/wp-json\/wp\/v2\/media?parent=10563"}],"wp:term":[{"taxonomy":"product_cat","embeddable":true,"href":"https:\/\/onlinezooshop.md\/ro\/wp-json\/wp\/v2\/product_cat?post=10563"},{"taxonomy":"product_tag","embeddable":true,"href":"https:\/\/onlinezooshop.md\/ro\/wp-json\/wp\/v2\/product_tag?post=10563"}],"curies":[{"name":"wp","href":"https:\/\/api.w.org\/{rel}","templated":true}]}}