{"id":10569,"date":"2021-10-20T14:10:40","date_gmt":"2021-10-20T11:10:40","guid":{"rendered":"https:\/\/onlinezooshop.md\/?post_type=product&#038;p=10569"},"modified":"2025-12-17T13:22:06","modified_gmt":"2025-12-17T10:22:06","slug":"dry-dog-ex-small-adult-lamb-rice-potatoes-25-kg","status":"publish","type":"product","link":"https:\/\/onlinezooshop.md\/ro\/magazin\/dry-dog-ex-small-adult-lamb-rice-potatoes-25-kg\/","title":{"rendered":"Monge DRY DOG EX. SMALL ADULT LAMB\/RICE\/POTATOES 2,5 \u043a\u0433"},"content":{"rendered":"<p>Miel (proasp\u0103t 10%, 30% deshidratat), orez, porumb, gr\u0103sime animal\u0103 (99,5% gr\u0103sime \u00een ulei de pui, conservat cu antioxidan\u021bi naturali), pulp\u0103 de sfecl\u0103, concentrat proteic de cartofi, drojdie de bere (surs\u0103 MOS \u0219i vitamina B12), gluten de porumb , proteine \u200b\u200banimale hidrolizate, peste (somon deshidratat), ulei de peste (ulei de somon).<\/p>","protected":false},"excerpt":{"rendered":"<p>DRY DOG EX. SMALL ADULT MIEL \/ OREZ \/ CARTOFI- hrana completa pentru caini adulti foarte mici. Ele garanteaz\u0103 bun\u0103starea c\u00e2inelui t\u0103u cu nutrien\u021bi de foarte \u00eenalt\u0103 calitate. Ingredientul principal este carnea de miel \u0219i este fortificat cu XOS (Xylooligozaharide), cea mai recent\u0103 genera\u021bie de prebiotice care sus\u021bin s\u0103n\u0103tatea intestinal\u0103.<\/p>","protected":false},"featured_media":12596,"template":"","meta":[],"product_cat":[130],"product_tag":[],"_links":{"self":[{"href":"https:\/\/onlinezooshop.md\/ro\/wp-json\/wp\/v2\/product\/10569"}],"collection":[{"href":"https:\/\/onlinezooshop.md\/ro\/wp-json\/wp\/v2\/product"}],"about":[{"href":"https:\/\/onlinezooshop.md\/ro\/wp-json\/wp\/v2\/types\/product"}],"wp:featuredmedia":[{"embeddable":true,"href":"https:\/\/onlinezooshop.md\/ro\/wp-json\/wp\/v2\/media\/12596"}],"wp:attachment":[{"href":"https:\/\/onlinezooshop.md\/ro\/wp-json\/wp\/v2\/media?parent=10569"}],"wp:term":[{"taxonomy":"product_cat","embeddable":true,"href":"https:\/\/onlinezooshop.md\/ro\/wp-json\/wp\/v2\/product_cat?post=10569"},{"taxonomy":"product_tag","embeddable":true,"href":"https:\/\/onlinezooshop.md\/ro\/wp-json\/wp\/v2\/product_tag?post=10569"}],"curies":[{"name":"wp","href":"https:\/\/api.w.org\/{rel}","templated":true}]}}