{"id":10572,"date":"2021-10-20T14:13:30","date_gmt":"2021-10-20T11:13:30","guid":{"rendered":"https:\/\/onlinezooshop.md\/?post_type=product&#038;p=10572"},"modified":"2025-12-17T13:23:48","modified_gmt":"2025-12-17T10:23:48","slug":"dry-dog-ex-small-adult-salmone-rice-800-gr","status":"publish","type":"product","link":"https:\/\/onlinezooshop.md\/ro\/magazin\/dry-dog-ex-small-adult-salmone-rice-800-gr\/","title":{"rendered":"Monge DRY DOG EX. SMALL ADULT SALMONE\/RICE 800 \u0433\u0440"},"content":{"rendered":"<p>Ingrediente: Somon (proasp\u0103t 10%, 30% deshidratat), orez, porumb, gr\u0103sime animal\u0103 (con\u021binut de gr\u0103sime \u00een ulei de pui 99,5%, conservat cu antioxidan\u021bi naturali), pulp\u0103 de sfecl\u0103, concentrat proteic de cartofi, drojdie de bere (surs\u0103 de MOS \u0219i vitamina B12). ), gluten de porumb, proteine \u200b\u200banimale hidrolizate, pe\u0219te (somon deshidratat), ulei de pe\u0219te (ulei de somon), cartilaj hidrolizat (surs\u0103 de sulfat de condroitin), crustacee hidrolizate (surs\u0103 de glucozamin\u0103), metilsulfonilmetan, Xigos \/ kg xylo 3 ), drojdie hidrolizat\u0103 (MOS), yucca shidigera, spirulina, radacina de echinaceea, oregano, usturoi uscat uscat.<\/p>\n<p>Ingrediente: Proteine \u200b\u200bbrute 26,00%, uleiuri \u0219i gr\u0103simi brute 15,00%, fibre brute 2,50%, cenu\u0219\u0103 brut\u0103 5,00%, calciu 1,20%, fosfor 0,80%, acizi gra\u0219i esen\u021biali omega-6 6,40%, acizi gra\u0219i esen\u021biali omega-30%. energie metabolic\u0103 4.130 kcal\/kg.<\/p>\n<p>Aditivi alimentari \/ kg: vitamina A 23000 UI, vitamina D3 1600 UI, vitamina E 200 mg, vitamina B1 10 mg, vitamina B 13 13 mg, vitamina B6 6 mg, vitamina B12 125 mg, biotina 17 mg, niacina 26 mg, vitamina C 180 mg, acid pantotenic 15 mg, acid folic 1,40 mg, clorur\u0103 de colin\u0103 2500 mg, inozitol 3,00 mg, E5 sulfat de mangan monohidrat 35 mg, E6 oxid de zinc 160 mg, E4 sulfat de cupru pentahidrat 13 mg, E1 sulfat feros 11 mg monohidrat E8 Selenit de sodiu 0,22 mg, iodat de calciu E2 1,80 mg, L-carnitin\u0103 105 mg, DL-metionin\u0103 pur\u0103 din punct de vedere tehnic 7,30 g.<br \/>\nAditivi tehnologici: amestec natural de tocoferoli \u0219i extracte de rozmarin medicinal.<br \/>\nAditivi organoleptici: extract natural de castan 20 mg, extract de anghinare 300 mg.<\/p>","protected":false},"excerpt":{"rendered":"<p>O linie special\u0103 de super premium naturale Monge Extra Small cu somon \u0219i orez este o hran\u0103 complet\u0103 pentru c\u00e2inii adul\u021bi de dimensiuni foarte mici.<br \/>\nEle garanteaz\u0103 bun\u0103starea c\u00e2inelui t\u0103u datorit\u0103 nutrien\u021bilor lor de foarte \u00eenalt\u0103 calitate, care sunt rezultatul cercet\u0103rii Made in Italy.<br \/>\nAlimente cu gust bun \u0219i garan\u021bia unei singure proteine: un singur tip de carne.<br \/>\nIngredientul principal este somonul \u0219i este fortificat cu XOS (Xylooligozaharide), cea mai recent\u0103 genera\u021bie de prebiotice care sus\u021bin s\u0103n\u0103tatea intestinal\u0103.<br \/>\nCon\u021bine extract de anghinare, echinaceea, oregano \u0219i usturoi.<br \/>\nCrochetele sunt dimensionate pentru a se potrivi din\u021bilor \u0219i maxilarelor.<\/p>","protected":false},"featured_media":12597,"template":"","meta":[],"product_cat":[130],"product_tag":[],"_links":{"self":[{"href":"https:\/\/onlinezooshop.md\/ro\/wp-json\/wp\/v2\/product\/10572"}],"collection":[{"href":"https:\/\/onlinezooshop.md\/ro\/wp-json\/wp\/v2\/product"}],"about":[{"href":"https:\/\/onlinezooshop.md\/ro\/wp-json\/wp\/v2\/types\/product"}],"wp:featuredmedia":[{"embeddable":true,"href":"https:\/\/onlinezooshop.md\/ro\/wp-json\/wp\/v2\/media\/12597"}],"wp:attachment":[{"href":"https:\/\/onlinezooshop.md\/ro\/wp-json\/wp\/v2\/media?parent=10572"}],"wp:term":[{"taxonomy":"product_cat","embeddable":true,"href":"https:\/\/onlinezooshop.md\/ro\/wp-json\/wp\/v2\/product_cat?post=10572"},{"taxonomy":"product_tag","embeddable":true,"href":"https:\/\/onlinezooshop.md\/ro\/wp-json\/wp\/v2\/product_tag?post=10572"}],"curies":[{"name":"wp","href":"https:\/\/api.w.org\/{rel}","templated":true}]}}