{"id":10573,"date":"2021-10-20T14:16:15","date_gmt":"2021-10-20T11:16:15","guid":{"rendered":"https:\/\/onlinezooshop.md\/?post_type=product&#038;p=10573"},"modified":"2025-12-17T13:20:39","modified_gmt":"2025-12-17T10:20:39","slug":"dry-dog-ex-small-puppy-800-gr","status":"publish","type":"product","link":"https:\/\/onlinezooshop.md\/ro\/magazin\/dry-dog-ex-small-puppy-800-gr\/","title":{"rendered":"Monge DRY DOG EX. SMALL PUPPY 800 \u0433\u0440"},"content":{"rendered":"<p>Pui (proasp\u0103t 10%, deshidratat 32%), orez, porumb, gr\u0103sime animal\u0103 (99,6% gr\u0103sime \u00een ulei de pui, conservat cu antioxidan\u021bi naturali), pulp\u0103 de sfecl\u0103, drojdie de bere (surs\u0103 MOC \u0219i vitamina B12), gluten de porumb, proteine \u200b\u200banimale hidrolizate , fulgi de ovaz (sursa de bre nobila), praf de ou intreg (bogat in proteine \u200b\u200bnobile), sh (somon deshidratat), sh ulei (ulei de somon), XOS (xilo-oligozaharide 3 g\/kg), drojdie hidrolizata (MOS), yucca shidigera, spirulina, cartilaj hidrolizat (sursa de sulfat de condroitina), crustacee hidrolizate (sursa de glucozamina), metilsulfonilmetan, radacina de echinaceea, oregano, usturoi uscat.<\/p>\n<p>Proteine \u200b\u200bbrute 31,00%, uleiuri \u0219i gr\u0103simi brute 18,00%, ulei brut 2,00%, cenu\u0219\u0103 brut\u0103 6,00%, calciu 1,50%, fosfor 1,20%, acizi gra\u0219i esen\u021biali omega-6 7, 00%, acizi gra\u0219i esen\u021biali omega-3, 70% energie metabolic\u0103 4.250 kcal\/kg<\/p>","protected":false},"excerpt":{"rendered":"<p>Monge Superpremium Extra Small Puppy cu pui - hrana completa pentru caini foarte mici.<br \/>\nEle garanteaz\u0103 bun\u0103starea c\u00e2inelui t\u0103u datorit\u0103 nutrien\u021bilor lor de foarte \u00eenalt\u0103 calitate, care sunt rezultatul cercet\u0103rii Made in Italy.<br \/>\nIngredientul principal este carnea de pui \u0219i sunt fortificate cu XOS (Xylooligozaharide), cea mai recent\u0103 genera\u021bie de prebiotice care sus\u021bin s\u0103n\u0103tatea intestinal\u0103.<br \/>\nCon\u021bine extract de anghinare, echinaceea, oregano \u0219i usturoi.<br \/>\nCondroitina, Glucozamina, Calciul \u0219i Fosforul ajut\u0103 la dezvoltarea corect\u0103 a articula\u021biilor \u0219i mu\u0219chilor.<\/p>","protected":false},"featured_media":12598,"template":"","meta":[],"product_cat":[130],"product_tag":[],"_links":{"self":[{"href":"https:\/\/onlinezooshop.md\/ro\/wp-json\/wp\/v2\/product\/10573"}],"collection":[{"href":"https:\/\/onlinezooshop.md\/ro\/wp-json\/wp\/v2\/product"}],"about":[{"href":"https:\/\/onlinezooshop.md\/ro\/wp-json\/wp\/v2\/types\/product"}],"wp:featuredmedia":[{"embeddable":true,"href":"https:\/\/onlinezooshop.md\/ro\/wp-json\/wp\/v2\/media\/12598"}],"wp:attachment":[{"href":"https:\/\/onlinezooshop.md\/ro\/wp-json\/wp\/v2\/media?parent=10573"}],"wp:term":[{"taxonomy":"product_cat","embeddable":true,"href":"https:\/\/onlinezooshop.md\/ro\/wp-json\/wp\/v2\/product_cat?post=10573"},{"taxonomy":"product_tag","embeddable":true,"href":"https:\/\/onlinezooshop.md\/ro\/wp-json\/wp\/v2\/product_tag?post=10573"}],"curies":[{"name":"wp","href":"https:\/\/api.w.org\/{rel}","templated":true}]}}