{"id":10578,"date":"2021-10-20T14:18:45","date_gmt":"2021-10-20T11:18:45","guid":{"rendered":"https:\/\/onlinezooshop.md\/?post_type=product&#038;p=10578"},"modified":"2025-12-17T13:26:42","modified_gmt":"2025-12-17T10:26:42","slug":"dry-dog-maxi-adult-3-kg","status":"publish","type":"product","link":"https:\/\/onlinezooshop.md\/ro\/magazin\/dry-dog-maxi-adult-3-kg\/","title":{"rendered":"Monge DRY DOG MAXI ADULT 3 \u043a\u0433"},"content":{"rendered":"<p>Pui (10% proasp\u0103t, 30% deshidratat), orez, porumb, gr\u0103sime animal\u0103 (99,5% ulei de pui, conservat cu antioxidan\u021bi naturali), pulp\u0103 de sfecl\u0103, drojdie de bere (surs\u0103 MOC \u0219i vitamina B12), gluten de porumb, proteine \u200b\u200banimale hidrolizate, pe\u0219te (somon deshidratat), ulei de pe\u0219te (ulei de somon).<\/p>","protected":false},"excerpt":{"rendered":"<p>MONGE DRY DOG MAXI ADULT \u2013 hrana completa pentru caini de marime maxima. Ele garanteaz\u0103 bun\u0103starea c\u00e2inelui t\u0103u cu nutrien\u021bi de foarte \u00eenalt\u0103 calitate care sunt rezultatul cercet\u0103rilor.<\/p>","protected":false},"featured_media":12599,"template":"","meta":[],"product_cat":[130],"product_tag":[],"_links":{"self":[{"href":"https:\/\/onlinezooshop.md\/ro\/wp-json\/wp\/v2\/product\/10578"}],"collection":[{"href":"https:\/\/onlinezooshop.md\/ro\/wp-json\/wp\/v2\/product"}],"about":[{"href":"https:\/\/onlinezooshop.md\/ro\/wp-json\/wp\/v2\/types\/product"}],"wp:featuredmedia":[{"embeddable":true,"href":"https:\/\/onlinezooshop.md\/ro\/wp-json\/wp\/v2\/media\/12599"}],"wp:attachment":[{"href":"https:\/\/onlinezooshop.md\/ro\/wp-json\/wp\/v2\/media?parent=10578"}],"wp:term":[{"taxonomy":"product_cat","embeddable":true,"href":"https:\/\/onlinezooshop.md\/ro\/wp-json\/wp\/v2\/product_cat?post=10578"},{"taxonomy":"product_tag","embeddable":true,"href":"https:\/\/onlinezooshop.md\/ro\/wp-json\/wp\/v2\/product_tag?post=10578"}],"curies":[{"name":"wp","href":"https:\/\/api.w.org\/{rel}","templated":true}]}}