{"id":10584,"date":"2021-10-20T14:22:56","date_gmt":"2021-10-20T11:22:56","guid":{"rendered":"https:\/\/onlinezooshop.md\/?post_type=product&#038;p=10584"},"modified":"2025-12-17T13:28:18","modified_gmt":"2025-12-17T10:28:18","slug":"dry-dog-maxi-puppy-junior-3-kg","status":"publish","type":"product","link":"https:\/\/onlinezooshop.md\/ro\/magazin\/dry-dog-maxi-puppy-junior-3-kg\/","title":{"rendered":"Monge DRY DOG MAXI PUPPY JUNIOR 3 \u043a\u0433"},"content":{"rendered":"<p>Pui (10% pui proasp\u0103t, 32% pui deshidratat), orez, porumb, gr\u0103sime de pui cu gr\u0103sime animal\u0103 (99,6% ulei, conservat cu antioxidan\u021bi naturali), pulp\u0103 de sfecl\u0103, drojdie (surs\u0103 MOC \u0219i vitamina B12), gluten de porumb, animal hidrolizat proteine, fulgi de ovaz (o sursa de fibre nobile), ou praf intreg (bogat in proteine), peste (somon deshidratat), ulei de peste (ulei de somon)<\/p>","protected":false},"excerpt":{"rendered":"<p>Un produs uscat, foarte nutritiv pentru cre\u0219terea c\u0103\u021beilor mari cu 42% pui, prebiotice naturale, acizi gra\u0219i omega, anghinare, calciu \u0219i fosfor pentru o dezvoltare s\u0103n\u0103toas\u0103.<\/p>","protected":false},"featured_media":12600,"template":"","meta":[],"product_cat":[130],"product_tag":[],"_links":{"self":[{"href":"https:\/\/onlinezooshop.md\/ro\/wp-json\/wp\/v2\/product\/10584"}],"collection":[{"href":"https:\/\/onlinezooshop.md\/ro\/wp-json\/wp\/v2\/product"}],"about":[{"href":"https:\/\/onlinezooshop.md\/ro\/wp-json\/wp\/v2\/types\/product"}],"wp:featuredmedia":[{"embeddable":true,"href":"https:\/\/onlinezooshop.md\/ro\/wp-json\/wp\/v2\/media\/12600"}],"wp:attachment":[{"href":"https:\/\/onlinezooshop.md\/ro\/wp-json\/wp\/v2\/media?parent=10584"}],"wp:term":[{"taxonomy":"product_cat","embeddable":true,"href":"https:\/\/onlinezooshop.md\/ro\/wp-json\/wp\/v2\/product_cat?post=10584"},{"taxonomy":"product_tag","embeddable":true,"href":"https:\/\/onlinezooshop.md\/ro\/wp-json\/wp\/v2\/product_tag?post=10584"}],"curies":[{"name":"wp","href":"https:\/\/api.w.org\/{rel}","templated":true}]}}