{"id":10585,"date":"2021-10-20T14:25:42","date_gmt":"2021-10-20T11:25:42","guid":{"rendered":"https:\/\/onlinezooshop.md\/?post_type=product&#038;p=10585"},"modified":"2025-12-17T13:29:11","modified_gmt":"2025-12-17T10:29:11","slug":"dry-dog-medium-adult-12-kg","status":"publish","type":"product","link":"https:\/\/onlinezooshop.md\/ro\/magazin\/dry-dog-medium-adult-12-kg\/","title":{"rendered":"Monge DRY DOG MEDIUM ADULT 12 \u043a\u0433"},"content":{"rendered":"<p>Ingrediente: pui (proasp\u0103t 10%, 30% deshidratat), orez, porumb, gr\u0103sime animal\u0103 (ulei de pui, 99,5% gr\u0103sime, conservat cu antioxidan\u021bi naturali), pulp\u0103 de sfecl\u0103, drojdie (surs\u0103 MOS de vitamina B12), gluten de porumb, animal hidrolizat pe\u0219te proteic (somon deshidratat), cartilaj hidrolizat (surs\u0103 de condroitin\u0103), crustacee hidrolizate (surs\u0103 de glucozamin\u0103).<\/p>","protected":false},"excerpt":{"rendered":"<p>Hrana uscata de calitate premium, foarte hranitoare pentru cresterea cainilor mijlocii spre mari, cu pui, orez, prebiotice naturale, acizi grasi omega, calciu si fosfor, fara aditivi artificiali.<\/p>","protected":false},"featured_media":12601,"template":"","meta":[],"product_cat":[130],"product_tag":[],"_links":{"self":[{"href":"https:\/\/onlinezooshop.md\/ro\/wp-json\/wp\/v2\/product\/10585"}],"collection":[{"href":"https:\/\/onlinezooshop.md\/ro\/wp-json\/wp\/v2\/product"}],"about":[{"href":"https:\/\/onlinezooshop.md\/ro\/wp-json\/wp\/v2\/types\/product"}],"wp:featuredmedia":[{"embeddable":true,"href":"https:\/\/onlinezooshop.md\/ro\/wp-json\/wp\/v2\/media\/12601"}],"wp:attachment":[{"href":"https:\/\/onlinezooshop.md\/ro\/wp-json\/wp\/v2\/media?parent=10585"}],"wp:term":[{"taxonomy":"product_cat","embeddable":true,"href":"https:\/\/onlinezooshop.md\/ro\/wp-json\/wp\/v2\/product_cat?post=10585"},{"taxonomy":"product_tag","embeddable":true,"href":"https:\/\/onlinezooshop.md\/ro\/wp-json\/wp\/v2\/product_tag?post=10585"}],"curies":[{"name":"wp","href":"https:\/\/api.w.org\/{rel}","templated":true}]}}