{"id":10592,"date":"2021-10-20T14:30:03","date_gmt":"2021-10-20T11:30:03","guid":{"rendered":"https:\/\/onlinezooshop.md\/?post_type=product&#038;p=10592"},"modified":"2025-12-17T13:31:05","modified_gmt":"2025-12-17T10:31:05","slug":"dry-dog-medium-puppyjunior-3-kg","status":"publish","type":"product","link":"https:\/\/onlinezooshop.md\/ro\/magazin\/dry-dog-medium-puppyjunior-3-kg\/","title":{"rendered":"Monge DRY DOG MEDIUM PUPPY&#038;JUNIOR 3 \u043a\u0433"},"content":{"rendered":"<p>Valoare nutri\u021bional\u0103: proteine \u200b\u200bbrute 29,00%, uleiuri \u0219i gr\u0103simi brute 18,00%, fibre brute 2,00%, cenu\u0219\u0103 brut\u0103 7,50%, calciu 1,50%, fosfor 1,00%, acizi gra\u0219i omega-6 5,20%, acizi gra\u0219i omega-30,80%. Aditivi alimentari \/ kg: vitamina A 26000 UI, vitamina D3.<\/p>\n<p>Ingrediente: pui (32% deshidratat \u0219i 10% carne proasp\u0103t\u0103), orez, porumb, gr\u0103sime animal\u0103 (99,5% gr\u0103sime de pui, conservat\u0103 cu antioxidan\u021bi naturali), pulp\u0103 uscat\u0103 de sfecl\u0103, drojdie de bere (surs\u0103 de MOC \u0219i vitamina B12), f\u0103in\u0103 de gluten de porumb , protein\u0103 animal\u0103 hidrolizat\u0103, ov\u0103z (o surs\u0103 de fibre alimentare valoroase), ou\u0103 \u00eentregi uscate (bogate \u00een proteine \u200b\u200bvaloroase), pe\u0219te (somon deshidratat), ulei de pe\u0219te (ulei de somon)<\/p>","protected":false},"excerpt":{"rendered":"<p>Monge Dog Medium hrana pentru catei de rase mijlocii 12 kg. Hrana completa pentru caini pe baza de pui si orez. Recomandat pentru catelusii de talie medie si cainii tineri cu varsta de pana la 12 luni, precum si pentru femelele gestante si care alapteaza.<\/p>","protected":false},"featured_media":12602,"template":"","meta":[],"product_cat":[130],"product_tag":[],"_links":{"self":[{"href":"https:\/\/onlinezooshop.md\/ro\/wp-json\/wp\/v2\/product\/10592"}],"collection":[{"href":"https:\/\/onlinezooshop.md\/ro\/wp-json\/wp\/v2\/product"}],"about":[{"href":"https:\/\/onlinezooshop.md\/ro\/wp-json\/wp\/v2\/types\/product"}],"wp:featuredmedia":[{"embeddable":true,"href":"https:\/\/onlinezooshop.md\/ro\/wp-json\/wp\/v2\/media\/12602"}],"wp:attachment":[{"href":"https:\/\/onlinezooshop.md\/ro\/wp-json\/wp\/v2\/media?parent=10592"}],"wp:term":[{"taxonomy":"product_cat","embeddable":true,"href":"https:\/\/onlinezooshop.md\/ro\/wp-json\/wp\/v2\/product_cat?post=10592"},{"taxonomy":"product_tag","embeddable":true,"href":"https:\/\/onlinezooshop.md\/ro\/wp-json\/wp\/v2\/product_tag?post=10592"}],"curies":[{"name":"wp","href":"https:\/\/api.w.org\/{rel}","templated":true}]}}