{"id":10596,"date":"2021-10-20T14:35:02","date_gmt":"2021-10-20T11:35:02","guid":{"rendered":"https:\/\/onlinezooshop.md\/?post_type=product&#038;p=10596"},"modified":"2025-12-17T13:25:17","modified_gmt":"2025-12-17T10:25:17","slug":"dry-dog-mini-adult-800-gr","status":"publish","type":"product","link":"https:\/\/onlinezooshop.md\/ro\/magazin\/dry-dog-mini-adult-800-gr\/","title":{"rendered":"Monge DRY DOG MINI ADULT 800 \u0433\u0440"},"content":{"rendered":"<p>Ingrediente: carne de pui (min.26% deshidratata, min.10% proaspata), orez brun (26%), porumb, ulei de pui, pulpa de sfecla, drojdie de bere, gluten de porumb, proteina hidrolizata din ficat de pui, faina de somon, ulei de somon, vitamine, minerale, clorura de colina, condroitina, glucozamina, MSM, DL-metionina, extract de castan, drojdie hidrolizata (manano-oligozaharide MOS), fructooligozaharide FOS, Schidigera yucca, spirulina, vitamina E, vitamina C, L-carnitina. Analiz\u0103 asigurat\u0103: Proteine \u200b\u200bbrute 26,00%, Uleiuri \u0219i gr\u0103simi brute 14,00%, Fibre brute 2,50%, Cenu\u0219\u0103 brut\u0103 6,00%, Calciu 1,20%, Fosfor 0,80%, Acizi gra\u0219i Omega-6 6,40%, Acizi gra\u0219i Omega-3,70%.<\/p>","protected":false},"excerpt":{"rendered":"<p>Hrana completa pentru caini pe baza de pui si orez. Special formulat pentru hr\u0103nirea zilnic\u0103 a c\u00e2inilor adul\u021bi de talie mic\u0103 cu activitate fizic\u0103 normal\u0103. Sfaturi de hr\u0103nire: M\u00e2ncarea poate fi servit\u0103 uscat\u0103 sau \u00eenmuiat\u0103 \u00een ap\u0103 cald\u0103. Aloca\u021bia zilnic\u0103 poate varia \u00een func\u021bie de nevoile individuale ale animalului.<\/p>","protected":false},"featured_media":12603,"template":"","meta":[],"product_cat":[130],"product_tag":[],"_links":{"self":[{"href":"https:\/\/onlinezooshop.md\/ro\/wp-json\/wp\/v2\/product\/10596"}],"collection":[{"href":"https:\/\/onlinezooshop.md\/ro\/wp-json\/wp\/v2\/product"}],"about":[{"href":"https:\/\/onlinezooshop.md\/ro\/wp-json\/wp\/v2\/types\/product"}],"wp:featuredmedia":[{"embeddable":true,"href":"https:\/\/onlinezooshop.md\/ro\/wp-json\/wp\/v2\/media\/12603"}],"wp:attachment":[{"href":"https:\/\/onlinezooshop.md\/ro\/wp-json\/wp\/v2\/media?parent=10596"}],"wp:term":[{"taxonomy":"product_cat","embeddable":true,"href":"https:\/\/onlinezooshop.md\/ro\/wp-json\/wp\/v2\/product_cat?post=10596"},{"taxonomy":"product_tag","embeddable":true,"href":"https:\/\/onlinezooshop.md\/ro\/wp-json\/wp\/v2\/product_tag?post=10596"}],"curies":[{"name":"wp","href":"https:\/\/api.w.org\/{rel}","templated":true}]}}